{"id":8239,"date":"2026-03-24T16:24:49","date_gmt":"2026-03-24T15:24:49","guid":{"rendered":"https:\/\/audiowo.com\/product\/apraides-licence-neierobezota-muzika\/"},"modified":"2026-03-24T16:24:49","modified_gmt":"2026-03-24T15:24:49","slug":"apraides-licence-neierobezota-muzika","status":"publish","type":"product","link":"https:\/\/audiowo.com\/lv\/products\/apraides-licence-neierobezota-muzika\/","title":{"rendered":"Apraides licence. Neierobe\u017eota m\u016bzika"},"content":{"rendered":"<p>Apraides licence ir paredz\u0113ta profesion\u0101lai produc\u0113\u0161anai, tostarp TV, film\u0101m, radio un liela m\u0113roga mediju projektiem.<\/p>\n<p>Piek\u013c\u016bstiet augst\u0101k\u0101s kvalit\u0101tes m\u016bzikai, kas piem\u0113rota kino, apraides un komerci\u0101lai lieto\u0161anai, ar piln\u012bgu licenc\u0113\u0161anas skaidr\u012bbu un elast\u012bbu.<\/p>\n<p>\u2714 Izmanto\u0161anai TV, filmu un radio produc\u0113\u0161an\u0101<br \/>\n\u2714 Augstas kvalit\u0101tes, profesion\u0101li ska\u0146darbi<br \/>\n\u2714 Piem\u0113rots komerci\u0101lai izplat\u012b\u0161anai<br \/>\n\u2714 Uzticama un skaidra licenc\u0113\u0161ana<\/p>\n<p>Piln\u012bgs risin\u0101jums producentiem, a\u0123ent\u016br\u0101m un apraides veic\u0113jiem.<\/p>\n","protected":false},"excerpt":{"rendered":"<p>Profesion\u0101la m\u016bzika TV, film\u0101m un radio. Augstas kvalit\u0101tes ska\u0146darbi ar skaidru licenc\u0113\u0161anu apraides vajadz\u012bb\u0101m. <\/p>\n","protected":false},"featured_media":364,"comment_status":"closed","ping_status":"closed","template":"","meta":{"_acf_changed":false},"product_brand":[],"product_cat":[215],"product_tag":[],"class_list":{"0":"post-8239","1":"product","2":"type-product","3":"status-publish","4":"has-post-thumbnail","6":"product_cat-abonementi","8":"first","9":"instock","10":"taxable","11":"shipping-taxable","12":"purchasable","13":"product-type-subscription"},"acf":[],"_links":{"self":[{"href":"https:\/\/audiowo.com\/lv\/wp-json\/wp\/v2\/product\/8239","targetHints":{"allow":["GET"]}}],"collection":[{"href":"https:\/\/audiowo.com\/lv\/wp-json\/wp\/v2\/product"}],"about":[{"href":"https:\/\/audiowo.com\/lv\/wp-json\/wp\/v2\/types\/product"}],"replies":[{"embeddable":true,"href":"https:\/\/audiowo.com\/lv\/wp-json\/wp\/v2\/comments?post=8239"}],"version-history":[{"count":0,"href":"https:\/\/audiowo.com\/lv\/wp-json\/wp\/v2\/product\/8239\/revisions"}],"wp:featuredmedia":[{"embeddable":true,"href":"https:\/\/audiowo.com\/lv\/wp-json\/wp\/v2\/media\/364"}],"wp:attachment":[{"href":"https:\/\/audiowo.com\/lv\/wp-json\/wp\/v2\/media?parent=8239"}],"wp:term":[{"taxonomy":"product_brand","embeddable":true,"href":"https:\/\/audiowo.com\/lv\/wp-json\/wp\/v2\/product_brand?post=8239"},{"taxonomy":"product_cat","embeddable":true,"href":"https:\/\/audiowo.com\/lv\/wp-json\/wp\/v2\/product_cat?post=8239"},{"taxonomy":"product_tag","embeddable":true,"href":"https:\/\/audiowo.com\/lv\/wp-json\/wp\/v2\/product_tag?post=8239"}],"curies":[{"name":"wp","href":"https:\/\/api.w.org\/{rel}","templated":true}]}}