{"id":8090,"date":"2026-04-08T13:05:41","date_gmt":"2026-04-08T11:05:41","guid":{"rendered":"https:\/\/audiowo.com\/skreddersydd\/"},"modified":"2026-04-09T16:25:17","modified_gmt":"2026-04-09T14:25:17","slug":"skreddersydd","status":"publish","type":"page","link":"https:\/\/audiowo.com\/no\/skreddersydd\/","title":{"rendered":"Skreddersydd"},"content":{"rendered":"\t\t<div data-elementor-type=\"wp-page\" data-elementor-id=\"8090\" class=\"elementor elementor-8090 elementor-5263\" data-elementor-post-type=\"page\">\n\t\t\t\t<div class=\"elementor-element elementor-element-7afe304 e-flex e-con-boxed e-con e-parent\" data-id=\"7afe304\" data-element_type=\"container\" data-e-type=\"container\">\n\t\t\t\t\t<div class=\"e-con-inner\">\n\t\t\t\t<div class=\"elementor-element elementor-element-d711f11 elementor-widget elementor-widget-heading\" data-id=\"d711f11\" data-element_type=\"widget\" data-e-type=\"widget\" data-widget_type=\"heading.default\">\n\t\t\t\t\t<h1 class=\"elementor-heading-title elementor-size-default\">Skreddersydde musikkspor<\/h1>\t\t\t\t<\/div>\n\t\t\t\t\t<\/div>\n\t\t\t\t<\/div>\n\t\t<div class=\"elementor-element elementor-element-b3a24c1 e-flex e-con-boxed e-con e-parent\" data-id=\"b3a24c1\" data-element_type=\"container\" data-e-type=\"container\">\n\t\t\t\t\t<div class=\"e-con-inner\">\n\t\t\t\t<div class=\"elementor-element elementor-element-958aea1 elementor-widget elementor-widget-heading\" data-id=\"958aea1\" data-element_type=\"widget\" data-e-type=\"widget\" data-widget_type=\"heading.default\">\n\t\t\t\t\t<h3 class=\"elementor-heading-title elementor-size-default\">Tilpasset din visjon og merkevare<\/h3>\t\t\t\t<\/div>\n\t\t\t\t\t<\/div>\n\t\t\t\t<\/div>\n\t\t<div class=\"elementor-element elementor-element-11b1652 e-flex e-con-boxed e-con e-parent\" data-id=\"11b1652\" data-element_type=\"container\" data-e-type=\"container\">\n\t\t\t\t\t<div class=\"e-con-inner\">\n\t\t<div class=\"elementor-element elementor-element-dedd173 e-con-full e-flex e-con e-child\" data-id=\"dedd173\" data-element_type=\"container\" data-e-type=\"container\">\n\t\t\t\t<div class=\"elementor-element elementor-element-f6ccb80 elementor-widget elementor-widget-text-editor\" data-id=\"f6ccb80\" data-element_type=\"widget\" data-e-type=\"widget\" data-widget_type=\"text-editor.default\">\n\t\t\t\t\t\t\t\t\t<h3 data-section-id=\"yc8960\" data-start=\"398\" data-end=\"445\">Skreddersydd musikk<\/h3><p data-start=\"447\" data-end=\"686\">Leter du etter et unikt musikkspor som passer perfekt til din id\u00e9, merkevare eller prosjekt? Hos Audiowo lages hvert spor skreddersydd fra bunnen av av ghost producer Don Fidelis, noe som sikrer originalitet, kvalitet og en lyd som virkelig skiller seg ut. <\/p><p data-start=\"688\" data-end=\"705\">Enten du trenger:<\/p><ul data-start=\"706\" data-end=\"946\"><li data-section-id=\"1jk1log\" data-start=\"706\" data-end=\"774\">En spesifikk sjanger (EDM, pop, hip-hop, cinematic, ambient, etc.)<\/li><li data-section-id=\"z43kc4\" data-start=\"775\" data-end=\"807\">Et fullstendig instrumentalt spor<\/li><li data-section-id=\"19ebevm\" data-start=\"808\" data-end=\"835\">Mannlig eller kvinnelig vokal<\/li><li data-section-id=\"xa32kv\" data-start=\"836\" data-end=\"894\">Musikk for merkevarebygging, annonsering eller bedriftsidentitet<\/li><li data-section-id=\"16sjc85\" data-start=\"895\" data-end=\"946\">Eller et spor basert p\u00e5 et spesifikt tema eller en historie<\/li><li data-section-id=\"16sjc85\" data-start=\"895\" data-end=\"946\">P\u00e5 hvilket som helst spr\u00e5k<\/li><\/ul><p data-start=\"948\" data-end=\"1007\">Nesten ethvert rimelig konsept kan oversettes til musikk.<\/p><h4 data-section-id=\"10gtqvy\" data-start=\"1009\" data-end=\"1039\">Drevet av erfaring + AI<\/h4><p data-start=\"1041\" data-end=\"1161\">Med mange \u00e5rs produksjonserfaring integrerer Don Fidelis n\u00e5 avanserte AI-verkt\u00f8y i arbeidsflyten. Dette gir: <\/p><ul data-start=\"1162\" data-end=\"1265\"><li data-section-id=\"ngut33\" data-start=\"1162\" data-end=\"1190\">Raskere produksjonssykluser<\/li><li data-section-id=\"1gsr04c\" data-start=\"1191\" data-end=\"1223\">St\u00f8rre kreativ fleksibilitet<\/li><li data-section-id=\"18f8q\" data-start=\"1224\" data-end=\"1265\">Mer raffinert og variert lyddesign<\/li><\/ul><p data-start=\"1267\" data-end=\"1366\">Resultatet: musikk av h\u00f8yere kvalitet, levert effektivt, uten \u00e5 g\u00e5 p\u00e5 kompromiss med kunstnerisk kontroll.<\/p><h4 data-section-id=\"u4dr43\" data-start=\"1368\" data-end=\"1398\">Profesjonell lydkvalitet<\/h4><p data-start=\"1400\" data-end=\"1471\">Hvert spor er profesjonelt mikset og mastret til bransjestandarder:<\/p><ul data-start=\"1472\" data-end=\"1529\"><li data-section-id=\"lf88k\" data-start=\"1472\" data-end=\"1500\">Integrert LUFS: ~12<\/li><li data-section-id=\"1xy6v74\" data-start=\"1501\" data-end=\"1529\">Korttids-LUFS: ~10<\/li><\/ul><p data-start=\"1531\" data-end=\"1615\">Dette sikrer at musikken din l\u00e5ter kraftfull, klar og konsistent p\u00e5 tvers av alle plattformer.<\/p><h4 data-section-id=\"nq0mmo\" data-start=\"1617\" data-end=\"1645\">Hvorfor velge skreddersydd musikk?<\/h4><ul data-start=\"1647\" data-end=\"1849\"><li data-section-id=\"sf6ua5\" data-start=\"1647\" data-end=\"1693\">100 % unik \u2013 ingen standard- eller resirkulert innhold<\/li><li data-section-id=\"vuf1xl\" data-start=\"1694\" data-end=\"1746\">Fullt ut tilpasset din visjon eller merkevareidentitet<\/li><li data-section-id=\"1mos9vp\" data-start=\"1747\" data-end=\"1784\">Fleksibel p\u00e5 tvers av sjangre og stiler<\/li><li data-section-id=\"1c7ouvu\" data-start=\"1785\" data-end=\"1849\">Egnet for kommersiell bruk, markedsf\u00f8ring eller personlige prosjekter<\/li><\/ul>\t\t\t\t\t\t\t\t<\/div>\n\t\t\t\t<\/div>\n\t\t<div class=\"elementor-element elementor-element-435755d e-con-full e-flex e-con e-child\" data-id=\"435755d\" data-element_type=\"container\" data-e-type=\"container\">\n\t\t\t\t<div class=\"elementor-element elementor-element-625eccd elementor-grid-1 elementor-product-loop-item--align-center elementor-grid-tablet-3 elementor-grid-mobile-2 elementor-products-grid elementor-wc-products elementor-widget elementor-widget-woocommerce-products\" data-id=\"625eccd\" data-element_type=\"widget\" data-e-type=\"widget\" data-widget_type=\"woocommerce-products.default\">\n\t\t\t\t<div class=\"elementor-widget-container\">\n\t\t\t\t\t<div class=\"woocommerce columns-1 \"><ul class=\"products elementor-grid columns-1\">\n<li class=\"product type-product post-8209 status-publish first instock product_cat-ukategorisert has-post-thumbnail taxable shipping-taxable purchasable product-type-simple\">\n\t<a href=\"https:\/\/audiowo.com\/no\/produkt\/skreddersydd-musikkspor\/\" class=\"woocommerce-LoopProduct-link woocommerce-loop-product__link\"><img fetchpriority=\"high\" decoding=\"async\" width=\"300\" height=\"300\" src=\"https:\/\/audiowo.com\/wp-content\/uploads\/2026\/04\/Custom-made-music-track-Audiowo-Don-Fidelis-300x300.webp\" class=\"attachment-woocommerce_thumbnail size-woocommerce_thumbnail\" alt=\"Custom made music track - Audiowo - Don Fidelis\" srcset=\"https:\/\/audiowo.com\/wp-content\/uploads\/2026\/04\/Custom-made-music-track-Audiowo-Don-Fidelis-300x300.webp 300w, https:\/\/audiowo.com\/wp-content\/uploads\/2026\/04\/Custom-made-music-track-Audiowo-Don-Fidelis-150x150.webp 150w, https:\/\/audiowo.com\/wp-content\/uploads\/2026\/04\/Custom-made-music-track-Audiowo-Don-Fidelis-768x768.webp 768w, https:\/\/audiowo.com\/wp-content\/uploads\/2026\/04\/Custom-made-music-track-Audiowo-Don-Fidelis-600x600.webp 600w, https:\/\/audiowo.com\/wp-content\/uploads\/2026\/04\/Custom-made-music-track-Audiowo-Don-Fidelis-100x100.webp 100w, https:\/\/audiowo.com\/wp-content\/uploads\/2026\/04\/Custom-made-music-track-Audiowo-Don-Fidelis.webp 800w\" sizes=\"(max-width: 300px) 100vw, 300px\" \/><h2 class=\"woocommerce-loop-product__title\">Skreddersydd musikkspor<\/h2>\n\t<span class=\"price\"><span class=\"woocommerce-Price-amount amount\"><bdi>300,00&nbsp;<span class=\"woocommerce-Price-currencySymbol\">&euro;<\/span><\/bdi><\/span><\/span>\n<\/a><a href=\"\/no\/wp-json\/wp\/v2\/pages\/8090?add-to-cart=8209\" aria-describedby=\"woocommerce_loop_add_to_cart_link_describedby_8209\" data-quantity=\"1\" class=\"button product_type_simple add_to_cart_button ajax_add_to_cart\" data-product_id=\"8209\" data-product_sku=\"\" aria-label=\"Legg i handlekurv: \u00abSkreddersydd musikkspor\u00bb\" rel=\"nofollow\" data-success_message=\"\u00abSkreddersydd musikkspor\u00bb har blitt lagt til i handlekurven\" role=\"button\">Legg i handlekurv<\/a>\t<span id=\"woocommerce_loop_add_to_cart_link_describedby_8209\" class=\"screen-reader-text\">\n\t\t\t<\/span>\n<\/li>\n<\/ul>\n<\/div>\t\t\t\t<\/div>\n\t\t\t\t<\/div>\n\t\t\t\t<\/div>\n\t\t\t\t\t<\/div>\n\t\t\t\t<\/div>\n\t\t\t\t<\/div>\n\t\t","protected":false},"excerpt":{"rendered":"<p>Skreddersydde musikkspor Tilpasset din visjon og merkevare Skreddersydd musikk Leter du etter et unikt musikkspor som passer perfekt til din id\u00e9, merkevare eller prosjekt? Hos Audiowo lages hvert spor skreddersydd fra bunnen av av ghost producer Don Fidelis, noe som sikrer originalitet, kvalitet og en lyd som virkelig skiller seg ut. Enten du trenger: En [&hellip;]<\/p>\n","protected":false},"author":1,"featured_media":0,"parent":0,"menu_order":0,"comment_status":"closed","ping_status":"closed","template":"elementor_header_footer","meta":{"_acf_changed":false,"footnotes":""},"class_list":["post-8090","page","type-page","status-publish","hentry"],"acf":[],"_links":{"self":[{"href":"https:\/\/audiowo.com\/no\/wp-json\/wp\/v2\/pages\/8090","targetHints":{"allow":["GET"]}}],"collection":[{"href":"https:\/\/audiowo.com\/no\/wp-json\/wp\/v2\/pages"}],"about":[{"href":"https:\/\/audiowo.com\/no\/wp-json\/wp\/v2\/types\/page"}],"author":[{"embeddable":true,"href":"https:\/\/audiowo.com\/no\/wp-json\/wp\/v2\/users\/1"}],"replies":[{"embeddable":true,"href":"https:\/\/audiowo.com\/no\/wp-json\/wp\/v2\/comments?post=8090"}],"version-history":[{"count":0,"href":"https:\/\/audiowo.com\/no\/wp-json\/wp\/v2\/pages\/8090\/revisions"}],"wp:attachment":[{"href":"https:\/\/audiowo.com\/no\/wp-json\/wp\/v2\/media?parent=8090"}],"curies":[{"name":"wp","href":"https:\/\/api.w.org\/{rel}","templated":true}]}}