{"id":8346,"date":"2026-02-08T13:37:11","date_gmt":"2026-02-08T12:37:11","guid":{"rendered":"https:\/\/audiowo.com\/retningslinjer-for-informasjonskapsler\/"},"modified":"2026-04-09T17:31:30","modified_gmt":"2026-04-09T15:31:30","slug":"retningslinjer-for-informasjonskapsler","status":"publish","type":"page","link":"https:\/\/audiowo.com\/no\/juridisk\/retningslinjer-for-informasjonskapsler\/","title":{"rendered":"Retningslinjer for informasjonskapsler"},"content":{"rendered":"\t\t<div data-elementor-type=\"wp-page\" data-elementor-id=\"8346\" class=\"elementor elementor-8346 elementor-92\" data-elementor-post-type=\"page\">\n\t\t\t\t<div class=\"elementor-element elementor-element-dc914a3 e-flex e-con-boxed e-con e-parent\" data-id=\"dc914a3\" data-element_type=\"container\" data-e-type=\"container\">\n\t\t\t\t\t<div class=\"e-con-inner\">\n\t\t\t\t<div class=\"elementor-element elementor-element-70d2002 elementor-widget elementor-widget-heading\" data-id=\"70d2002\" data-element_type=\"widget\" data-e-type=\"widget\" data-widget_type=\"heading.default\">\n\t\t\t\t\t<h1 class=\"elementor-heading-title elementor-size-default\">Retningslinjer for informasjonskapsler<\/h1>\t\t\t\t<\/div>\n\t\t\t\t\t<\/div>\n\t\t\t\t<\/div>\n\t\t<div class=\"elementor-element elementor-element-6892fd4 e-flex e-con-boxed e-con e-parent\" data-id=\"6892fd4\" data-element_type=\"container\" data-e-type=\"container\">\n\t\t\t\t\t<div class=\"e-con-inner\">\n\t\t\t\t\t\t\t<h4 \n\t\tdata-interaction-id=\"4c760cc\" \n\t\tclass=\"e-heading-base\" \n\t\t \n\t\tdata-e-type=\"widget\" data-id=\"4c760cc\"\n\t>\n\t\n\t\t\tRetningslinjer for informasjonskapsler\n\t\t<\/h4>\n\t\t\t\t\t<\/div>\n\t\t\t\t<\/div>\n\t\t<div class=\"elementor-element elementor-element-8bed17a e-flex e-con-boxed e-con e-parent\" data-id=\"8bed17a\" data-element_type=\"container\" data-e-type=\"container\">\n\t\t\t\t\t<div class=\"e-con-inner\">\n\t\t\t\t\t\t\t\t<p class=\"e-paragraph-base\" data-interaction-id=\"95adcc4\"  data-e-type=\"widget\" data-id=\"95adcc4\">\n\t\t\t\t\t\t\t\tDisse retningslinjene for informasjonskapsler forklarer hva informasjonskapsler er, hvilke typer vi bruker p\u00e5 dette nettstedet, og hvordan du kan administrere innstillingene dine.\n\t\t\t\t\t<\/p>\n\t\t\t\t\t<\/div>\n\t\t\t\t<\/div>\n\t\t<div class=\"elementor-element elementor-element-cade8ea e-flex e-con-boxed e-con e-parent\" data-id=\"cade8ea\" data-element_type=\"container\" data-e-type=\"container\">\n\t\t\t\t\t<div class=\"e-con-inner\">\n\t\t\t\t\t\t\t<h4 \n\t\tdata-interaction-id=\"c7aaebc\" \n\t\tclass=\"e-heading-base\" \n\t\t \n\t\tdata-e-type=\"widget\" data-id=\"c7aaebc\"\n\t>\n\t\n\t\t\t1. Hva er informasjonskapsler?\n\t\t<\/h4>\n\t\t\t\t\t<\/div>\n\t\t\t\t<\/div>\n\t\t<div class=\"elementor-element elementor-element-0e05939 e-flex e-con-boxed e-con e-parent\" data-id=\"0e05939\" data-element_type=\"container\" data-e-type=\"container\">\n\t\t\t\t\t<div class=\"e-con-inner\">\n\t\t\t\t\t\t\t\t<p class=\"e-paragraph-base\" data-interaction-id=\"d4152fe\"  data-e-type=\"widget\" data-id=\"d4152fe\">\n\t\t\t\t\t\t\t\tInformasjonskapsler er sm\u00e5 tekstfiler som lagres p\u00e5 enheten din n\u00e5r du bes\u00f8ker et nettsted. De bidrar til at nettstedet fungerer korrekt, husker innstillinger og (hvis aktivert) gir bruksstatistikk. \n\t\t\t\t\t<\/p>\n\t\t\t\t\t<\/div>\n\t\t\t\t<\/div>\n\t\t<div class=\"elementor-element elementor-element-612e260 e-flex e-con-boxed e-con e-parent\" data-id=\"612e260\" data-element_type=\"container\" data-e-type=\"container\">\n\t\t\t\t\t<div class=\"e-con-inner\">\n\t\t\t\t\t\t\t<h4 \n\t\tdata-interaction-id=\"18116a3\" \n\t\tclass=\"e-heading-base\" \n\t\t \n\t\tdata-e-type=\"widget\" data-id=\"18116a3\"\n\t>\n\t\n\t\t\t2. Hvem kontrollerer informasjonskapsler p\u00e5 dette nettstedet?\n\t\t<\/h4>\n\t\t\t\t\t<\/div>\n\t\t\t\t<\/div>\n\t\t<div class=\"elementor-element elementor-element-4c31965 e-flex e-con-boxed e-con e-parent\" data-id=\"4c31965\" data-element_type=\"container\" data-e-type=\"container\">\n\t\t\t\t\t<div class=\"e-con-inner\">\n\t\t\t\t\t\t\t\t<p class=\"e-paragraph-base\" data-interaction-id=\"1ff8fc0\"  data-e-type=\"widget\" data-id=\"1ff8fc0\">\n\t\t\t\t\t\t\t\tDette nettstedet drives av: <strong>Fidelis Marketing Group S.L.<\/strong><br>Merker: <strong>audiowo.com<\/strong> og <strong>escuchargratis.es<\/strong><br>(\u00abvi\u00bb, \u00aboss\u00bb)<br>For detaljer om behandling av personopplysninger, vennligst se v\u00e5r <strong>personvernerkl\u00e6ring<\/strong>.\n\t\t\t\t\t<\/p>\n\t\t\t\t\t<\/div>\n\t\t\t\t<\/div>\n\t\t<div class=\"elementor-element elementor-element-cbb0dc9 e-flex e-con-boxed e-con e-parent\" data-id=\"cbb0dc9\" data-element_type=\"container\" data-e-type=\"container\">\n\t\t\t\t\t<div class=\"e-con-inner\">\n\t\t\t\t\t\t\t<h4 \n\t\tdata-interaction-id=\"4a85d0a\" \n\t\tclass=\"e-heading-base\" \n\t\t \n\t\tdata-e-type=\"widget\" data-id=\"4a85d0a\"\n\t>\n\t\n\t\t\t3. Informasjonskapsler vi bruker\n\t\t<\/h4>\n\t\t\t\t\t<\/div>\n\t\t\t\t<\/div>\n\t\t<div class=\"elementor-element elementor-element-9fad0bb e-flex e-con-boxed e-con e-parent\" data-id=\"9fad0bb\" data-element_type=\"container\" data-e-type=\"container\">\n\t\t\t\t\t<div class=\"e-con-inner\">\n\t\t\t\t\t\t\t\t<p class=\"e-paragraph-base\" data-interaction-id=\"fa73191\"  data-e-type=\"widget\" data-id=\"fa73191\">\n\t\t\t\t\t\t\t\t3.1 N\u00f8dvendige informasjonskapsler (alltid p\u00e5)Disse informasjonskapslene er n\u00f8dvendige for grunnleggende nettstedsfunksjonalitet og tjenestelevering (f.eks. sikkerhet, grunnleggende navigasjon, \u00f8kth\u00e5ndtering, tekniske innstillinger).<br><strong>De krever ikke samtykke<\/strong>.<br>Eksempler (kan variere avhengig av konfigurasjon): \u00d8kt-\/autentiseringsinformasjonskapsler, sikkerhetsinformasjonskapsler, essensielle tekniske informasjonskapsler\n\t\t\t\t\t<\/p>\n\t\t\t\t\t<\/div>\n\t\t\t\t<\/div>\n\t\t<div class=\"elementor-element elementor-element-4242391 e-flex e-con-boxed e-con e-parent\" data-id=\"4242391\" data-element_type=\"container\" data-e-type=\"container\">\n\t\t\t\t\t<div class=\"e-con-inner\">\n\t\t\t\t\t\t\t<h4 \n\t\tdata-interaction-id=\"1eaeeae\" \n\t\tclass=\"e-heading-base\" \n\t\t \n\t\tdata-e-type=\"widget\" data-id=\"1eaeeae\"\n\t>\n\t\n\t\t\t3.2 Analytiske informasjonskapsler (kun med samtykke)\n\t\t<\/h4>\n\t\t\t\t\t<\/div>\n\t\t\t\t<\/div>\n\t\t<div class=\"elementor-element elementor-element-7996d7e e-flex e-con-boxed e-con e-parent\" data-id=\"7996d7e\" data-element_type=\"container\" data-e-type=\"container\">\n\t\t\t\t\t<div class=\"e-con-inner\">\n\t\t\t\t\t\t\t\t<p class=\"e-paragraph-base\" data-interaction-id=\"d74dc8a\"  data-e-type=\"widget\" data-id=\"d74dc8a\">\n\t\t\t\t\t\t\t\tDisse informasjonskapslene hjelper oss med \u00e5 forst\u00e5 hvordan bes\u00f8kende bruker nettstedet (f.eks. bes\u00f8kte sider, tid p\u00e5 nettstedet, henvisere) slik at vi kan forbedre ytelse og brukervennlighet.<br><strong>Analytiske informasjonskapsler aktiveres kun etter at du har gitt samtykke<\/strong> via informasjonskapselbaneret v\u00e5rt. Hvis du avviser analyse, vil nettstedet fortsatt fungere normalt, og tilgang til tjenestene v\u00e5re p\u00e5virkes ikke.\n\t\t\t\t\t<\/p>\n\t\t\t\t\t<\/div>\n\t\t\t\t<\/div>\n\t\t<div class=\"elementor-element elementor-element-43f445b e-flex e-con-boxed e-con e-parent\" data-id=\"43f445b\" data-element_type=\"container\" data-e-type=\"container\">\n\t\t\t\t\t<div class=\"e-con-inner\">\n\t\t\t\t\t\t\t<h4 \n\t\tdata-interaction-id=\"33f6233\" \n\t\tclass=\"e-heading-base\" \n\t\t \n\t\tdata-e-type=\"widget\" data-id=\"33f6233\"\n\t>\n\t\n\t\t\t4. Hvordan vi h\u00e5ndterer samtykke\n\t\t<\/h4>\n\t\t\t\t\t<\/div>\n\t\t\t\t<\/div>\n\t\t<div class=\"elementor-element elementor-element-7902b33 e-flex e-con-boxed e-con e-parent\" data-id=\"7902b33\" data-element_type=\"container\" data-e-type=\"container\">\n\t\t\t\t\t<div class=\"e-con-inner\">\n\t\t\t\t\t\t\t\t<p class=\"e-paragraph-base\" data-interaction-id=\"13f75d4\"  data-e-type=\"widget\" data-id=\"13f75d4\">\n\t\t\t\t\t\t\t\tN\u00e5r du bes\u00f8ker nettstedet for f\u00f8rste gang (eller hvis du ikke har gjort et valg), vises et informasjonskapselbanner. Du kan: <strong>Godta analyse - Avvise analyse<\/strong> \n\t\t\t\t\t<\/p>\n\t\t\t\t\t<\/div>\n\t\t\t\t<\/div>\n\t\t<div class=\"elementor-element elementor-element-512e9ce e-flex e-con-boxed e-con e-parent\" data-id=\"512e9ce\" data-element_type=\"container\" data-e-type=\"container\">\n\t\t\t\t\t<div class=\"e-con-inner\">\n\t\t\t\t\t\t\t<h4 \n\t\tdata-interaction-id=\"da0f765\" \n\t\tclass=\"e-heading-base\" \n\t\t \n\t\tdata-e-type=\"widget\" data-id=\"da0f765\"\n\t>\n\t\n\t\t\t5. Hvordan slette informasjonskapsler i nettleseren din\n\t\t<\/h4>\n\t\t\t\t\t<\/div>\n\t\t\t\t<\/div>\n\t\t<div class=\"elementor-element elementor-element-76276a3 e-flex e-con-boxed e-con e-parent\" data-id=\"76276a3\" data-element_type=\"container\" data-e-type=\"container\">\n\t\t\t\t\t<div class=\"e-con-inner\">\n\t\t\t\t\t\t\t\t<p class=\"e-paragraph-base\" data-interaction-id=\"a24bffc\"  data-e-type=\"widget\" data-id=\"a24bffc\">\n\t\t\t\t\t\t\t\tDu kan ogs\u00e5 slette eller blokkere informasjonskapsler via nettleserinnstillingene dine. V\u00e6r oppmerksom p\u00e5 at blokkering av n\u00f8dvendige informasjonskapsler kan p\u00e5virke grunnleggende funksjonalitet. \n\t\t\t\t\t<\/p>\n\t\t\t\t\t<\/div>\n\t\t\t\t<\/div>\n\t\t<div class=\"elementor-element elementor-element-1177995 e-flex e-con-boxed e-con e-parent\" data-id=\"1177995\" data-element_type=\"container\" data-e-type=\"container\">\n\t\t\t\t\t<div class=\"e-con-inner\">\n\t\t\t\t\t\t\t<h4 \n\t\tdata-interaction-id=\"c28e0bd\" \n\t\tclass=\"e-heading-base\" \n\t\t \n\t\tdata-e-type=\"widget\" data-id=\"c28e0bd\"\n\t>\n\t\n\t\t\t6. Oppdateringer av disse retningslinjene\n\t\t<\/h4>\n\t\t\t\t\t<\/div>\n\t\t\t\t<\/div>\n\t\t<div class=\"elementor-element elementor-element-28144db e-flex e-con-boxed e-con e-parent\" data-id=\"28144db\" data-element_type=\"container\" data-e-type=\"container\">\n\t\t\t\t\t<div class=\"e-con-inner\">\n\t\t\t\t\t\t\t\t<p class=\"e-paragraph-base\" data-interaction-id=\"8e7cec5\"  data-e-type=\"widget\" data-id=\"8e7cec5\">\n\t\t\t\t\t\t\t\tVi kan oppdatere disse retningslinjene for informasjonskapsler for \u00e5 gjenspeile juridiske eller tekniske endringer. Versjonen som er publisert p\u00e5 denne siden, er den gjeldende. \n\t\t\t\t\t<\/p>\n\t\t\t\t\t<\/div>\n\t\t\t\t<\/div>\n\t\t\t\t<\/div>\n\t\t","protected":false},"excerpt":{"rendered":"<p>Retningslinjer for informasjonskapsler Retningslinjer for informasjonskapsler Disse retningslinjene for informasjonskapsler forklarer hva informasjonskapsler er, hvilke typer vi bruker p\u00e5 dette nettstedet, og hvordan du kan administrere innstillingene dine. 1. Hva er informasjonskapsler? Informasjonskapsler er sm\u00e5 tekstfiler som lagres p\u00e5 enheten din n\u00e5r du bes\u00f8ker et nettsted. De bidrar til at nettstedet fungerer korrekt, husker innstillinger [&hellip;]<\/p>\n","protected":false},"author":1,"featured_media":0,"parent":8440,"menu_order":0,"comment_status":"closed","ping_status":"closed","template":"elementor_header_footer","meta":{"_acf_changed":false,"footnotes":""},"class_list":["post-8346","page","type-page","status-publish","hentry"],"acf":[],"_links":{"self":[{"href":"https:\/\/audiowo.com\/no\/wp-json\/wp\/v2\/pages\/8346","targetHints":{"allow":["GET"]}}],"collection":[{"href":"https:\/\/audiowo.com\/no\/wp-json\/wp\/v2\/pages"}],"about":[{"href":"https:\/\/audiowo.com\/no\/wp-json\/wp\/v2\/types\/page"}],"author":[{"embeddable":true,"href":"https:\/\/audiowo.com\/no\/wp-json\/wp\/v2\/users\/1"}],"replies":[{"embeddable":true,"href":"https:\/\/audiowo.com\/no\/wp-json\/wp\/v2\/comments?post=8346"}],"version-history":[{"count":0,"href":"https:\/\/audiowo.com\/no\/wp-json\/wp\/v2\/pages\/8346\/revisions"}],"up":[{"embeddable":true,"href":"https:\/\/audiowo.com\/no\/wp-json\/wp\/v2\/pages\/8440"}],"wp:attachment":[{"href":"https:\/\/audiowo.com\/no\/wp-json\/wp\/v2\/media?parent=8346"}],"curies":[{"name":"wp","href":"https:\/\/api.w.org\/{rel}","templated":true}]}}