{"id":8366,"date":"2026-02-07T16:04:34","date_gmt":"2026-02-07T15:04:34","guid":{"rendered":"https:\/\/audiowo.com\/bidragsavtale-for-promotering-av-musikk\/"},"modified":"2026-04-09T17:31:29","modified_gmt":"2026-04-09T15:31:29","slug":"bidragsavtale-for-promotering-av-musikk","status":"publish","type":"page","link":"https:\/\/audiowo.com\/no\/juridisk\/bidragsavtale-for-promotering-av-musikk\/","title":{"rendered":"Bidragsavtale for promotering av musikk"},"content":{"rendered":"\t\t<div data-elementor-type=\"wp-page\" data-elementor-id=\"8366\" class=\"elementor elementor-8366 elementor-44\" data-elementor-post-type=\"page\">\n\t\t\t\t<div class=\"elementor-element elementor-element-a93c18d e-flex e-con-boxed e-con e-parent\" data-id=\"a93c18d\" data-element_type=\"container\" data-e-type=\"container\">\n\t\t\t\t\t<div class=\"e-con-inner\">\n\t\t\t\t<div class=\"elementor-element elementor-element-c04a1da elementor-widget elementor-widget-heading\" data-id=\"c04a1da\" data-element_type=\"widget\" data-e-type=\"widget\" data-widget_type=\"heading.default\">\n\t\t\t\t\t<h1 class=\"elementor-heading-title elementor-size-default\">Bidragsavtale for promotering av musikk<\/h1>\t\t\t\t<\/div>\n\t\t\t\t\t<\/div>\n\t\t\t\t<\/div>\n\t\t<div class=\"elementor-element elementor-element-a5d71bc e-flex e-con-boxed e-con e-parent\" data-id=\"a5d71bc\" data-element_type=\"container\" data-e-type=\"container\">\n\t\t\t\t\t<div class=\"e-con-inner\">\n\t\t\t\t\t\t\t\t<p class=\"e-paragraph-base\" data-interaction-id=\"64d5bb1\"  data-e-type=\"widget\" data-id=\"64d5bb1\">\n\t\t\t\t\t\t\t\tBidragsavtale for promotering av musikkDenne bidragsavtalen for promotering av musikk (\u00abAvtalen\u00bb) er inng\u00e5tt mellom: <strong>Selskap:<\/strong><br><strong>Fidelis Marketing Group S.L.<\/strong><br>Som opererer under merkevarene <strong>audiowo.com<\/strong> og <strong>escuchargratis.es<\/strong><br><br>(\u00abSelskapet\u00bb) og <strong>Bidragsyter: <\/strong>Artisten eller rettighetshaveren som sender inn verk (\u00abBidragsyter\u00bb). Ved \u00e5 laste opp et musikalsk verk godtar Bidragsyteren f\u00f8lgende vilk\u00e5r.\n\t\t\t\t\t<\/p>\n\t\t\t\t\t<\/div>\n\t\t\t\t<\/div>\n\t\t<div class=\"elementor-element elementor-element-de80c50 e-flex e-con-boxed e-con e-parent\" data-id=\"de80c50\" data-element_type=\"container\" data-e-type=\"container\">\n\t\t\t\t\t<div class=\"e-con-inner\">\n\t\t\t\t\t\t\t<h4 \n\t\tdata-interaction-id=\"181912c\" \n\t\tclass=\"e-heading-base\" \n\t\t \n\t\tdata-e-type=\"widget\" data-id=\"181912c\"\n\t>\n\t\n\t\t\t1. Form\u00e5let med avtalen\n\t\t<\/h4>\n\t\t\t\t\t<\/div>\n\t\t\t\t<\/div>\n\t\t<div class=\"elementor-element elementor-element-3625bcd e-flex e-con-boxed e-con e-parent\" data-id=\"3625bcd\" data-element_type=\"container\" data-e-type=\"container\">\n\t\t\t\t\t<div class=\"e-con-inner\">\n\t\t\t\t\t\t\t\t<p class=\"e-paragraph-base\" data-interaction-id=\"2728fe8\"  data-e-type=\"widget\" data-id=\"2728fe8\">\n\t\t\t\t\t\t\t\tForm\u00e5let med denne avtalen er <strong>promotering<\/strong>.<br>Bidragsyteren sender frivillig inn ett eller flere musikalske verk (\u00abSpor\u00bb) som skal brukes som <strong>promoteringsbakgrunnsmusikk <\/strong>innenfor Selskapets kommersielle musikkplattformer.\n\t\t\t\t\t<\/p>\n\t\t\t\t\t<\/div>\n\t\t\t\t<\/div>\n\t\t<div class=\"elementor-element elementor-element-5788690 e-flex e-con-boxed e-con e-parent\" data-id=\"5788690\" data-element_type=\"container\" data-e-type=\"container\">\n\t\t\t\t\t<div class=\"e-con-inner\">\n\t\t\t\t\t\t\t<h4 \n\t\tdata-interaction-id=\"40b0c00\" \n\t\tclass=\"e-heading-base\" \n\t\t \n\t\tdata-e-type=\"widget\" data-id=\"40b0c00\"\n\t>\n\t\n\t\t\t2. Overf\u00f8ring av rettigheter\n\t\t<\/h4>\n\t\t\t\t\t<\/div>\n\t\t\t\t<\/div>\n\t\t<div class=\"elementor-element elementor-element-9211709 e-flex e-con-boxed e-con e-parent\" data-id=\"9211709\" data-element_type=\"container\" data-e-type=\"container\">\n\t\t\t\t\t<div class=\"e-con-inner\">\n\t\t\t\t\t\t\t\t<p class=\"e-paragraph-base\" data-interaction-id=\"d0efa90\"  data-e-type=\"widget\" data-id=\"d0efa90\">\n\t\t\t\t\t\t\t\tBidragsyteren <strong>tildeler og overf\u00f8rer herved ugjenkallelig alle rettigheter, eierskap og interesser<\/strong> i Sporet til Fidelis Marketing Group S.L., inkludert men ikke begrenset til: Opphavsrett og n\u00e6rst\u00e5ende rettigheter; kommersielle utnyttelsesrettigheter; distribusjons-, reproduksjons-, fremf\u00f8rings- og kommunikasjonsrettigheter. Denne overf\u00f8ringen er <strong>permanent og ugjenkallelig<\/strong>.\n\t\t\t\t\t<\/p>\n\t\t\t\t\t<\/div>\n\t\t\t\t<\/div>\n\t\t<div class=\"elementor-element elementor-element-ab6979e e-flex e-con-boxed e-con e-parent\" data-id=\"ab6979e\" data-element_type=\"container\" data-e-type=\"container\">\n\t\t\t\t\t<div class=\"e-con-inner\">\n\t\t\t\t\t\t\t<h4 \n\t\tdata-interaction-id=\"2570dab\" \n\t\tclass=\"e-heading-base\" \n\t\t \n\t\tdata-e-type=\"widget\" data-id=\"2570dab\"\n\t>\n\t\n\t\t\t3. Ingen kompensasjon\n\t\t<\/h4>\n\t\t\t\t\t<\/div>\n\t\t\t\t<\/div>\n\t\t<div class=\"elementor-element elementor-element-d156def e-flex e-con-boxed e-con e-parent\" data-id=\"d156def\" data-element_type=\"container\" data-e-type=\"container\">\n\t\t\t\t\t<div class=\"e-con-inner\">\n\t\t\t\t\t\t\t\t<p class=\"e-paragraph-base\" data-interaction-id=\"31effb3\"  data-e-type=\"widget\" data-id=\"31effb3\">\n\t\t\t\t\t\t\t\tBidragsyteren <strong>frasier seg enhver rett til \u00f8konomisk kompensasjon<\/strong>, royalties eller fremtidige krav knyttet til Sporet; Sporet leveres <strong>gratis<\/strong> som et promoteringsbidrag; det gis ingen garantier ang\u00e5ende eksponering, bruk eller suksess.\n\t\t\t\t\t<\/p>\n\t\t\t\t\t<\/div>\n\t\t\t\t<\/div>\n\t\t<div class=\"elementor-element elementor-element-1a4aa4a e-flex e-con-boxed e-con e-parent\" data-id=\"1a4aa4a\" data-element_type=\"container\" data-e-type=\"container\">\n\t\t\t\t\t<div class=\"e-con-inner\">\n\t\t\t\t\t\t\t<h4 \n\t\tdata-interaction-id=\"01f7c8b\" \n\t\tclass=\"e-heading-base\" \n\t\t \n\t\tdata-e-type=\"widget\" data-id=\"01f7c8b\"\n\t>\n\t\n\t\t\t4. Kommersiell bruk av klienter\n\t\t<\/h4>\n\t\t\t\t\t<\/div>\n\t\t\t\t<\/div>\n\t\t<div class=\"elementor-element elementor-element-dd9a088 e-flex e-con-boxed e-con e-parent\" data-id=\"dd9a088\" data-element_type=\"container\" data-e-type=\"container\">\n\t\t\t\t\t<div class=\"e-con-inner\">\n\t\t\t\t\t\t\t\t<p class=\"e-paragraph-base\" data-interaction-id=\"0ba6009\"  data-e-type=\"widget\" data-id=\"0ba6009\">\n\t\t\t\t\t\t\t<a\n\t\t\t\t\thref=\"https:\/\/audiowo.com\/no\/juridisk\/lisensavtale-for-kommersiell-musikk\/\" target=\"_self\"\n\t\t\t\t\tclass=\"e-paragraph-link-base\"\n\t\t\t\t>\n\t\t\t\t\t\tSelskapet kan lisensiere Sporet til sine klienter (inkludert restauranter, barer, supermarkeder, hoteller, innholdsskapere og nettbaserte plattformer) for bruk som bakgrunnsmusikk, under vilk\u00e5rene i Selskapets Lisensavtale for kommersiell musikk.\n\t\t\t\t<\/a>\n\t\t\t\t\t<\/p>\n\t\t\t\t\t<\/div>\n\t\t\t\t<\/div>\n\t\t<div class=\"elementor-element elementor-element-728f4ad e-flex e-con-boxed e-con e-parent\" data-id=\"728f4ad\" data-element_type=\"container\" data-e-type=\"container\">\n\t\t\t\t\t<div class=\"e-con-inner\">\n\t\t\t\t\t\t\t<h4 \n\t\tdata-interaction-id=\"b9945ef\" \n\t\tclass=\"e-heading-base\" \n\t\t \n\t\tdata-e-type=\"widget\" data-id=\"b9945ef\"\n\t>\n\t\n\t\t\t5. Digital distribusjon\n\t\t<\/h4>\n\t\t\t\t\t<\/div>\n\t\t\t\t<\/div>\n\t\t<div class=\"elementor-element elementor-element-fd016e6 e-flex e-con-boxed e-con e-parent\" data-id=\"fd016e6\" data-element_type=\"container\" data-e-type=\"container\">\n\t\t\t\t\t<div class=\"e-con-inner\">\n\t\t\t\t\t\t\t\t<p class=\"e-paragraph-base\" data-interaction-id=\"f95d515\"  data-e-type=\"widget\" data-id=\"f95d515\">\n\t\t\t\t\t\t\t\tSelskapet kan publisere Sporet p\u00e5 digitale plattformer inkludert, men ikke begrenset til: Spotify, Apple Music, Amazon Music som en del av <strong>samlealbum<\/strong> drevet av Selskapet. Bidragsyteren erkjenner at: Ingen royalties eller inntekter vil bli utbetalt; distribusjon skjer utelukkende for promoteringsform\u00e5l. \n\t\t\t\t\t<\/p>\n\t\t\t\t\t<\/div>\n\t\t\t\t<\/div>\n\t\t<div class=\"elementor-element elementor-element-868c844 e-flex e-con-boxed e-con e-parent\" data-id=\"868c844\" data-element_type=\"container\" data-e-type=\"container\">\n\t\t\t\t\t<div class=\"e-con-inner\">\n\t\t\t\t\t\t\t<h4 \n\t\tdata-interaction-id=\"fc43385\" \n\t\tclass=\"e-heading-base\" \n\t\t \n\t\tdata-e-type=\"widget\" data-id=\"fc43385\"\n\t>\n\t\n\t\t\t6. Navngivelse\n\t\t<\/h4>\n\t\t\t\t\t<\/div>\n\t\t\t\t<\/div>\n\t\t<div class=\"elementor-element elementor-element-3cf9ecb e-flex e-con-boxed e-con e-parent\" data-id=\"3cf9ecb\" data-element_type=\"container\" data-e-type=\"container\">\n\t\t\t\t\t<div class=\"e-con-inner\">\n\t\t\t\t\t\t\t\t<p class=\"e-paragraph-base\" data-interaction-id=\"3245f0e\"  data-e-type=\"widget\" data-id=\"3245f0e\">\n\t\t\t\t\t\t\t\tDer det er rimelig mulig, vil Bidragsyterens <strong>artistnavn og legitimasjon<\/strong> vises i forbindelse med Sporet.<br>Navngivelse er imidlertid <strong>ikke garantert<\/strong> i alle brukskontekster.\n\t\t\t\t\t<\/p>\n\t\t\t\t\t<\/div>\n\t\t\t\t<\/div>\n\t\t<div class=\"elementor-element elementor-element-90884f8 e-flex e-con-boxed e-con e-parent\" data-id=\"90884f8\" data-element_type=\"container\" data-e-type=\"container\">\n\t\t\t\t\t<div class=\"e-con-inner\">\n\t\t\t\t\t\t\t<h4 \n\t\tdata-interaction-id=\"e7a2536\" \n\t\tclass=\"e-heading-base\" \n\t\t \n\t\tdata-e-type=\"widget\" data-id=\"e7a2536\"\n\t>\n\t\n\t\t\t7. Kvalitetsstandarder\n\t\t<\/h4>\n\t\t\t\t\t<\/div>\n\t\t\t\t<\/div>\n\t\t<div class=\"elementor-element elementor-element-17179e0 e-flex e-con-boxed e-con e-parent\" data-id=\"17179e0\" data-element_type=\"container\" data-e-type=\"container\">\n\t\t\t\t\t<div class=\"e-con-inner\">\n\t\t\t\t\t\t\t\t<p class=\"e-paragraph-base\" data-interaction-id=\"99a4d2a\"  data-e-type=\"widget\" data-id=\"99a4d2a\">\n\t\t\t\t\t\t\t\tBidragsyteren bekrefter at Sporet: Er profesjonelt produsert og mastret; inneholder kun originalt innhold; ikke krenker tredjeparters rettigheter; ikke er en kopi eller etterligning av eksisterende verk; kan bli gjenstand for <strong>lydgjenkjenningskontroller<\/strong>, inkludert Shazam. Bruk av AI-verkt\u00f8y er tillatt <strong>kun dersom alle rettigheter er fullstendig avklarte<\/strong> og lydkvaliteten oppfyller profesjonelle standarder. \n\t\t\t\t\t<\/p>\n\t\t\t\t\t<\/div>\n\t\t\t\t<\/div>\n\t\t<div class=\"elementor-element elementor-element-10b5145 e-flex e-con-boxed e-con e-parent\" data-id=\"10b5145\" data-element_type=\"container\" data-e-type=\"container\">\n\t\t\t\t\t<div class=\"e-con-inner\">\n\t\t\t\t\t\t\t<h4 \n\t\tdata-interaction-id=\"a398a1f\" \n\t\tclass=\"e-heading-base\" \n\t\t \n\t\tdata-e-type=\"widget\" data-id=\"a398a1f\"\n\t>\n\t\n\t\t\t8. Forvaltningsorganisasjoner (PRO)\n\t\t<\/h4>\n\t\t\t\t\t<\/div>\n\t\t\t\t<\/div>\n\t\t<div class=\"elementor-element elementor-element-78d648d e-flex e-con-boxed e-con e-parent\" data-id=\"78d648d\" data-element_type=\"container\" data-e-type=\"container\">\n\t\t\t\t\t<div class=\"e-con-inner\">\n\t\t\t\t\t\t\t\t<p class=\"e-paragraph-base\" data-interaction-id=\"b2fec2d\"  data-e-type=\"widget\" data-id=\"b2fec2d\">\n\t\t\t\t\t\t\t\tBidragsyteren garanterer at Sporet: <strong>Ikke er registrert<\/strong> hos noen forvaltningsorganisasjon (PRO), inkludert <strong>BUMA\/STEMRA, SGAE, PRS, ASCAP, BMI, SESAC<\/strong>; <strong>aldri vil bli registrert<\/strong> hos noen slik organisasjon i fremtiden.\n\t\t\t\t\t<\/p>\n\t\t\t\t\t<\/div>\n\t\t\t\t<\/div>\n\t\t<div class=\"elementor-element elementor-element-8c747b1 e-flex e-con-boxed e-con e-parent\" data-id=\"8c747b1\" data-element_type=\"container\" data-e-type=\"container\">\n\t\t\t\t\t<div class=\"e-con-inner\">\n\t\t\t\t\t\t\t<h4 \n\t\tdata-interaction-id=\"934a8cd\" \n\t\tclass=\"e-heading-base\" \n\t\t \n\t\tdata-e-type=\"widget\" data-id=\"934a8cd\"\n\t>\n\t\n\t\t\t9. Ingen bruksplikt\n\t\t<\/h4>\n\t\t\t\t\t<\/div>\n\t\t\t\t<\/div>\n\t\t<div class=\"elementor-element elementor-element-3bee980 e-flex e-con-boxed e-con e-parent\" data-id=\"3bee980\" data-element_type=\"container\" data-e-type=\"container\">\n\t\t\t\t\t<div class=\"e-con-inner\">\n\t\t\t\t\t\t\t\t<p class=\"e-paragraph-base\" data-interaction-id=\"8c8c737\"  data-e-type=\"widget\" data-id=\"8c8c737\">\n\t\t\t\t\t\t\t\tSelskapet har <strong>ingen forpliktelse<\/strong> til \u00e5 promotere, distribuere eller lisensiere Sporet; dersom Sporet ikke brukes av klienter, kan Selskapet <strong>fjerne det fra sine kataloger<\/strong> etter eget skj\u00f8nn; ingen rettigheter eller forventninger oppst\u00e5r som f\u00f8lge av inkludering.\n\t\t\t\t\t<\/p>\n\t\t\t\t\t<\/div>\n\t\t\t\t<\/div>\n\t\t<div class=\"elementor-element elementor-element-938c733 e-flex e-con-boxed e-con e-parent\" data-id=\"938c733\" data-element_type=\"container\" data-e-type=\"container\">\n\t\t\t\t\t<div class=\"e-con-inner\">\n\t\t\t\t\t\t\t<h4 \n\t\tdata-interaction-id=\"ecd2cad\" \n\t\tclass=\"e-heading-base\" \n\t\t \n\t\tdata-e-type=\"widget\" data-id=\"ecd2cad\"\n\t>\n\t\n\t\t\t10. Ingen angrerett\n\t\t<\/h4>\n\t\t\t\t\t<\/div>\n\t\t\t\t<\/div>\n\t\t<div class=\"elementor-element elementor-element-130efa8 e-flex e-con-boxed e-con e-parent\" data-id=\"130efa8\" data-element_type=\"container\" data-e-type=\"container\">\n\t\t\t\t\t<div class=\"e-con-inner\">\n\t\t\t\t\t\t\t\t<p class=\"e-paragraph-base\" data-interaction-id=\"333554d\"  data-e-type=\"widget\" data-id=\"333554d\">\n\t\t\t\t\t\t\t\tN\u00e5r Sporet er sendt inn og akseptert, <strong>kan ikke Bidragsyteren trekke tilbake eller kreve tilbake<\/strong> Sporet.\n\t\t\t\t\t<\/p>\n\t\t\t\t\t<\/div>\n\t\t\t\t<\/div>\n\t\t<div class=\"elementor-element elementor-element-9e31629 e-flex e-con-boxed e-con e-parent\" data-id=\"9e31629\" data-element_type=\"container\" data-e-type=\"container\">\n\t\t\t\t\t<div class=\"e-con-inner\">\n\t\t\t\t\t\t\t<h4 \n\t\tdata-interaction-id=\"8c1ede6\" \n\t\tclass=\"e-heading-base\" \n\t\t \n\t\tdata-e-type=\"widget\" data-id=\"8c1ede6\"\n\t>\n\t\n\t\t\t11. Lovvalg\n\t\t<\/h4>\n\t\t\t\t\t<\/div>\n\t\t\t\t<\/div>\n\t\t<div class=\"elementor-element elementor-element-2cc228a e-flex e-con-boxed e-con e-parent\" data-id=\"2cc228a\" data-element_type=\"container\" data-e-type=\"container\">\n\t\t\t\t\t<div class=\"e-con-inner\">\n\t\t\t\t\t\t\t\t<p class=\"e-paragraph-base\" data-interaction-id=\"7c738b8\"  data-e-type=\"widget\" data-id=\"7c738b8\">\n\t\t\t\t\t\t\t\tDenne avtalen skal v\u00e6re underlagt lovgivningen i <strong>Spania<\/strong>.\n\t\t\t\t\t<\/p>\n\t\t\t\t\t<\/div>\n\t\t\t\t<\/div>\n\t\t<div class=\"elementor-element elementor-element-02efac0 e-flex e-con-boxed e-con e-parent\" data-id=\"02efac0\" data-element_type=\"container\" data-e-type=\"container\">\n\t\t\t\t\t<div class=\"e-con-inner\">\n\t\t\t\t\t\t\t<h4 \n\t\tdata-interaction-id=\"0a3a60f\" \n\t\tclass=\"e-heading-base\" \n\t\t \n\t\tdata-e-type=\"widget\" data-id=\"0a3a60f\"\n\t>\n\t\n\t\t\t12. Fullstendig avtale\n\t\t<\/h4>\n\t\t\t\t\t<\/div>\n\t\t\t\t<\/div>\n\t\t<div class=\"elementor-element elementor-element-5ac4d09 e-flex e-con-boxed e-con e-parent\" data-id=\"5ac4d09\" data-element_type=\"container\" data-e-type=\"container\">\n\t\t\t\t\t<div class=\"e-con-inner\">\n\t\t\t\t\t\t\t\t<p class=\"e-paragraph-base\" data-interaction-id=\"960f892\"  data-e-type=\"widget\" data-id=\"960f892\">\n\t\t\t\t\t\t\t\tDenne avtalen utgj\u00f8r den fullstendige avtalen mellom partene.\n\t\t\t\t\t<\/p>\n\t\t\t\t\t<\/div>\n\t\t\t\t<\/div>\n\t\t\t\t<\/div>\n\t\t","protected":false},"excerpt":{"rendered":"<p>Bidragsavtale for promotering av musikk Bidragsavtale for promotering av musikkDenne bidragsavtalen for promotering av musikk (\u00abAvtalen\u00bb) er inng\u00e5tt mellom: Selskap:Fidelis Marketing Group S.L.Som opererer under merkevarene audiowo.com og escuchargratis.es (\u00abSelskapet\u00bb) og Bidragsyter: Artisten eller rettighetshaveren som sender inn verk (\u00abBidragsyter\u00bb). Ved \u00e5 laste opp et musikalsk verk godtar Bidragsyteren f\u00f8lgende vilk\u00e5r. 1. Form\u00e5let med avtalen [&hellip;]<\/p>\n","protected":false},"author":1,"featured_media":0,"parent":8440,"menu_order":0,"comment_status":"closed","ping_status":"closed","template":"elementor_header_footer","meta":{"_acf_changed":false,"footnotes":""},"class_list":["post-8366","page","type-page","status-publish","hentry"],"acf":[],"_links":{"self":[{"href":"https:\/\/audiowo.com\/no\/wp-json\/wp\/v2\/pages\/8366","targetHints":{"allow":["GET"]}}],"collection":[{"href":"https:\/\/audiowo.com\/no\/wp-json\/wp\/v2\/pages"}],"about":[{"href":"https:\/\/audiowo.com\/no\/wp-json\/wp\/v2\/types\/page"}],"author":[{"embeddable":true,"href":"https:\/\/audiowo.com\/no\/wp-json\/wp\/v2\/users\/1"}],"replies":[{"embeddable":true,"href":"https:\/\/audiowo.com\/no\/wp-json\/wp\/v2\/comments?post=8366"}],"version-history":[{"count":0,"href":"https:\/\/audiowo.com\/no\/wp-json\/wp\/v2\/pages\/8366\/revisions"}],"up":[{"embeddable":true,"href":"https:\/\/audiowo.com\/no\/wp-json\/wp\/v2\/pages\/8440"}],"wp:attachment":[{"href":"https:\/\/audiowo.com\/no\/wp-json\/wp\/v2\/media?parent=8366"}],"curies":[{"name":"wp","href":"https:\/\/api.w.org\/{rel}","templated":true}]}}