{"id":8209,"date":"2026-04-08T13:21:53","date_gmt":"2026-04-08T11:21:53","guid":{"rendered":"https:\/\/audiowo.com\/product\/skreddersydd-musikkspor\/"},"modified":"2026-04-08T13:21:53","modified_gmt":"2026-04-08T11:21:53","slug":"skreddersydd-musikkspor","status":"publish","type":"product","link":"https:\/\/audiowo.com\/no\/produkt\/skreddersydd-musikkspor\/","title":{"rendered":"Skreddersydd musikkspor"},"content":{"rendered":"<h3 data-section-id=\"kzbvll\" data-start=\"837\" data-end=\"853\">Dette f\u00e5r De<\/h3>\n<ul data-start=\"855\" data-end=\"1086\">\n<li data-section-id=\"1eu2wei\" data-start=\"855\" data-end=\"890\">\u2714 Skreddersydd spor i <strong data-start=\"875\" data-end=\"888\">valgfri sjanger<\/strong><\/li>\n<li data-section-id=\"1ds2gtc\" data-start=\"891\" data-end=\"945\">\u2714 <strong data-start=\"895\" data-end=\"926\">Instrumentalt eller med vokal<\/strong> (mannlig eller kvinnelig)<\/li>\n<li data-section-id=\"3jg2wi\" data-start=\"946\" data-end=\"980\">\u2714 <strong data-start=\"950\" data-end=\"978\">100 % original produksjon<\/strong><\/li>\n<li data-section-id=\"1t5qaaa\" data-start=\"981\" data-end=\"1017\">\u2714 <strong data-start=\"985\" data-end=\"1015\">4 revisjonsrunder inkludert<\/strong><\/li>\n<li data-section-id=\"ctp5tw\" data-start=\"1018\" data-end=\"1055\">\u2714 Profesjonelt mikset og mastret<\/li>\n<li data-section-id=\"1w42kxf\" data-start=\"1056\" data-end=\"1086\">\u2714 Klar for kommersiell bruk<\/li>\n<\/ul>\n<h3 data-section-id=\"1va2ym6\" data-start=\"1093\" data-end=\"1113\">Sangtekster og konsept<\/h3>\n<p data-start=\"1115\" data-end=\"1145\">Hvis sporet inneholder vokal:<\/p>\n<ul data-start=\"1146\" data-end=\"1325\">\n<li data-section-id=\"1ucixgt\" data-start=\"1146\" data-end=\"1202\">Sangtekstene blir <strong data-start=\"1152\" data-end=\"1200\">diskutert og godkjent p\u00e5 forh\u00e5nd<\/strong><\/li>\n<li data-section-id=\"1wc8nft\" data-start=\"1203\" data-end=\"1266\">De kan stille med egen tekst eller samarbeide om konseptet<\/li>\n<li data-section-id=\"1uvj11k\" data-start=\"1267\" data-end=\"1325\">Den endelige retningen er alltid i tr\u00e5d med Deres visjon<\/li>\n<\/ul>\n<h3 data-section-id=\"ixpo5k\" data-start=\"1332\" data-end=\"1354\">Produksjonskvalitet<\/h3>\n<p data-start=\"1356\" data-end=\"1415\">Alle spor leveres med profesjonelle lydstandarder:<\/p>\n<ul data-start=\"1416\" data-end=\"1473\">\n<li data-section-id=\"lf88k\" data-start=\"1416\" data-end=\"1444\"><strong data-start=\"1418\" data-end=\"1438\">Integrert LUFS:<\/strong> ~12<\/li>\n<li data-section-id=\"1xy6v74\" data-start=\"1445\" data-end=\"1473\"><strong data-start=\"1447\" data-end=\"1467\">Kortsiktig LUFS:<\/strong> ~10<\/li>\n<\/ul>\n<p data-start=\"1475\" data-end=\"1531\">Optimalisert for str\u00f8mmeplattformer, reklame og digital bruk.<\/p>\n<h3 data-section-id=\"o1tr05\" data-start=\"1538\" data-end=\"1550\">Arbeidsflyt<\/h3>\n<ol data-start=\"1552\" data-end=\"1750\">\n<li data-section-id=\"46qe72\" data-start=\"1552\" data-end=\"1573\">Legg inn bestilling<\/li>\n<li data-section-id=\"4dsk2w\" data-start=\"1574\" data-end=\"1617\">Del Deres id\u00e9, stil og referanser<\/li>\n<li data-section-id=\"gwf447\" data-start=\"1618\" data-end=\"1653\">Bekreft sangtekster (hvis aktuelt)<\/li>\n<li data-section-id=\"1i86ysv\" data-start=\"1654\" data-end=\"1676\">Produksjonen starter<\/li>\n<li data-section-id=\"1na1y2n\" data-start=\"1677\" data-end=\"1697\">Motta forh\u00e5ndsvisning<\/li>\n<li data-section-id=\"sgvehz\" data-start=\"1698\" data-end=\"1730\">Be om revisjoner (opptil 4)<\/li>\n<li data-section-id=\"1j7cqp8\" data-start=\"1731\" data-end=\"1750\">Endelig levering<\/li>\n<\/ol>\n<h3 data-section-id=\"1xnjjts\" data-start=\"1757\" data-end=\"1783\">Hvorfor velge Don Fidelis og Audiowo.com<\/h3>\n<ul data-start=\"1785\" data-end=\"1942\">\n<li data-section-id=\"14y3yxp\" data-start=\"1785\" data-end=\"1815\">Erfaren ghost-produsent i 20 \u00e5r<\/li>\n<li data-section-id=\"1wa8isb\" data-start=\"1816\" data-end=\"1863\">Jobber med <strong data-start=\"1829\" data-end=\"1861\">AI-forbedrede produksjonsverkt\u00f8y<\/strong><\/li>\n<li data-section-id=\"167q9o4\" data-start=\"1864\" data-end=\"1905\">Rask levering med h\u00f8y konsistens<\/li>\n<li data-section-id=\"a59152\" data-start=\"1906\" data-end=\"1942\">Fleksibel p\u00e5 tvers av alle musikkstiler<\/li>\n<\/ul>\n<h3 data-section-id=\"1x5ej4z\" data-start=\"1949\" data-end=\"1968\">Viktige merknader<\/h3>\n<ul data-start=\"1970\" data-end=\"2116\">\n<li data-section-id=\"sd09u1\" data-start=\"1970\" data-end=\"2009\">Leveringstid avhenger av kompleksitet<\/li>\n<li data-section-id=\"vs6f81\" data-start=\"2010\" data-end=\"2060\">Tydelige instruksjoner = bedre og raskere resultater<\/li>\n<li data-section-id=\"1b3kjq6\" data-start=\"2061\" data-end=\"2116\">Ekstra revisjoner kan v\u00e6re tilgjengelige mot tillegg i pris<\/li>\n<\/ul>\n","protected":false},"excerpt":{"rendered":"<h3 data-section-id=\"77bgn1\" data-start=\"439\" data-end=\"492\">Skreddersydd musikkspor \u2013 fullt tilpasset Deres behov<\/h3>\n<p data-start=\"494\" data-end=\"694\">Bestill et <strong data-start=\"502\" data-end=\"548\">profesjonelt produsert skreddersydd musikkspor<\/strong> til en fast pris p\u00e5 <strong data-start=\"570\" data-end=\"578\">300 \u20ac<\/strong>. Hvert spor er skapt fra bunnen av av ghost-produsent <strong data-start=\"606\" data-end=\"621\">Don Fidelis<\/strong>, basert p\u00e5 Deres id\u00e9er, m\u00e5l og stil. <\/p>\n<p data-start=\"696\" data-end=\"709\">Passer for:<\/p>\n<ul data-start=\"710\" data-end=\"830\">\n<li data-section-id=\"pauozy\" data-start=\"710\" data-end=\"733\">Artister og sangere<\/li>\n<li data-section-id=\"1avaya0\" data-start=\"734\" data-end=\"761\">Bedrifter og merkevarebygging<\/li>\n<li data-section-id=\"w7ijlb\" data-start=\"762\" data-end=\"796\">YouTube, reklame og sosiale medier<\/li>\n<li data-section-id=\"1xa11m8\" data-start=\"797\" data-end=\"830\">Personlige eller kreative prosjekter<\/li>\n<\/ul>\n","protected":false},"featured_media":5292,"comment_status":"closed","ping_status":"closed","template":"","meta":{"_acf_changed":false},"product_brand":[],"product_cat":[222],"product_tag":[],"class_list":{"0":"post-8209","1":"product","2":"type-product","3":"status-publish","4":"has-post-thumbnail","6":"product_cat-ukategorisert","8":"first","9":"instock","10":"taxable","11":"shipping-taxable","12":"purchasable","13":"product-type-simple"},"acf":[],"_links":{"self":[{"href":"https:\/\/audiowo.com\/no\/wp-json\/wp\/v2\/product\/8209","targetHints":{"allow":["GET"]}}],"collection":[{"href":"https:\/\/audiowo.com\/no\/wp-json\/wp\/v2\/product"}],"about":[{"href":"https:\/\/audiowo.com\/no\/wp-json\/wp\/v2\/types\/product"}],"replies":[{"embeddable":true,"href":"https:\/\/audiowo.com\/no\/wp-json\/wp\/v2\/comments?post=8209"}],"version-history":[{"count":0,"href":"https:\/\/audiowo.com\/no\/wp-json\/wp\/v2\/product\/8209\/revisions"}],"wp:featuredmedia":[{"embeddable":true,"href":"https:\/\/audiowo.com\/no\/wp-json\/wp\/v2\/media\/5292"}],"wp:attachment":[{"href":"https:\/\/audiowo.com\/no\/wp-json\/wp\/v2\/media?parent=8209"}],"wp:term":[{"taxonomy":"product_brand","embeddable":true,"href":"https:\/\/audiowo.com\/no\/wp-json\/wp\/v2\/product_brand?post=8209"},{"taxonomy":"product_cat","embeddable":true,"href":"https:\/\/audiowo.com\/no\/wp-json\/wp\/v2\/product_cat?post=8209"},{"taxonomy":"product_tag","embeddable":true,"href":"https:\/\/audiowo.com\/no\/wp-json\/wp\/v2\/product_tag?post=8209"}],"curies":[{"name":"wp","href":"https:\/\/api.w.org\/{rel}","templated":true}]}}