{"id":7665,"date":"2026-04-08T13:05:41","date_gmt":"2026-04-08T11:05:41","guid":{"rendered":"https:\/\/audiowo.com\/wykonane-na-zamowienie\/"},"modified":"2026-04-09T15:55:17","modified_gmt":"2026-04-09T13:55:17","slug":"wykonane-na-zamowienie","status":"publish","type":"page","link":"https:\/\/audiowo.com\/pl\/wykonane-na-zamowienie\/","title":{"rendered":"Wykonane na zam\u00f3wienie"},"content":{"rendered":"\t\t<div data-elementor-type=\"wp-page\" data-elementor-id=\"7665\" class=\"elementor elementor-7665 elementor-5263\" data-elementor-post-type=\"page\">\n\t\t\t\t<div class=\"elementor-element elementor-element-7afe304 e-flex e-con-boxed e-con e-parent\" data-id=\"7afe304\" data-element_type=\"container\" data-e-type=\"container\">\n\t\t\t\t\t<div class=\"e-con-inner\">\n\t\t\t\t<div class=\"elementor-element elementor-element-d711f11 elementor-widget elementor-widget-heading\" data-id=\"d711f11\" data-element_type=\"widget\" data-e-type=\"widget\" data-widget_type=\"heading.default\">\n\t\t\t\t\t<h1 class=\"elementor-heading-title elementor-size-default\">Utwory muzyczne na zam\u00f3wienie<\/h1>\t\t\t\t<\/div>\n\t\t\t\t\t<\/div>\n\t\t\t\t<\/div>\n\t\t<div class=\"elementor-element elementor-element-b3a24c1 e-flex e-con-boxed e-con e-parent\" data-id=\"b3a24c1\" data-element_type=\"container\" data-e-type=\"container\">\n\t\t\t\t\t<div class=\"e-con-inner\">\n\t\t\t\t<div class=\"elementor-element elementor-element-958aea1 elementor-widget elementor-widget-heading\" data-id=\"958aea1\" data-element_type=\"widget\" data-e-type=\"widget\" data-widget_type=\"heading.default\">\n\t\t\t\t\t<h3 class=\"elementor-heading-title elementor-size-default\">Dostosowane do Pana wizji i marki<\/h3>\t\t\t\t<\/div>\n\t\t\t\t\t<\/div>\n\t\t\t\t<\/div>\n\t\t<div class=\"elementor-element elementor-element-11b1652 e-flex e-con-boxed e-con e-parent\" data-id=\"11b1652\" data-element_type=\"container\" data-e-type=\"container\">\n\t\t\t\t\t<div class=\"e-con-inner\">\n\t\t<div class=\"elementor-element elementor-element-dedd173 e-con-full e-flex e-con e-child\" data-id=\"dedd173\" data-element_type=\"container\" data-e-type=\"container\">\n\t\t\t\t<div class=\"elementor-element elementor-element-f6ccb80 elementor-widget elementor-widget-text-editor\" data-id=\"f6ccb80\" data-element_type=\"widget\" data-e-type=\"widget\" data-widget_type=\"text-editor.default\">\n\t\t\t\t\t\t\t\t\t<h3 data-section-id=\"yc8960\" data-start=\"398\" data-end=\"445\">Muzyka na zam\u00f3wienie<\/h3><p data-start=\"447\" data-end=\"686\">Szuka Pan unikalnego utworu muzycznego, kt\u00f3ry idealnie pasuje do Pana pomys\u0142u, marki lub projektu? W Audiowo ka\u017cdy utw\u00f3r jest tworzony na zam\u00f3wienie od podstaw przez ghost producera Don Fidelis, zapewniaj\u0105c oryginalno\u015b\u0107, jako\u015b\u0107 i brzmienie, kt\u00f3re naprawd\u0119 si\u0119 wyr\u00f3\u017cnia. <\/p><p data-start=\"688\" data-end=\"705\">Niezale\u017cnie od tego, czy potrzebuje Pan:<\/p><ul data-start=\"706\" data-end=\"946\"><li data-section-id=\"1jk1log\" data-start=\"706\" data-end=\"774\">Konkretnego gatunku (EDM, pop, hip-hop, cinematic, ambient itp.)<\/li><li data-section-id=\"z43kc4\" data-start=\"775\" data-end=\"807\">W pe\u0142ni instrumentalnego utworu<\/li><li data-section-id=\"19ebevm\" data-start=\"808\" data-end=\"835\">Wokali m\u0119skich lub \u017ce\u0144skich<\/li><li data-section-id=\"xa32kv\" data-start=\"836\" data-end=\"894\">Muzyki do brandingu, reklamy lub identyfikacji firmy<\/li><li data-section-id=\"16sjc85\" data-start=\"895\" data-end=\"946\">Lub utworu opartego na konkretnym temacie lub historii<\/li><li data-section-id=\"16sjc85\" data-start=\"895\" data-end=\"946\">W dowolnym j\u0119zyku<\/li><\/ul><p data-start=\"948\" data-end=\"1007\">Niemal ka\u017cda rozs\u0105dna koncepcja mo\u017ce zosta\u0107 prze\u0142o\u017cona na muzyk\u0119.<\/p><h4 data-section-id=\"10gtqvy\" data-start=\"1009\" data-end=\"1039\">Nap\u0119dzane do\u015bwiadczeniem + AI<\/h4><p data-start=\"1041\" data-end=\"1161\">Dzi\u0119ki wieloletniemu do\u015bwiadczeniu produkcyjnemu Don Fidelis integruje teraz zaawansowane narz\u0119dzia AI w proces pracy. Pozwala to na: <\/p><ul data-start=\"1162\" data-end=\"1265\"><li data-section-id=\"ngut33\" data-start=\"1162\" data-end=\"1190\">Szybsze cykle produkcyjne<\/li><li data-section-id=\"1gsr04c\" data-start=\"1191\" data-end=\"1223\">Wi\u0119ksz\u0105 elastyczno\u015b\u0107 tw\u00f3rcz\u0105<\/li><li data-section-id=\"18f8q\" data-start=\"1224\" data-end=\"1265\">Bardziej wyrafinowany i zr\u00f3\u017cnicowany sound design<\/li><\/ul><p data-start=\"1267\" data-end=\"1366\">Rezultat: muzyka wy\u017cszej jako\u015bci, dostarczana sprawnie, bez kompromis\u00f3w w zakresie kontroli artystycznej.<\/p><h4 data-section-id=\"u4dr43\" data-start=\"1368\" data-end=\"1398\">Profesjonalna jako\u015b\u0107 d\u017awi\u0119ku<\/h4><p data-start=\"1400\" data-end=\"1471\">Ka\u017cdy utw\u00f3r jest profesjonalnie zmiksowany i zmasterowany zgodnie ze standardami bran\u017cowymi:<\/p><ul data-start=\"1472\" data-end=\"1529\"><li data-section-id=\"lf88k\" data-start=\"1472\" data-end=\"1500\">Zintegrowane LUFS: ~12<\/li><li data-section-id=\"1xy6v74\" data-start=\"1501\" data-end=\"1529\">Kr\u00f3tkoterminowe LUFS: ~10<\/li><\/ul><p data-start=\"1531\" data-end=\"1615\">Gwarantuje to, \u017ce Pana muzyka brzmi mocno, czysto i sp\u00f3jnie na wszystkich platformach.<\/p><h4 data-section-id=\"nq0mmo\" data-start=\"1617\" data-end=\"1645\">Dlaczego warto wybra\u0107 muzyk\u0119 na zam\u00f3wienie?<\/h4><ul data-start=\"1647\" data-end=\"1849\"><li data-section-id=\"sf6ua5\" data-start=\"1647\" data-end=\"1693\">100% unikalna \u2014 \u017cadnych gotowych ani przetworzonych tre\u015bci<\/li><li data-section-id=\"vuf1xl\" data-start=\"1694\" data-end=\"1746\">W pe\u0142ni zgodna z Pana wizj\u0105 lub to\u017csamo\u015bci\u0105 marki<\/li><li data-section-id=\"1mos9vp\" data-start=\"1747\" data-end=\"1784\">Elastyczna pod wzgl\u0119dem gatunk\u00f3w i styl\u00f3w<\/li><li data-section-id=\"1c7ouvu\" data-start=\"1785\" data-end=\"1849\">Odpowiednia do u\u017cytku komercyjnego, marketingu lub projekt\u00f3w osobistych<\/li><\/ul>\t\t\t\t\t\t\t\t<\/div>\n\t\t\t\t<\/div>\n\t\t<div class=\"elementor-element elementor-element-435755d e-con-full e-flex e-con e-child\" data-id=\"435755d\" data-element_type=\"container\" data-e-type=\"container\">\n\t\t\t\t<div class=\"elementor-element elementor-element-625eccd elementor-grid-1 elementor-product-loop-item--align-center elementor-grid-tablet-3 elementor-grid-mobile-2 elementor-products-grid elementor-wc-products elementor-widget elementor-widget-woocommerce-products\" data-id=\"625eccd\" data-element_type=\"widget\" data-e-type=\"widget\" data-widget_type=\"woocommerce-products.default\">\n\t\t\t\t<div class=\"elementor-widget-container\">\n\t\t\t\t\t<div class=\"woocommerce columns-1 \"><ul class=\"products elementor-grid columns-1\">\n<li class=\"product type-product post-8206 status-publish first instock product_cat-nieskategoryzowane has-post-thumbnail taxable shipping-taxable purchasable product-type-simple\">\n\t<a href=\"https:\/\/audiowo.com\/pl\/produkt\/utwor-muzyczny-na-zamowienie\/\" class=\"woocommerce-LoopProduct-link woocommerce-loop-product__link\"><img fetchpriority=\"high\" decoding=\"async\" width=\"300\" height=\"300\" src=\"https:\/\/audiowo.com\/wp-content\/uploads\/2026\/04\/Custom-made-music-track-Audiowo-Don-Fidelis-300x300.webp\" class=\"attachment-woocommerce_thumbnail size-woocommerce_thumbnail\" alt=\"Custom made music track - Audiowo - Don Fidelis\" srcset=\"https:\/\/audiowo.com\/wp-content\/uploads\/2026\/04\/Custom-made-music-track-Audiowo-Don-Fidelis-300x300.webp 300w, https:\/\/audiowo.com\/wp-content\/uploads\/2026\/04\/Custom-made-music-track-Audiowo-Don-Fidelis-150x150.webp 150w, https:\/\/audiowo.com\/wp-content\/uploads\/2026\/04\/Custom-made-music-track-Audiowo-Don-Fidelis-768x768.webp 768w, https:\/\/audiowo.com\/wp-content\/uploads\/2026\/04\/Custom-made-music-track-Audiowo-Don-Fidelis-600x600.webp 600w, https:\/\/audiowo.com\/wp-content\/uploads\/2026\/04\/Custom-made-music-track-Audiowo-Don-Fidelis-100x100.webp 100w, https:\/\/audiowo.com\/wp-content\/uploads\/2026\/04\/Custom-made-music-track-Audiowo-Don-Fidelis.webp 800w\" sizes=\"(max-width: 300px) 100vw, 300px\" \/><h2 class=\"woocommerce-loop-product__title\">Utw\u00f3r muzyczny na zam\u00f3wienie<\/h2>\n\t<span class=\"price\"><span class=\"woocommerce-Price-amount amount\"><bdi>300,00&nbsp;<span class=\"woocommerce-Price-currencySymbol\">&euro;<\/span><\/bdi><\/span><\/span>\n<\/a><a href=\"\/pl\/wp-json\/wp\/v2\/pages\/7665?add-to-cart=8206\" aria-describedby=\"woocommerce_loop_add_to_cart_link_describedby_8206\" data-quantity=\"1\" class=\"button product_type_simple add_to_cart_button ajax_add_to_cart\" data-product_id=\"8206\" data-product_sku=\"\" aria-label=\"Dodaj do koszyka: &bdquo;Utw\u00f3r muzyczny na zam\u00f3wienie&rdquo;\" rel=\"nofollow\" data-success_message=\"\u201eUtw\u00f3r muzyczny na zam\u00f3wienie\u201d dodano do Pa\u0144stwa koszyka.\" role=\"button\">Dodaj do koszyka<\/a>\t<span id=\"woocommerce_loop_add_to_cart_link_describedby_8206\" class=\"screen-reader-text\">\n\t\t\t<\/span>\n<\/li>\n<\/ul>\n<\/div>\t\t\t\t<\/div>\n\t\t\t\t<\/div>\n\t\t\t\t<\/div>\n\t\t\t\t\t<\/div>\n\t\t\t\t<\/div>\n\t\t\t\t<\/div>\n\t\t","protected":false},"excerpt":{"rendered":"<p>Utwory muzyczne na zam\u00f3wienie Dostosowane do Pana wizji i marki Muzyka na zam\u00f3wienie Szuka Pan unikalnego utworu muzycznego, kt\u00f3ry idealnie pasuje do Pana pomys\u0142u, marki lub projektu? W Audiowo ka\u017cdy utw\u00f3r jest tworzony na zam\u00f3wienie od podstaw przez ghost producera Don Fidelis, zapewniaj\u0105c oryginalno\u015b\u0107, jako\u015b\u0107 i brzmienie, kt\u00f3re naprawd\u0119 si\u0119 wyr\u00f3\u017cnia. Niezale\u017cnie od tego, czy [&hellip;]<\/p>\n","protected":false},"author":1,"featured_media":0,"parent":0,"menu_order":0,"comment_status":"closed","ping_status":"closed","template":"elementor_header_footer","meta":{"_acf_changed":false,"footnotes":""},"class_list":["post-7665","page","type-page","status-publish","hentry"],"acf":[],"_links":{"self":[{"href":"https:\/\/audiowo.com\/pl\/wp-json\/wp\/v2\/pages\/7665","targetHints":{"allow":["GET"]}}],"collection":[{"href":"https:\/\/audiowo.com\/pl\/wp-json\/wp\/v2\/pages"}],"about":[{"href":"https:\/\/audiowo.com\/pl\/wp-json\/wp\/v2\/types\/page"}],"author":[{"embeddable":true,"href":"https:\/\/audiowo.com\/pl\/wp-json\/wp\/v2\/users\/1"}],"replies":[{"embeddable":true,"href":"https:\/\/audiowo.com\/pl\/wp-json\/wp\/v2\/comments?post=7665"}],"version-history":[{"count":0,"href":"https:\/\/audiowo.com\/pl\/wp-json\/wp\/v2\/pages\/7665\/revisions"}],"wp:attachment":[{"href":"https:\/\/audiowo.com\/pl\/wp-json\/wp\/v2\/media?parent=7665"}],"curies":[{"name":"wp","href":"https:\/\/api.w.org\/{rel}","templated":true}]}}