{"id":7848,"date":"2026-02-06T13:17:04","date_gmt":"2026-02-06T12:17:04","guid":{"rendered":"https:\/\/audiowo.com\/polityka-prywatnosci\/"},"modified":"2026-04-09T17:31:20","modified_gmt":"2026-04-09T15:31:20","slug":"polityka-prywatnosci","status":"publish","type":"page","link":"https:\/\/audiowo.com\/pl\/informacje-prawne\/polityka-prywatnosci\/","title":{"rendered":"Polityka prywatno\u015bci"},"content":{"rendered":"\t\t<div data-elementor-type=\"wp-page\" data-elementor-id=\"7848\" class=\"elementor elementor-7848 elementor-3\" data-elementor-post-type=\"page\">\n\t\t\t\t<div class=\"elementor-element elementor-element-3e40102 e-flex e-con-boxed e-con e-parent\" data-id=\"3e40102\" data-element_type=\"container\" data-e-type=\"container\">\n\t\t\t\t\t<div class=\"e-con-inner\">\n\t\t\t\t<div class=\"elementor-element elementor-element-d462c38 elementor-widget elementor-widget-heading\" data-id=\"d462c38\" data-element_type=\"widget\" data-e-type=\"widget\" data-widget_type=\"heading.default\">\n\t\t\t\t\t<h1 class=\"elementor-heading-title elementor-size-default\">Polityka prywatno\u015bci<\/h1>\t\t\t\t<\/div>\n\t\t\t\t\t<\/div>\n\t\t\t\t<\/div>\n\t\t<div class=\"elementor-element elementor-element-76b9d70 e-flex e-con-boxed e-con e-parent\" data-id=\"76b9d70\" data-element_type=\"container\" data-e-type=\"container\">\n\t\t\t\t\t<div class=\"e-con-inner\">\n\t\t\t\t\t\t\t<h4 \n\t\tdata-interaction-id=\"8f0586a\" \n\t\tclass=\"e-heading-base\" \n\t\t \n\t\tdata-e-type=\"widget\" data-id=\"8f0586a\"\n\t>\n\t\n\t\t\t  1. Administrator danych\n\t\t<\/h4>\n\t\t\t\t\t<\/div>\n\t\t\t\t<\/div>\n\t\t<div class=\"elementor-element elementor-element-2b1b74c e-flex e-con-boxed e-con e-parent\" data-id=\"2b1b74c\" data-element_type=\"container\" data-e-type=\"container\">\n\t\t\t\t\t<div class=\"e-con-inner\">\n\t\t\t\t\t\t\t\t<p class=\"e-paragraph-base\" data-interaction-id=\"699278d\"  data-e-type=\"widget\" data-id=\"699278d\">\n\t\t\t\t\t\t\t\t<strong>Fidelis Marketing Group S.L.<\/strong><br>Marki operacyjne: <strong>audiowo.com<\/strong>, <strong>escuchargratis.es<\/strong><br>Zarejestrowana w Hiszpanii<br>(\u201eSp\u00f3\u0142ka\u201d, \u201emy\u201d, \u201enas\u201d)\n\t\t\t\t\t<\/p>\n\t\t\t\t\t<\/div>\n\t\t\t\t<\/div>\n\t\t<div class=\"elementor-element elementor-element-dffd3b0 e-flex e-con-boxed e-con e-parent\" data-id=\"dffd3b0\" data-element_type=\"container\" data-e-type=\"container\">\n\t\t\t\t\t<div class=\"e-con-inner\">\n\t\t\t\t\t\t\t<h4 \n\t\tdata-interaction-id=\"e04e82b\" \n\t\tclass=\"e-heading-base\" \n\t\t \n\t\tdata-e-type=\"widget\" data-id=\"e04e82b\"\n\t>\n\t\n\t\t\t2. Gromadzone dane\n\t\t<\/h4>\n\t\t\t\t\t<\/div>\n\t\t\t\t<\/div>\n\t\t<div class=\"elementor-element elementor-element-de72aba e-flex e-con-boxed e-con e-parent\" data-id=\"de72aba\" data-element_type=\"container\" data-e-type=\"container\">\n\t\t\t\t\t<div class=\"e-con-inner\">\n\t\t\t\t\t\t\t\t<p class=\"e-paragraph-base\" data-interaction-id=\"9f9879c\"  data-e-type=\"widget\" data-id=\"9f9879c\">\n\t\t\t\t\t\t\t\tGromadzimy: Imi\u0119 i nazwisko, adres e-mail, dane firmy, informacje rozliczeniowe, adres IP i dane dotycz\u0105ce u\u017cytkowania, przes\u0142ane tre\u015bci (arty\u015bci)\n\t\t\t\t\t<\/p>\n\t\t\t\t\t<\/div>\n\t\t\t\t<\/div>\n\t\t<div class=\"elementor-element elementor-element-eab8629 e-flex e-con-boxed e-con e-parent\" data-id=\"eab8629\" data-element_type=\"container\" data-e-type=\"container\">\n\t\t\t\t\t<div class=\"e-con-inner\">\n\t\t\t\t\t\t\t<h4 \n\t\tdata-interaction-id=\"f75ba1f\" \n\t\tclass=\"e-heading-base\" \n\t\t \n\t\tdata-e-type=\"widget\" data-id=\"f75ba1f\"\n\t>\n\t\n\t\t\t3. Cel\n\t\t<\/h4>\n\t\t\t\t\t<\/div>\n\t\t\t\t<\/div>\n\t\t<div class=\"elementor-element elementor-element-30998a2 e-flex e-con-boxed e-con e-parent\" data-id=\"30998a2\" data-element_type=\"container\" data-e-type=\"container\">\n\t\t\t\t\t<div class=\"e-con-inner\">\n\t\t\t\t\t\t\t\t<p class=\"e-paragraph-base\" data-interaction-id=\"57a0ca2\"  data-e-type=\"widget\" data-id=\"57a0ca2\">\n\t\t\t\t\t\t\t\tDane s\u0105 przetwarzane w celu: \u015awiadczenia us\u0142ug, Zarz\u0105dzania subskrypcjami, Przetwarzania p\u0142atno\u015bci, Wype\u0142niania zobowi\u0105za\u0144 prawnych\n\t\t\t\t\t<\/p>\n\t\t\t\t\t<\/div>\n\t\t\t\t<\/div>\n\t\t<div class=\"elementor-element elementor-element-43f66c0 e-flex e-con-boxed e-con e-parent\" data-id=\"43f66c0\" data-element_type=\"container\" data-e-type=\"container\">\n\t\t\t\t\t<div class=\"e-con-inner\">\n\t\t\t\t\t\t\t<h4 \n\t\tdata-interaction-id=\"1d609ba\" \n\t\tclass=\"e-heading-base\" \n\t\t \n\t\tdata-e-type=\"widget\" data-id=\"1d609ba\"\n\t>\n\t\n\t\t\t4. Podstawa prawna\n\t\t<\/h4>\n\t\t\t\t\t<\/div>\n\t\t\t\t<\/div>\n\t\t<div class=\"elementor-element elementor-element-2c4a89a e-flex e-con-boxed e-con e-parent\" data-id=\"2c4a89a\" data-element_type=\"container\" data-e-type=\"container\">\n\t\t\t\t\t<div class=\"e-con-inner\">\n\t\t\t\t\t\t\t\t<p class=\"e-paragraph-base\" data-interaction-id=\"1992afd\"  data-e-type=\"widget\" data-id=\"1992afd\">\n\t\t\t\t\t\t\t\tPrzetwarzanie opiera si\u0119 na: Konieczno\u015bci umownej, Obowi\u0105zkach prawnych, Uzasadnionym interesie\n\t\t\t\t\t<\/p>\n\t\t\t\t\t<\/div>\n\t\t\t\t<\/div>\n\t\t<div class=\"elementor-element elementor-element-ff2da94 e-flex e-con-boxed e-con e-parent\" data-id=\"ff2da94\" data-element_type=\"container\" data-e-type=\"container\">\n\t\t\t\t\t<div class=\"e-con-inner\">\n\t\t\t\t\t\t\t<h4 \n\t\tdata-interaction-id=\"dbaf626\" \n\t\tclass=\"e-heading-base\" \n\t\t \n\t\tdata-e-type=\"widget\" data-id=\"dbaf626\"\n\t>\n\t\n\t\t\t5. Udost\u0119pnianie danych\n\t\t<\/h4>\n\t\t\t\t\t<\/div>\n\t\t\t\t<\/div>\n\t\t<div class=\"elementor-element elementor-element-c1dba76 e-flex e-con-boxed e-con e-parent\" data-id=\"c1dba76\" data-element_type=\"container\" data-e-type=\"container\">\n\t\t\t\t\t<div class=\"e-con-inner\">\n\t\t\t\t\t\t\t\t<p class=\"e-paragraph-base\" data-interaction-id=\"0a4693a\"  data-e-type=\"widget\" data-id=\"0a4693a\">\n\t\t\t\t\t\t\t\tDane mog\u0105 by\u0107 udost\u0119pniane: Dostawcom p\u0142atno\u015bci, Dostawcom us\u0142ug hostingowych i IT, Dane nie s\u0105 sprzedawane.\n\t\t\t\t\t<\/p>\n\t\t\t\t\t<\/div>\n\t\t\t\t<\/div>\n\t\t<div class=\"elementor-element elementor-element-a447c6b e-flex e-con-boxed e-con e-parent\" data-id=\"a447c6b\" data-element_type=\"container\" data-e-type=\"container\">\n\t\t\t\t\t<div class=\"e-con-inner\">\n\t\t\t\t\t\t\t<h4 \n\t\tdata-interaction-id=\"1565e33\" \n\t\tclass=\"e-heading-base\" \n\t\t \n\t\tdata-e-type=\"widget\" data-id=\"1565e33\"\n\t>\n\t\n\t\t\t6. Przechowywanie danych\n\t\t<\/h4>\n\t\t\t\t\t<\/div>\n\t\t\t\t<\/div>\n\t\t<div class=\"elementor-element elementor-element-ae54121 e-flex e-con-boxed e-con e-parent\" data-id=\"ae54121\" data-element_type=\"container\" data-e-type=\"container\">\n\t\t\t\t\t<div class=\"e-con-inner\">\n\t\t\t\t\t\t\t\t<p class=\"e-paragraph-base\" data-interaction-id=\"5784ae2\"  data-e-type=\"widget\" data-id=\"5784ae2\">\n\t\t\t\t\t\t\t\tDane s\u0105 przechowywane tylko tak d\u0142ugo, jak jest to konieczne do cel\u00f3w prawnych i operacyjnych.\n\t\t\t\t\t<\/p>\n\t\t\t\t\t<\/div>\n\t\t\t\t<\/div>\n\t\t<div class=\"elementor-element elementor-element-accb6e5 e-flex e-con-boxed e-con e-parent\" data-id=\"accb6e5\" data-element_type=\"container\" data-e-type=\"container\">\n\t\t\t\t\t<div class=\"e-con-inner\">\n\t\t\t\t\t\t\t<h4 \n\t\tdata-interaction-id=\"6563d9e\" \n\t\tclass=\"e-heading-base\" \n\t\t \n\t\tdata-e-type=\"widget\" data-id=\"6563d9e\"\n\t>\n\t\n\t\t\t7. Prawa u\u017cytkownika\n\t\t<\/h4>\n\t\t\t\t\t<\/div>\n\t\t\t\t<\/div>\n\t\t<div class=\"elementor-element elementor-element-3a074de e-flex e-con-boxed e-con e-parent\" data-id=\"3a074de\" data-element_type=\"container\" data-e-type=\"container\">\n\t\t\t\t\t<div class=\"e-con-inner\">\n\t\t\t\t\t\t\t\t<p class=\"e-paragraph-base\" data-interaction-id=\"c3af79d\"  data-e-type=\"widget\" data-id=\"c3af79d\">\n\t\t\t\t\t\t\t\tU\u017cytkownicy mog\u0105 \u017c\u0105da\u0107: Dost\u0119pu, Korekty, Usuni\u0119cia, Ograniczenia, Przenoszenia danych, \u017b\u0105dania mo\u017cna wysy\u0142a\u0107 na adres: <strong>info@fidelismarketinggroupsl.com<\/strong>\n\t\t\t\t\t<\/p>\n\t\t\t\t\t<\/div>\n\t\t\t\t<\/div>\n\t\t<div class=\"elementor-element elementor-element-507a5de e-flex e-con-boxed e-con e-parent\" data-id=\"507a5de\" data-element_type=\"container\" data-e-type=\"container\">\n\t\t\t\t\t<div class=\"e-con-inner\">\n\t\t\t\t\t\t\t<h4 \n\t\tdata-interaction-id=\"306dc3d\" \n\t\tclass=\"e-heading-base\" \n\t\t \n\t\tdata-e-type=\"widget\" data-id=\"306dc3d\"\n\t>\n\t\n\t\t\t8. Bezpiecze\u0144stwo\n\t\t<\/h4>\n\t\t\t\t\t<\/div>\n\t\t\t\t<\/div>\n\t\t<div class=\"elementor-element elementor-element-332492b e-flex e-con-boxed e-con e-parent\" data-id=\"332492b\" data-element_type=\"container\" data-e-type=\"container\">\n\t\t\t\t\t<div class=\"e-con-inner\">\n\t\t\t\t\t\t\t\t<p class=\"e-paragraph-base\" data-interaction-id=\"bba3fed\"  data-e-type=\"widget\" data-id=\"bba3fed\">\n\t\t\t\t\t\t\t\tStosowane s\u0105 odpowiednie \u015brodki techniczne i organizacyjne.\n\t\t\t\t\t<\/p>\n\t\t\t\t\t<\/div>\n\t\t\t\t<\/div>\n\t\t\t\t<\/div>\n\t\t","protected":false},"excerpt":{"rendered":"<p>Polityka prywatno\u015bci 1. Administrator danych Fidelis Marketing Group S.L.Marki operacyjne: audiowo.com, escuchargratis.esZarejestrowana w Hiszpanii(\u201eSp\u00f3\u0142ka\u201d, \u201emy\u201d, \u201enas\u201d) 2. Gromadzone dane Gromadzimy: Imi\u0119 i nazwisko, adres e-mail, dane firmy, informacje rozliczeniowe, adres IP i dane dotycz\u0105ce u\u017cytkowania, przes\u0142ane tre\u015bci (arty\u015bci) 3. Cel Dane s\u0105 przetwarzane w celu: \u015awiadczenia us\u0142ug, Zarz\u0105dzania subskrypcjami, Przetwarzania p\u0142atno\u015bci, Wype\u0142niania zobowi\u0105za\u0144 prawnych 4. [&hellip;]<\/p>\n","protected":false},"author":1,"featured_media":0,"parent":8438,"menu_order":0,"comment_status":"closed","ping_status":"closed","template":"elementor_header_footer","meta":{"_acf_changed":false,"footnotes":""},"class_list":["post-7848","page","type-page","status-publish","hentry"],"acf":[],"_links":{"self":[{"href":"https:\/\/audiowo.com\/pl\/wp-json\/wp\/v2\/pages\/7848","targetHints":{"allow":["GET"]}}],"collection":[{"href":"https:\/\/audiowo.com\/pl\/wp-json\/wp\/v2\/pages"}],"about":[{"href":"https:\/\/audiowo.com\/pl\/wp-json\/wp\/v2\/types\/page"}],"author":[{"embeddable":true,"href":"https:\/\/audiowo.com\/pl\/wp-json\/wp\/v2\/users\/1"}],"replies":[{"embeddable":true,"href":"https:\/\/audiowo.com\/pl\/wp-json\/wp\/v2\/comments?post=7848"}],"version-history":[{"count":0,"href":"https:\/\/audiowo.com\/pl\/wp-json\/wp\/v2\/pages\/7848\/revisions"}],"up":[{"embeddable":true,"href":"https:\/\/audiowo.com\/pl\/wp-json\/wp\/v2\/pages\/8438"}],"wp:attachment":[{"href":"https:\/\/audiowo.com\/pl\/wp-json\/wp\/v2\/media?parent=7848"}],"curies":[{"name":"wp","href":"https:\/\/api.w.org\/{rel}","templated":true}]}}