{"id":7986,"date":"2026-02-07T15:19:19","date_gmt":"2026-02-07T14:19:19","guid":{"rendered":"https:\/\/audiowo.com\/umowa-licencyjna-na-muzyke-komercyjna\/"},"modified":"2026-04-09T17:31:20","modified_gmt":"2026-04-09T15:31:20","slug":"umowa-licencyjna-na-muzyke-komercyjna","status":"publish","type":"page","link":"https:\/\/audiowo.com\/pl\/informacje-prawne\/umowa-licencyjna-na-muzyke-komercyjna\/","title":{"rendered":"Umowa licencyjna na muzyk\u0119 komercyjn\u0105"},"content":{"rendered":"\t\t<div data-elementor-type=\"wp-page\" data-elementor-id=\"7986\" class=\"elementor elementor-7986 elementor-37\" data-elementor-post-type=\"page\">\n\t\t\t\t<div class=\"elementor-element elementor-element-7e52a01 e-flex e-con-boxed e-con e-parent\" data-id=\"7e52a01\" data-element_type=\"container\" data-e-type=\"container\">\n\t\t\t\t\t<div class=\"e-con-inner\">\n\t\t\t\t<div class=\"elementor-element elementor-element-2e5f5f9 elementor-widget elementor-widget-heading\" data-id=\"2e5f5f9\" data-element_type=\"widget\" data-e-type=\"widget\" data-widget_type=\"heading.default\">\n\t\t\t\t\t<h1 class=\"elementor-heading-title elementor-size-default\">Umowa licencyjna na muzyk\u0119 komercyjn\u0105<\/h1>\t\t\t\t<\/div>\n\t\t\t\t\t<\/div>\n\t\t\t\t<\/div>\n\t\t<div class=\"elementor-element elementor-element-6bda279 e-flex e-con-boxed e-con e-parent\" data-id=\"6bda279\" data-element_type=\"container\" data-e-type=\"container\">\n\t\t\t\t\t<div class=\"e-con-inner\">\n\t\t\t\t\t\t\t\t<p class=\"e-paragraph-base\" data-interaction-id=\"96a3464\"  data-e-type=\"widget\" data-id=\"96a3464\">\n\t\t\t\t\t\t\t\tNiniejsza Umowa Licencyjna na Muzyk\u0119 Komercyjn\u0105 (\u201eUmowa\u201d) zostaje zawarta pomi\u0119dzy:<strong>Licencjodawca: <\/strong>Fidelis Marketing Group SL.<br>Dzia\u0142aj\u0105cy pod mark\u0105: ListenForFree.com oraz <strong>Licencjobiorca:<\/strong><br>Subskrybuj\u0105cy podmiot gospodarczy lub osoba fizyczna.Poprzez zakup lub korzystanie z tej subskrypcji, Licencjobiorca akceptuje nast\u0119puj\u0105ce warunki.\n\t\t\t\t\t<\/p>\n\t\t\t\t\t<\/div>\n\t\t\t\t<\/div>\n\t\t<div class=\"elementor-element elementor-element-bca82f1 e-flex e-con-boxed e-con e-parent\" data-id=\"bca82f1\" data-element_type=\"container\" data-e-type=\"container\">\n\t\t\t\t\t<div class=\"e-con-inner\">\n\t\t\t\t\t\t\t<h4 \n\t\tdata-interaction-id=\"ba71986\" \n\t\tclass=\"e-heading-base\" \n\t\t \n\t\tdata-e-type=\"widget\" data-id=\"ba71986\"\n\t>\n\t\n\t\t\t1. Licencjonowana muzyka\n\t\t<\/h4>\n\t\t\t\t\t<\/div>\n\t\t\t\t<\/div>\n\t\t<div class=\"elementor-element elementor-element-4168600 e-flex e-con-boxed e-con e-parent\" data-id=\"4168600\" data-element_type=\"container\" data-e-type=\"container\">\n\t\t\t\t\t<div class=\"e-con-inner\">\n\t\t\t\t\t\t\t\t<p class=\"e-paragraph-base\" data-interaction-id=\"22aecba\"  data-e-type=\"widget\" data-id=\"22aecba\">\n\t\t\t\t\t\t\t\tMuzyka udost\u0119pniana w ramach tej subskrypcji (\u201eMuzyka Licencjonowana\u201d) sk\u0142ada si\u0119 wy\u0142\u0105cznie z oryginalnych dzie\u0142 muzycznych, kt\u00f3re:Nie s\u0105 <strong>zarejestrowane<\/strong> w \u017cadnej Organizacji Praw Wykonawczych (PRO), w tym mi\u0119dzy innymi <strong>BUMA\/STEMRA, SGAE, PRS, ASCAP, BMI, SESAC<\/strong>;S\u0105 w pe\u0142ni w\u0142asno\u015bci\u0105 i pod kontrol\u0105 Licencjodawcy.\n\t\t\t\t\t<\/p>\n\t\t\t\t\t<\/div>\n\t\t\t\t<\/div>\n\t\t<div class=\"elementor-element elementor-element-e45531a e-flex e-con-boxed e-con e-parent\" data-id=\"e45531a\" data-element_type=\"container\" data-e-type=\"container\">\n\t\t\t\t\t<div class=\"e-con-inner\">\n\t\t\t\t\t\t\t<h4 \n\t\tdata-interaction-id=\"8d9bc2e\" \n\t\tclass=\"e-heading-base\" \n\t\t \n\t\tdata-e-type=\"widget\" data-id=\"8d9bc2e\"\n\t>\n\t\n\t\t\t2. Udzielenie licencji\n\t\t<\/h4>\n\t\t\t\t\t<\/div>\n\t\t\t\t<\/div>\n\t\t<div class=\"elementor-element elementor-element-7e0b0fb e-flex e-con-boxed e-con e-parent\" data-id=\"7e0b0fb\" data-element_type=\"container\" data-e-type=\"container\">\n\t\t\t\t\t<div class=\"e-con-inner\">\n\t\t\t\t\t\t\t\t<p class=\"e-paragraph-base\" data-interaction-id=\"41911e4\"  data-e-type=\"widget\" data-id=\"41911e4\">\n\t\t\t\t\t\t\t\tPod warunkiem aktywnej subskrypcji i dokonania p\u0142atno\u015bci Licencjodawca udziela Licencjobiorcy <strong>niewy\u0142\u0105cznej, nieprzenoszalnej, ograniczonej licencji komercyjnej<\/strong> na: publiczne wykonywanie Licencjonowanej muzyki w fizycznych lokalizacjach biznesowych Licencjobiorcy (np. restauracje, bary, hotele, sklepy detaliczne); wykorzystywanie Licencjonowanej muzyki jako muzyki t\u0142a lub muzyki otoczenia dla klient\u00f3w i personelu. Niniejsza licencja jest wa\u017cna <strong>wy\u0142\u0105cznie przez okres trwania aktywnej subskrypcji<\/strong>.\n\t\t\t\t\t<\/p>\n\t\t\t\t\t<\/div>\n\t\t\t\t<\/div>\n\t\t<div class=\"elementor-element elementor-element-462465d e-flex e-con-boxed e-con e-parent\" data-id=\"462465d\" data-element_type=\"container\" data-e-type=\"container\">\n\t\t\t\t\t<div class=\"e-con-inner\">\n\t\t\t\t\t\t\t<h4 \n\t\tdata-interaction-id=\"3e3c26e\" \n\t\tclass=\"e-heading-base\" \n\t\t \n\t\tdata-e-type=\"widget\" data-id=\"3e3c26e\"\n\t>\n\t\n\t\t\t3. Brak dodatkowych tantiem\n\t\t<\/h4>\n\t\t\t\t\t<\/div>\n\t\t\t\t<\/div>\n\t\t<div class=\"elementor-element elementor-element-f5590d4 e-flex e-con-boxed e-con e-parent\" data-id=\"f5590d4\" data-element_type=\"container\" data-e-type=\"container\">\n\t\t\t\t\t<div class=\"e-con-inner\">\n\t\t\t\t\t\t\t\t<p class=\"e-paragraph-base\" data-interaction-id=\"2f41f67\"  data-e-type=\"widget\" data-id=\"2f41f67\">\n\t\t\t\t\t\t\t\tPoniewa\u017c Licencjonowana muzyka nie jest zarejestrowana w \u017cadnej organizacji PRO: Licencjobiorca <strong>nie jest zobowi\u0105zany do uiszczania jakichkolwiek dodatkowych tantiem za publiczne wykonanie<\/strong> na rzecz BUMA\/STEMRA, SGAE lub jakiejkolwiek innej organizacji zbiorowego zarz\u0105dzania prawami za Licencjonowan\u0105 muzyk\u0119; z tytu\u0142u autoryzowanego u\u017cytkowania na podstawie niniejszej Umowy nie powstaj\u0105 \u017cadne roszczenia dotycz\u0105ce tantiem ze strony os\u00f3b trzecich.\n\t\t\t\t\t<\/p>\n\t\t\t\t\t<\/div>\n\t\t\t\t<\/div>\n\t\t<div class=\"elementor-element elementor-element-77bea1d e-flex e-con-boxed e-con e-parent\" data-id=\"77bea1d\" data-element_type=\"container\" data-e-type=\"container\">\n\t\t\t\t\t<div class=\"e-con-inner\">\n\t\t\t\t\t\t\t<h4 \n\t\tdata-interaction-id=\"6ff8ef2\" \n\t\tclass=\"e-heading-base\" \n\t\t \n\t\tdata-e-type=\"widget\" data-id=\"6ff8ef2\"\n\t>\n\t\n\t\t\t4. Ograniczenia\n\t\t<\/h4>\n\t\t\t\t\t<\/div>\n\t\t\t\t<\/div>\n\t\t<div class=\"elementor-element elementor-element-bbd38b8 e-flex e-con-boxed e-con e-parent\" data-id=\"bbd38b8\" data-element_type=\"container\" data-e-type=\"container\">\n\t\t\t\t\t<div class=\"e-con-inner\">\n\t\t\t\t\t\t\t\t<p class=\"e-paragraph-base\" data-interaction-id=\"82c36a6\"  data-e-type=\"widget\" data-id=\"82c36a6\">\n\t\t\t\t\t\t\t\tLicencjobiorca <strong>nie mo\u017ce<\/strong>: odsprzedawa\u0107, udziela\u0107 sublicencji, dystrybuowa\u0107 ani udost\u0119pnia\u0107 Licencjonowanej muzyki osobom trzecim; wykorzystywa\u0107 Licencjonowanej muzyki do produkcji audiowizualnych, kampanii reklamowych, nadawania, platform streamingowych lub synchronizacji bez pisemnej zgody; modyfikowa\u0107, remiksowa\u0107 ani przypisywa\u0107 sobie autorstwa Licencjonowanej muzyki.\n\t\t\t\t\t<\/p>\n\t\t\t\t\t<\/div>\n\t\t\t\t<\/div>\n\t\t<div class=\"elementor-element elementor-element-7280161 e-flex e-con-boxed e-con e-parent\" data-id=\"7280161\" data-element_type=\"container\" data-e-type=\"container\">\n\t\t\t\t\t<div class=\"e-con-inner\">\n\t\t\t\t\t\t\t<h4 \n\t\tdata-interaction-id=\"538f317\" \n\t\tclass=\"e-heading-base\" \n\t\t \n\t\tdata-e-type=\"widget\" data-id=\"538f317\"\n\t>\n\t\n\t\t\t5. Obj\u0119te lokalizacje\n\t\t<\/h4>\n\t\t\t\t\t<\/div>\n\t\t\t\t<\/div>\n\t\t<div class=\"elementor-element elementor-element-735d3aa e-flex e-con-boxed e-con e-parent\" data-id=\"735d3aa\" data-element_type=\"container\" data-e-type=\"container\">\n\t\t\t\t\t<div class=\"e-con-inner\">\n\t\t\t\t\t\t\t\t<p class=\"e-paragraph-base\" data-interaction-id=\"b647354\"  data-e-type=\"widget\" data-id=\"b647354\">\n\t\t\t\t\t\t\t\tLicencja obejmuje <strong>wy\u0142\u0105cznie liczb\u0119 lokalizacji okre\u015blon\u0105 w aktywnym planie subskrypcji<\/strong>.<br>Dodatkowe lokalizacje wymagaj\u0105 rozszerzenia subskrypcji.\n\t\t\t\t\t<\/p>\n\t\t\t\t\t<\/div>\n\t\t\t\t<\/div>\n\t\t<div class=\"elementor-element elementor-element-550938f e-flex e-con-boxed e-con e-parent\" data-id=\"550938f\" data-element_type=\"container\" data-e-type=\"container\">\n\t\t\t\t\t<div class=\"e-con-inner\">\n\t\t\t\t\t\t\t<h4 \n\t\tdata-interaction-id=\"a335f82\" \n\t\tclass=\"e-heading-base\" \n\t\t \n\t\tdata-e-type=\"widget\" data-id=\"a335f82\"\n\t>\n\t\n\t\t\t6. W\u0142asno\u015b\u0107\n\t\t<\/h4>\n\t\t\t\t\t<\/div>\n\t\t\t\t<\/div>\n\t\t<div class=\"elementor-element elementor-element-5a2edfb e-flex e-con-boxed e-con e-parent\" data-id=\"5a2edfb\" data-element_type=\"container\" data-e-type=\"container\">\n\t\t\t\t\t<div class=\"e-con-inner\">\n\t\t\t\t\t\t\t\t<p class=\"e-paragraph-base\" data-interaction-id=\"1d700da\"  data-e-type=\"widget\" data-id=\"1d700da\">\n\t\t\t\t\t\t\t\tWszelkie prawa autorskie i prawa w\u0142asno\u015bci intelektualnej pozostaj\u0105 wy\u0142\u0105czn\u0105 w\u0142asno\u015bci\u0105 Licencjodawcy.<br>Niniejsza Umowa nie przenosi \u017cadnych praw w\u0142asno\u015bci.\n\t\t\t\t\t<\/p>\n\t\t\t\t\t<\/div>\n\t\t\t\t<\/div>\n\t\t<div class=\"elementor-element elementor-element-ab7741a e-flex e-con-boxed e-con e-parent\" data-id=\"ab7741a\" data-element_type=\"container\" data-e-type=\"container\">\n\t\t\t\t\t<div class=\"e-con-inner\">\n\t\t\t\t\t\t\t<h4 \n\t\tdata-interaction-id=\"c5ffa9b\" \n\t\tclass=\"e-heading-base\" \n\t\t \n\t\tdata-e-type=\"widget\" data-id=\"c5ffa9b\"\n\t>\n\t\n\t\t\t7. Rozwi\u0105zanie umowy\n\t\t<\/h4>\n\t\t\t\t\t<\/div>\n\t\t\t\t<\/div>\n\t\t<div class=\"elementor-element elementor-element-de07e6f e-flex e-con-boxed e-con e-parent\" data-id=\"de07e6f\" data-element_type=\"container\" data-e-type=\"container\">\n\t\t\t\t\t<div class=\"e-con-inner\">\n\t\t\t\t\t\t\t\t<p class=\"e-paragraph-base\" data-interaction-id=\"1baadf3\"  data-e-type=\"widget\" data-id=\"1baadf3\">\n\t\t\t\t\t\t\t\tNiniejsza Umowa ulega automatycznemu rozwi\u0105zaniu w przypadku: wyga\u015bni\u0119cia lub anulowania subskrypcji; naruszenia niniejszych warunk\u00f3w. Po rozwi\u0105zaniu umowy wszelkie wykorzystywanie Licencjonowanej muzyki musi zosta\u0107 natychmiast zaprzestane.\n\t\t\t\t\t<\/p>\n\t\t\t\t\t<\/div>\n\t\t\t\t<\/div>\n\t\t<div class=\"elementor-element elementor-element-748397f e-flex e-con-boxed e-con e-parent\" data-id=\"748397f\" data-element_type=\"container\" data-e-type=\"container\">\n\t\t\t\t\t<div class=\"e-con-inner\">\n\t\t\t\t\t\t\t<h4 \n\t\tdata-interaction-id=\"8d4d8d9\" \n\t\tclass=\"e-heading-base\" \n\t\t \n\t\tdata-e-type=\"widget\" data-id=\"8d4d8d9\"\n\t>\n\t\n\t\t\t8. Odpowiedzialno\u015b\u0107 i zabezpieczenie\n\t\t<\/h4>\n\t\t\t\t\t<\/div>\n\t\t\t\t<\/div>\n\t\t<div class=\"elementor-element elementor-element-fe4e81b e-flex e-con-boxed e-con e-parent\" data-id=\"fe4e81b\" data-element_type=\"container\" data-e-type=\"container\">\n\t\t\t\t\t<div class=\"e-con-inner\">\n\t\t\t\t\t\t\t\t<p class=\"e-paragraph-base\" data-interaction-id=\"aeba6ec\"  data-e-type=\"widget\" data-id=\"aeba6ec\">\n\t\t\t\t\t\t\t\tLicencjodawca gwarantuje, \u017ce posiada pe\u0142ne prawa do licencjonowania Licencjonowanej muzyki zgodnie z opisem.<br>Licencjobiorca zobowi\u0105zuje si\u0119 do wykorzystywania Licencjonowanej muzyki wy\u0142\u0105cznie w spos\u00f3b dozwolony.\n\t\t\t\t\t<\/p>\n\t\t\t\t\t<\/div>\n\t\t\t\t<\/div>\n\t\t<div class=\"elementor-element elementor-element-5ab2f97 e-flex e-con-boxed e-con e-parent\" data-id=\"5ab2f97\" data-element_type=\"container\" data-e-type=\"container\">\n\t\t\t\t\t<div class=\"e-con-inner\">\n\t\t\t\t\t\t\t<h4 \n\t\tdata-interaction-id=\"c594162\" \n\t\tclass=\"e-heading-base\" \n\t\t \n\t\tdata-e-type=\"widget\" data-id=\"c594162\"\n\t>\n\t\n\t\t\t9. Prawo w\u0142a\u015bciwe\n\t\t<\/h4>\n\t\t\t\t\t<\/div>\n\t\t\t\t<\/div>\n\t\t<div class=\"elementor-element elementor-element-78ac651 e-flex e-con-boxed e-con e-parent\" data-id=\"78ac651\" data-element_type=\"container\" data-e-type=\"container\">\n\t\t\t\t\t<div class=\"e-con-inner\">\n\t\t\t\t\t\t\t\t<p class=\"e-paragraph-base\" data-interaction-id=\"3d2983d\"  data-e-type=\"widget\" data-id=\"3d2983d\">\n\t\t\t\t\t\t\t\tNiniejsza Umowa podlega prawu <strong>Hiszpanii i jurysdykcji UE<\/strong>, bez wzgl\u0119du na zasady kolizyjne.\n\t\t\t\t\t<\/p>\n\t\t\t\t\t<\/div>\n\t\t\t\t<\/div>\n\t\t<div class=\"elementor-element elementor-element-15e4089 e-flex e-con-boxed e-con e-parent\" data-id=\"15e4089\" data-element_type=\"container\" data-e-type=\"container\">\n\t\t\t\t\t<div class=\"e-con-inner\">\n\t\t\t\t\t\t\t<h4 \n\t\tdata-interaction-id=\"484b36e\" \n\t\tclass=\"e-heading-base\" \n\t\t \n\t\tdata-e-type=\"widget\" data-id=\"484b36e\"\n\t>\n\t\n\t\t\t10. Ca\u0142o\u015b\u0107 umowy\n\t\t<\/h4>\n\t\t\t\t\t<\/div>\n\t\t\t\t<\/div>\n\t\t<div class=\"elementor-element elementor-element-c90ed9c e-flex e-con-boxed e-con e-parent\" data-id=\"c90ed9c\" data-element_type=\"container\" data-e-type=\"container\">\n\t\t\t\t\t<div class=\"e-con-inner\">\n\t\t\t\t\t\t\t\t<p class=\"e-paragraph-base\" data-interaction-id=\"d03c069\"  data-e-type=\"widget\" data-id=\"d03c069\">\n\t\t\t\t\t\t\t\tNiniejsza Umowa stanowi ca\u0142o\u015b\u0107 porozumienia pomi\u0119dzy stronami dotycz\u0105cego Licencjonowanej muzyki.\n\t\t\t\t\t<\/p>\n\t\t\t\t\t<\/div>\n\t\t\t\t<\/div>\n\t\t\t\t<\/div>\n\t\t","protected":false},"excerpt":{"rendered":"<p>Umowa licencyjna na muzyk\u0119 komercyjn\u0105 Niniejsza Umowa Licencyjna na Muzyk\u0119 Komercyjn\u0105 (\u201eUmowa\u201d) zostaje zawarta pomi\u0119dzy:Licencjodawca: Fidelis Marketing Group SL.Dzia\u0142aj\u0105cy pod mark\u0105: ListenForFree.com oraz Licencjobiorca:Subskrybuj\u0105cy podmiot gospodarczy lub osoba fizyczna.Poprzez zakup lub korzystanie z tej subskrypcji, Licencjobiorca akceptuje nast\u0119puj\u0105ce warunki. 1. Licencjonowana muzyka Muzyka udost\u0119pniana w ramach tej subskrypcji (\u201eMuzyka Licencjonowana\u201d) sk\u0142ada si\u0119 wy\u0142\u0105cznie z oryginalnych [&hellip;]<\/p>\n","protected":false},"author":1,"featured_media":0,"parent":8438,"menu_order":0,"comment_status":"closed","ping_status":"closed","template":"elementor_header_footer","meta":{"_acf_changed":false,"footnotes":""},"class_list":["post-7986","page","type-page","status-publish","hentry"],"acf":[],"_links":{"self":[{"href":"https:\/\/audiowo.com\/pl\/wp-json\/wp\/v2\/pages\/7986","targetHints":{"allow":["GET"]}}],"collection":[{"href":"https:\/\/audiowo.com\/pl\/wp-json\/wp\/v2\/pages"}],"about":[{"href":"https:\/\/audiowo.com\/pl\/wp-json\/wp\/v2\/types\/page"}],"author":[{"embeddable":true,"href":"https:\/\/audiowo.com\/pl\/wp-json\/wp\/v2\/users\/1"}],"replies":[{"embeddable":true,"href":"https:\/\/audiowo.com\/pl\/wp-json\/wp\/v2\/comments?post=7986"}],"version-history":[{"count":0,"href":"https:\/\/audiowo.com\/pl\/wp-json\/wp\/v2\/pages\/7986\/revisions"}],"up":[{"embeddable":true,"href":"https:\/\/audiowo.com\/pl\/wp-json\/wp\/v2\/pages\/8438"}],"wp:attachment":[{"href":"https:\/\/audiowo.com\/pl\/wp-json\/wp\/v2\/media?parent=7986"}],"curies":[{"name":"wp","href":"https:\/\/api.w.org\/{rel}","templated":true}]}}