{"id":8010,"date":"2026-02-07T16:04:34","date_gmt":"2026-02-07T15:04:34","guid":{"rendered":"https:\/\/audiowo.com\/umowa-o-przekazanie-muzyki-promocyjnej\/"},"modified":"2026-04-09T17:31:21","modified_gmt":"2026-04-09T15:31:21","slug":"umowa-o-przekazanie-muzyki-promocyjnej","status":"publish","type":"page","link":"https:\/\/audiowo.com\/pl\/informacje-prawne\/umowa-o-przekazanie-muzyki-promocyjnej\/","title":{"rendered":"Umowa o przekazanie muzyki promocyjnej"},"content":{"rendered":"\t\t<div data-elementor-type=\"wp-page\" data-elementor-id=\"8010\" class=\"elementor elementor-8010 elementor-44\" data-elementor-post-type=\"page\">\n\t\t\t\t<div class=\"elementor-element elementor-element-a93c18d e-flex e-con-boxed e-con e-parent\" data-id=\"a93c18d\" data-element_type=\"container\" data-e-type=\"container\">\n\t\t\t\t\t<div class=\"e-con-inner\">\n\t\t\t\t<div class=\"elementor-element elementor-element-c04a1da elementor-widget elementor-widget-heading\" data-id=\"c04a1da\" data-element_type=\"widget\" data-e-type=\"widget\" data-widget_type=\"heading.default\">\n\t\t\t\t\t<h1 class=\"elementor-heading-title elementor-size-default\">Umowa o przekazanie muzyki promocyjnej<\/h1>\t\t\t\t<\/div>\n\t\t\t\t\t<\/div>\n\t\t\t\t<\/div>\n\t\t<div class=\"elementor-element elementor-element-a5d71bc e-flex e-con-boxed e-con e-parent\" data-id=\"a5d71bc\" data-element_type=\"container\" data-e-type=\"container\">\n\t\t\t\t\t<div class=\"e-con-inner\">\n\t\t\t\t\t\t\t\t<p class=\"e-paragraph-base\" data-interaction-id=\"64d5bb1\"  data-e-type=\"widget\" data-id=\"64d5bb1\">\n\t\t\t\t\t\t\t\tUmowa o przekazanie muzyki promocyjnejNiniejsza Umowa o przekazanie muzyki promocyjnej (\u201eUmowa\u201d) zostaje zawarta pomi\u0119dzy: <strong>Firm\u0105:<\/strong><br><strong>Fidelis Marketing Group S.L.<\/strong><br>Dzia\u0142aj\u0105c\u0105 pod markami <strong>audiowo.com<\/strong> i <strong>escuchargratis.es<\/strong><br><br>(\u201eFirma\u201d) oraz <strong>Wsp\u00f3\u0142tw\u00f3rc\u0105: <\/strong>Przesy\u0142aj\u0105cym artyst\u0105 lub posiadaczem praw (\u201eWsp\u00f3\u0142tw\u00f3rca\u201d)Poprzez przes\u0142anie utworu muzycznego Wsp\u00f3\u0142tw\u00f3rca zgadza si\u0119 na poni\u017csze warunki.\n\t\t\t\t\t<\/p>\n\t\t\t\t\t<\/div>\n\t\t\t\t<\/div>\n\t\t<div class=\"elementor-element elementor-element-de80c50 e-flex e-con-boxed e-con e-parent\" data-id=\"de80c50\" data-element_type=\"container\" data-e-type=\"container\">\n\t\t\t\t\t<div class=\"e-con-inner\">\n\t\t\t\t\t\t\t<h4 \n\t\tdata-interaction-id=\"181912c\" \n\t\tclass=\"e-heading-base\" \n\t\t \n\t\tdata-e-type=\"widget\" data-id=\"181912c\"\n\t>\n\t\n\t\t\t1. Cel Umowy\n\t\t<\/h4>\n\t\t\t\t\t<\/div>\n\t\t\t\t<\/div>\n\t\t<div class=\"elementor-element elementor-element-3625bcd e-flex e-con-boxed e-con e-parent\" data-id=\"3625bcd\" data-element_type=\"container\" data-e-type=\"container\">\n\t\t\t\t\t<div class=\"e-con-inner\">\n\t\t\t\t\t\t\t\t<p class=\"e-paragraph-base\" data-interaction-id=\"2728fe8\"  data-e-type=\"widget\" data-id=\"2728fe8\">\n\t\t\t\t\t\t\t\tCelem niniejszej Umowy jest <strong>promocja<\/strong>.<br>Wsp\u00f3\u0142tw\u00f3rca dobrowolnie przesy\u0142a jeden lub wi\u0119cej utwor\u00f3w muzycznych (\u201eUtw\u00f3r\u201d), kt\u00f3re maj\u0105 by\u0107 wykorzystane jako <strong>promocyjna muzyka t\u0142a<\/strong> na komercyjnych platformach muzycznych Firmy.\n\t\t\t\t\t<\/p>\n\t\t\t\t\t<\/div>\n\t\t\t\t<\/div>\n\t\t<div class=\"elementor-element elementor-element-5788690 e-flex e-con-boxed e-con e-parent\" data-id=\"5788690\" data-element_type=\"container\" data-e-type=\"container\">\n\t\t\t\t\t<div class=\"e-con-inner\">\n\t\t\t\t\t\t\t<h4 \n\t\tdata-interaction-id=\"40b0c00\" \n\t\tclass=\"e-heading-base\" \n\t\t \n\t\tdata-e-type=\"widget\" data-id=\"40b0c00\"\n\t>\n\t\n\t\t\t2. Przeniesienie Praw\n\t\t<\/h4>\n\t\t\t\t\t<\/div>\n\t\t\t\t<\/div>\n\t\t<div class=\"elementor-element elementor-element-9211709 e-flex e-con-boxed e-con e-parent\" data-id=\"9211709\" data-element_type=\"container\" data-e-type=\"container\">\n\t\t\t\t\t<div class=\"e-con-inner\">\n\t\t\t\t\t\t\t\t<p class=\"e-paragraph-base\" data-interaction-id=\"d0efa90\"  data-e-type=\"widget\" data-id=\"d0efa90\">\n\t\t\t\t\t\t\t\tWsp\u00f3\u0142tw\u00f3rca niniejszym <strong>nieodwo\u0142alnie ceduje i przenosi wszelkie prawa, tytu\u0142y i udzia\u0142y<\/strong> w Utworze na Fidelis Marketing Group S.L., w tym mi\u0119dzy innymi:Prawa autorskie i prawa pokrewne;Prawa do eksploatacji komercyjnej;Prawa do dystrybucji, reprodukcji, publicznego wykonania i komunikacji.To przeniesienie jest <strong>trwa\u0142e i nieodwo\u0142alne<\/strong>.\n\t\t\t\t\t<\/p>\n\t\t\t\t\t<\/div>\n\t\t\t\t<\/div>\n\t\t<div class=\"elementor-element elementor-element-ab6979e e-flex e-con-boxed e-con e-parent\" data-id=\"ab6979e\" data-element_type=\"container\" data-e-type=\"container\">\n\t\t\t\t\t<div class=\"e-con-inner\">\n\t\t\t\t\t\t\t<h4 \n\t\tdata-interaction-id=\"2570dab\" \n\t\tclass=\"e-heading-base\" \n\t\t \n\t\tdata-e-type=\"widget\" data-id=\"2570dab\"\n\t>\n\t\n\t\t\t3. Brak Wynagrodzenia\n\t\t<\/h4>\n\t\t\t\t\t<\/div>\n\t\t\t\t<\/div>\n\t\t<div class=\"elementor-element elementor-element-d156def e-flex e-con-boxed e-con e-parent\" data-id=\"d156def\" data-element_type=\"container\" data-e-type=\"container\">\n\t\t\t\t\t<div class=\"e-con-inner\">\n\t\t\t\t\t\t\t\t<p class=\"e-paragraph-base\" data-interaction-id=\"31effb3\"  data-e-type=\"widget\" data-id=\"31effb3\">\n\t\t\t\t\t\t\t\tWsp\u00f3\u0142tw\u00f3rca <strong>zrzeka si\u0119 wszelkich praw do wynagrodzenia finansowego<\/strong>, tantiem lub przysz\u0142ych roszcze\u0144 zwi\u0105zanych z Utworem;Utw\u00f3r jest dostarczany <strong>bezp\u0142atnie<\/strong> jako wk\u0142ad promocyjny;Nie udziela si\u0119 \u017cadnych gwarancji dotycz\u0105cych ekspozycji, wykorzystania ani sukcesu.\n\t\t\t\t\t<\/p>\n\t\t\t\t\t<\/div>\n\t\t\t\t<\/div>\n\t\t<div class=\"elementor-element elementor-element-1a4aa4a e-flex e-con-boxed e-con e-parent\" data-id=\"1a4aa4a\" data-element_type=\"container\" data-e-type=\"container\">\n\t\t\t\t\t<div class=\"e-con-inner\">\n\t\t\t\t\t\t\t<h4 \n\t\tdata-interaction-id=\"01f7c8b\" \n\t\tclass=\"e-heading-base\" \n\t\t \n\t\tdata-e-type=\"widget\" data-id=\"01f7c8b\"\n\t>\n\t\n\t\t\t4. Wykorzystanie Komercyjne przez Klient\u00f3w\n\t\t<\/h4>\n\t\t\t\t\t<\/div>\n\t\t\t\t<\/div>\n\t\t<div class=\"elementor-element elementor-element-dd9a088 e-flex e-con-boxed e-con e-parent\" data-id=\"dd9a088\" data-element_type=\"container\" data-e-type=\"container\">\n\t\t\t\t\t<div class=\"e-con-inner\">\n\t\t\t\t\t\t\t\t<p class=\"e-paragraph-base\" data-interaction-id=\"0ba6009\"  data-e-type=\"widget\" data-id=\"0ba6009\">\n\t\t\t\t\t\t\t<a\n\t\t\t\t\thref=\"https:\/\/audiowo.com\/pl\/informacje-prawne\/umowa-licencyjna-na-muzyke-komercyjna\/\" target=\"_self\"\n\t\t\t\t\tclass=\"e-paragraph-link-base\"\n\t\t\t\t>\n\t\t\t\t\t\tFirma mo\u017ce udziela\u0107 licencji na Utw\u00f3r swoim klientom (w tym restauracjom, barom, supermarketom, hotelom, tw\u00f3rcom tre\u015bci i platformom internetowym) do wykorzystania jako muzyka t\u0142a, zgodnie z warunkami Umowy licencyjnej na muzyk\u0119 komercyjn\u0105 Firmy.\n\t\t\t\t<\/a>\n\t\t\t\t\t<\/p>\n\t\t\t\t\t<\/div>\n\t\t\t\t<\/div>\n\t\t<div class=\"elementor-element elementor-element-728f4ad e-flex e-con-boxed e-con e-parent\" data-id=\"728f4ad\" data-element_type=\"container\" data-e-type=\"container\">\n\t\t\t\t\t<div class=\"e-con-inner\">\n\t\t\t\t\t\t\t<h4 \n\t\tdata-interaction-id=\"b9945ef\" \n\t\tclass=\"e-heading-base\" \n\t\t \n\t\tdata-e-type=\"widget\" data-id=\"b9945ef\"\n\t>\n\t\n\t\t\t5. Dystrybucja Cyfrowa\n\t\t<\/h4>\n\t\t\t\t\t<\/div>\n\t\t\t\t<\/div>\n\t\t<div class=\"elementor-element elementor-element-fd016e6 e-flex e-con-boxed e-con e-parent\" data-id=\"fd016e6\" data-element_type=\"container\" data-e-type=\"container\">\n\t\t\t\t\t<div class=\"e-con-inner\">\n\t\t\t\t\t\t\t\t<p class=\"e-paragraph-base\" data-interaction-id=\"f95d515\"  data-e-type=\"widget\" data-id=\"f95d515\">\n\t\t\t\t\t\t\t\tFirma mo\u017ce publikowa\u0107 Utw\u00f3r na platformach cyfrowych, w tym mi\u0119dzy innymi: Spotify, Apple Music, Amazon Music, jako cz\u0119\u015b\u0107 <strong>album\u00f3w kompilacyjnych<\/strong> zarz\u0105dzanych przez Firm\u0119. Wsp\u00f3\u0142tw\u00f3rca przyjmuje do wiadomo\u015bci, \u017ce:Nie b\u0119d\u0105 wyp\u0142acane \u017cadne tantiemy ani przychody;Dystrybucja odbywa si\u0119 wy\u0142\u0105cznie w celach promocyjnych. \n\t\t\t\t\t<\/p>\n\t\t\t\t\t<\/div>\n\t\t\t\t<\/div>\n\t\t<div class=\"elementor-element elementor-element-868c844 e-flex e-con-boxed e-con e-parent\" data-id=\"868c844\" data-element_type=\"container\" data-e-type=\"container\">\n\t\t\t\t\t<div class=\"e-con-inner\">\n\t\t\t\t\t\t\t<h4 \n\t\tdata-interaction-id=\"fc43385\" \n\t\tclass=\"e-heading-base\" \n\t\t \n\t\tdata-e-type=\"widget\" data-id=\"fc43385\"\n\t>\n\t\n\t\t\t6. Atrybucja\n\t\t<\/h4>\n\t\t\t\t\t<\/div>\n\t\t\t\t<\/div>\n\t\t<div class=\"elementor-element elementor-element-3cf9ecb e-flex e-con-boxed e-con e-parent\" data-id=\"3cf9ecb\" data-element_type=\"container\" data-e-type=\"container\">\n\t\t\t\t\t<div class=\"e-con-inner\">\n\t\t\t\t\t\t\t\t<p class=\"e-paragraph-base\" data-interaction-id=\"3245f0e\"  data-e-type=\"widget\" data-id=\"3245f0e\">\n\t\t\t\t\t\t\t\tW miar\u0119 mo\u017cliwo\u015bci, <strong>nazwa artysty i dane uwierzytelniaj\u0105ce<\/strong> Wsp\u00f3\u0142tw\u00f3rcy b\u0119d\u0105 wy\u015bwietlane w zwi\u0105zku z Utworem.<br>Jednak\u017ce, atrybucja <strong>nie jest gwarantowana<\/strong> we wszystkich kontekstach u\u017cytkowania.\n\t\t\t\t\t<\/p>\n\t\t\t\t\t<\/div>\n\t\t\t\t<\/div>\n\t\t<div class=\"elementor-element elementor-element-90884f8 e-flex e-con-boxed e-con e-parent\" data-id=\"90884f8\" data-element_type=\"container\" data-e-type=\"container\">\n\t\t\t\t\t<div class=\"e-con-inner\">\n\t\t\t\t\t\t\t<h4 \n\t\tdata-interaction-id=\"e7a2536\" \n\t\tclass=\"e-heading-base\" \n\t\t \n\t\tdata-e-type=\"widget\" data-id=\"e7a2536\"\n\t>\n\t\n\t\t\t7. Standardy Jako\u015bci\n\t\t<\/h4>\n\t\t\t\t\t<\/div>\n\t\t\t\t<\/div>\n\t\t<div class=\"elementor-element elementor-element-17179e0 e-flex e-con-boxed e-con e-parent\" data-id=\"17179e0\" data-element_type=\"container\" data-e-type=\"container\">\n\t\t\t\t\t<div class=\"e-con-inner\">\n\t\t\t\t\t\t\t\t<p class=\"e-paragraph-base\" data-interaction-id=\"99a4d2a\"  data-e-type=\"widget\" data-id=\"99a4d2a\">\n\t\t\t\t\t\t\t\tWsp\u00f3\u0142tw\u00f3rca potwierdza, \u017ce Utw\u00f3r:Jest profesjonalnie wyprodukowany i zmasterowany;Zawiera wy\u0142\u0105cznie oryginaln\u0105 tre\u015b\u0107;Nie narusza praw os\u00f3b trzecich;Nie jest kopi\u0105 ani imitacj\u0105 istniej\u0105cych dzie\u0142;Mo\u017ce podlega\u0107 <strong>kontrolom rozpoznawania d\u017awi\u0119ku<\/strong>, w tym Shazam. U\u017cycie narz\u0119dzi AI jest dozwolone <strong>tylko wtedy, gdy wszystkie prawa s\u0105 w pe\u0142ni uregulowane<\/strong>, a jako\u015b\u0107 d\u017awi\u0119ku spe\u0142nia profesjonalne standardy. \n\t\t\t\t\t<\/p>\n\t\t\t\t\t<\/div>\n\t\t\t\t<\/div>\n\t\t<div class=\"elementor-element elementor-element-10b5145 e-flex e-con-boxed e-con e-parent\" data-id=\"10b5145\" data-element_type=\"container\" data-e-type=\"container\">\n\t\t\t\t\t<div class=\"e-con-inner\">\n\t\t\t\t\t\t\t<h4 \n\t\tdata-interaction-id=\"a398a1f\" \n\t\tclass=\"e-heading-base\" \n\t\t \n\t\tdata-e-type=\"widget\" data-id=\"a398a1f\"\n\t>\n\t\n\t\t\t8. Organizacje Praw Autorskich \/ Organizacje Zbiorowego Zarz\u0105dzania Prawami\n\t\t<\/h4>\n\t\t\t\t\t<\/div>\n\t\t\t\t<\/div>\n\t\t<div class=\"elementor-element elementor-element-78d648d e-flex e-con-boxed e-con e-parent\" data-id=\"78d648d\" data-element_type=\"container\" data-e-type=\"container\">\n\t\t\t\t\t<div class=\"e-con-inner\">\n\t\t\t\t\t\t\t\t<p class=\"e-paragraph-base\" data-interaction-id=\"b2fec2d\"  data-e-type=\"widget\" data-id=\"b2fec2d\">\n\t\t\t\t\t\t\t\tWsp\u00f3\u0142tw\u00f3rca gwarantuje, \u017ce Utw\u00f3r:<strong>Nie jest zarejestrowany<\/strong> w \u017cadnej Organizacji Zbiorowego Zarz\u0105dzania Prawami (PRO), w tym <strong>BUMA\/STEMRA, SGAE, PRS, ASCAP, BMI, SESAC<\/strong>;Nigdy <strong>nie zostanie zarejestrowany<\/strong> w \u017cadnej takiej organizacji w przysz\u0142o\u015bci.\n\t\t\t\t\t<\/p>\n\t\t\t\t\t<\/div>\n\t\t\t\t<\/div>\n\t\t<div class=\"elementor-element elementor-element-8c747b1 e-flex e-con-boxed e-con e-parent\" data-id=\"8c747b1\" data-element_type=\"container\" data-e-type=\"container\">\n\t\t\t\t\t<div class=\"e-con-inner\">\n\t\t\t\t\t\t\t<h4 \n\t\tdata-interaction-id=\"934a8cd\" \n\t\tclass=\"e-heading-base\" \n\t\t \n\t\tdata-e-type=\"widget\" data-id=\"934a8cd\"\n\t>\n\t\n\t\t\t9. Brak Obowi\u0105zku U\u017cycia\n\t\t<\/h4>\n\t\t\t\t\t<\/div>\n\t\t\t\t<\/div>\n\t\t<div class=\"elementor-element elementor-element-3bee980 e-flex e-con-boxed e-con e-parent\" data-id=\"3bee980\" data-element_type=\"container\" data-e-type=\"container\">\n\t\t\t\t\t<div class=\"e-con-inner\">\n\t\t\t\t\t\t\t\t<p class=\"e-paragraph-base\" data-interaction-id=\"8c8c737\"  data-e-type=\"widget\" data-id=\"8c8c737\">\n\t\t\t\t\t\t\t\tFirma <strong>nie ma obowi\u0105zku<\/strong> promowania, dystrybuowania ani licencjonowania Utworu;Je\u015bli Utw\u00f3r nie zostanie wykorzystany przez klient\u00f3w, Firma mo\u017ce <strong>usun\u0105\u0107 go ze swoich katalog\u00f3w<\/strong> wed\u0142ug w\u0142asnego uznania;Z w\u0142\u0105czenia nie wynikaj\u0105 \u017cadne prawa ani oczekiwania.\n\t\t\t\t\t<\/p>\n\t\t\t\t\t<\/div>\n\t\t\t\t<\/div>\n\t\t<div class=\"elementor-element elementor-element-938c733 e-flex e-con-boxed e-con e-parent\" data-id=\"938c733\" data-element_type=\"container\" data-e-type=\"container\">\n\t\t\t\t\t<div class=\"e-con-inner\">\n\t\t\t\t\t\t\t<h4 \n\t\tdata-interaction-id=\"ecd2cad\" \n\t\tclass=\"e-heading-base\" \n\t\t \n\t\tdata-e-type=\"widget\" data-id=\"ecd2cad\"\n\t>\n\t\n\t\t\t10. Brak Mo\u017cliwo\u015bci Wycofania\n\t\t<\/h4>\n\t\t\t\t\t<\/div>\n\t\t\t\t<\/div>\n\t\t<div class=\"elementor-element elementor-element-130efa8 e-flex e-con-boxed e-con e-parent\" data-id=\"130efa8\" data-element_type=\"container\" data-e-type=\"container\">\n\t\t\t\t\t<div class=\"e-con-inner\">\n\t\t\t\t\t\t\t\t<p class=\"e-paragraph-base\" data-interaction-id=\"333554d\"  data-e-type=\"widget\" data-id=\"333554d\">\n\t\t\t\t\t\t\t\tPo przes\u0142aniu i zaakceptowaniu, Wsp\u00f3\u0142tw\u00f3rca <strong>nie mo\u017ce wycofa\u0107 ani odzyska\u0107<\/strong> Utworu.\n\t\t\t\t\t<\/p>\n\t\t\t\t\t<\/div>\n\t\t\t\t<\/div>\n\t\t<div class=\"elementor-element elementor-element-9e31629 e-flex e-con-boxed e-con e-parent\" data-id=\"9e31629\" data-element_type=\"container\" data-e-type=\"container\">\n\t\t\t\t\t<div class=\"e-con-inner\">\n\t\t\t\t\t\t\t<h4 \n\t\tdata-interaction-id=\"8c1ede6\" \n\t\tclass=\"e-heading-base\" \n\t\t \n\t\tdata-e-type=\"widget\" data-id=\"8c1ede6\"\n\t>\n\t\n\t\t\t11. Prawo W\u0142a\u015bciwe\n\t\t<\/h4>\n\t\t\t\t\t<\/div>\n\t\t\t\t<\/div>\n\t\t<div class=\"elementor-element elementor-element-2cc228a e-flex e-con-boxed e-con e-parent\" data-id=\"2cc228a\" data-element_type=\"container\" data-e-type=\"container\">\n\t\t\t\t\t<div class=\"e-con-inner\">\n\t\t\t\t\t\t\t\t<p class=\"e-paragraph-base\" data-interaction-id=\"7c738b8\"  data-e-type=\"widget\" data-id=\"7c738b8\">\n\t\t\t\t\t\t\t\tNiniejsza Umowa podlega prawu <strong>Hiszpanii<\/strong>.\n\t\t\t\t\t<\/p>\n\t\t\t\t\t<\/div>\n\t\t\t\t<\/div>\n\t\t<div class=\"elementor-element elementor-element-02efac0 e-flex e-con-boxed e-con e-parent\" data-id=\"02efac0\" data-element_type=\"container\" data-e-type=\"container\">\n\t\t\t\t\t<div class=\"e-con-inner\">\n\t\t\t\t\t\t\t<h4 \n\t\tdata-interaction-id=\"0a3a60f\" \n\t\tclass=\"e-heading-base\" \n\t\t \n\t\tdata-e-type=\"widget\" data-id=\"0a3a60f\"\n\t>\n\t\n\t\t\t12. Ca\u0142o\u015b\u0107 Umowy\n\t\t<\/h4>\n\t\t\t\t\t<\/div>\n\t\t\t\t<\/div>\n\t\t<div class=\"elementor-element elementor-element-5ac4d09 e-flex e-con-boxed e-con e-parent\" data-id=\"5ac4d09\" data-element_type=\"container\" data-e-type=\"container\">\n\t\t\t\t\t<div class=\"e-con-inner\">\n\t\t\t\t\t\t\t\t<p class=\"e-paragraph-base\" data-interaction-id=\"960f892\"  data-e-type=\"widget\" data-id=\"960f892\">\n\t\t\t\t\t\t\t\tNiniejsza Umowa stanowi ca\u0142o\u015b\u0107 porozumienia mi\u0119dzy stronami.\n\t\t\t\t\t<\/p>\n\t\t\t\t\t<\/div>\n\t\t\t\t<\/div>\n\t\t\t\t<\/div>\n\t\t","protected":false},"excerpt":{"rendered":"<p>Umowa o przekazanie muzyki promocyjnej Umowa o przekazanie muzyki promocyjnejNiniejsza Umowa o przekazanie muzyki promocyjnej (\u201eUmowa\u201d) zostaje zawarta pomi\u0119dzy: Firm\u0105:Fidelis Marketing Group S.L.Dzia\u0142aj\u0105c\u0105 pod markami audiowo.com i escuchargratis.es (\u201eFirma\u201d) oraz Wsp\u00f3\u0142tw\u00f3rc\u0105: Przesy\u0142aj\u0105cym artyst\u0105 lub posiadaczem praw (\u201eWsp\u00f3\u0142tw\u00f3rca\u201d)Poprzez przes\u0142anie utworu muzycznego Wsp\u00f3\u0142tw\u00f3rca zgadza si\u0119 na poni\u017csze warunki. 1. Cel Umowy Celem niniejszej Umowy jest promocja.Wsp\u00f3\u0142tw\u00f3rca dobrowolnie [&hellip;]<\/p>\n","protected":false},"author":1,"featured_media":0,"parent":8438,"menu_order":0,"comment_status":"closed","ping_status":"closed","template":"elementor_header_footer","meta":{"_acf_changed":false,"footnotes":""},"class_list":["post-8010","page","type-page","status-publish","hentry"],"acf":[],"_links":{"self":[{"href":"https:\/\/audiowo.com\/pl\/wp-json\/wp\/v2\/pages\/8010","targetHints":{"allow":["GET"]}}],"collection":[{"href":"https:\/\/audiowo.com\/pl\/wp-json\/wp\/v2\/pages"}],"about":[{"href":"https:\/\/audiowo.com\/pl\/wp-json\/wp\/v2\/types\/page"}],"author":[{"embeddable":true,"href":"https:\/\/audiowo.com\/pl\/wp-json\/wp\/v2\/users\/1"}],"replies":[{"embeddable":true,"href":"https:\/\/audiowo.com\/pl\/wp-json\/wp\/v2\/comments?post=8010"}],"version-history":[{"count":0,"href":"https:\/\/audiowo.com\/pl\/wp-json\/wp\/v2\/pages\/8010\/revisions"}],"up":[{"embeddable":true,"href":"https:\/\/audiowo.com\/pl\/wp-json\/wp\/v2\/pages\/8438"}],"wp:attachment":[{"href":"https:\/\/audiowo.com\/pl\/wp-json\/wp\/v2\/media?parent=8010"}],"curies":[{"name":"wp","href":"https:\/\/api.w.org\/{rel}","templated":true}]}}