{"id":8020,"date":"2026-02-07T16:24:33","date_gmt":"2026-02-07T15:24:33","guid":{"rendered":"https:\/\/audiowo.com\/ogolne-warunki\/"},"modified":"2026-04-09T17:31:21","modified_gmt":"2026-04-09T15:31:21","slug":"ogolne-warunki","status":"publish","type":"page","link":"https:\/\/audiowo.com\/pl\/informacje-prawne\/ogolne-warunki\/","title":{"rendered":"Og\u00f3lne warunki"},"content":{"rendered":"\t\t<div data-elementor-type=\"wp-page\" data-elementor-id=\"8020\" class=\"elementor elementor-8020 elementor-50\" data-elementor-post-type=\"page\">\n\t\t\t\t<div class=\"elementor-element elementor-element-c59cca5 e-flex e-con-boxed e-con e-parent\" data-id=\"c59cca5\" data-element_type=\"container\" data-e-type=\"container\">\n\t\t\t\t\t<div class=\"e-con-inner\">\n\t\t\t\t<div class=\"elementor-element elementor-element-cc421cf elementor-widget elementor-widget-heading\" data-id=\"cc421cf\" data-element_type=\"widget\" data-e-type=\"widget\" data-widget_type=\"heading.default\">\n\t\t\t\t\t<h1 class=\"elementor-heading-title elementor-size-default\">Og\u00f3lne warunki<\/h1>\t\t\t\t<\/div>\n\t\t\t\t\t<\/div>\n\t\t\t\t<\/div>\n\t\t<div class=\"elementor-element elementor-element-4617e24 e-flex e-con-boxed e-con e-parent\" data-id=\"4617e24\" data-element_type=\"container\" data-e-type=\"container\">\n\t\t\t\t\t<div class=\"e-con-inner\">\n\t\t\t\t\t\t\t<h4 \n\t\tdata-interaction-id=\"a033120\" \n\t\tclass=\"e-heading-base\" \n\t\t \n\t\tdata-e-type=\"widget\" data-id=\"a033120\"\n\t>\n\t\n\t\t\t1. Informacje o firmie\n\t\t<\/h4>\n\t\t\t\t\t<\/div>\n\t\t\t\t<\/div>\n\t\t<div class=\"elementor-element elementor-element-c63537f e-flex e-con-boxed e-con e-parent\" data-id=\"c63537f\" data-element_type=\"container\" data-e-type=\"container\">\n\t\t\t\t\t<div class=\"e-con-inner\">\n\t\t\t\t\t\t\t\t<p class=\"e-paragraph-base\" data-interaction-id=\"0ffbea5\"  data-e-type=\"widget\" data-id=\"0ffbea5\">\n\t\t\t\t\t\t\t\tOperatorem niniejszej strony internetowej jest:<strong>Fidelis Marketing Group S.L.<\/strong><br>Marki operacyjne: <strong>audiowo.com<\/strong>, <strong>escuchargratis.es<\/strong><br>Zarejestrowana w Hiszpanii<br>(\u201eSp\u00f3\u0142ka\u201d, \u201emy\u201d)\n\t\t\t\t\t<\/p>\n\t\t\t\t\t<\/div>\n\t\t\t\t<\/div>\n\t\t<div class=\"elementor-element elementor-element-02875e6 e-flex e-con-boxed e-con e-parent\" data-id=\"02875e6\" data-element_type=\"container\" data-e-type=\"container\">\n\t\t\t\t\t<div class=\"e-con-inner\">\n\t\t\t\t\t\t\t<h4 \n\t\tdata-interaction-id=\"300ad99\" \n\t\tclass=\"e-heading-base\" \n\t\t \n\t\tdata-e-type=\"widget\" data-id=\"300ad99\"\n\t>\n\t\n\t\t\t2. Zakres\n\t\t<\/h4>\n\t\t\t\t\t<\/div>\n\t\t\t\t<\/div>\n\t\t<div class=\"elementor-element elementor-element-acb2627 e-flex e-con-boxed e-con e-parent\" data-id=\"acb2627\" data-element_type=\"container\" data-e-type=\"container\">\n\t\t\t\t\t<div class=\"e-con-inner\">\n\t\t\t\t\t\t\t\t<p class=\"e-paragraph-base\" data-interaction-id=\"5e831b1\"  data-e-type=\"widget\" data-id=\"5e831b1\">\n\t\t\t\t\t\t\t\tNiniejsze Og\u00f3lne Warunki reguluj\u0105 korzystanie z tej strony internetowej oraz wszystkich oferowanych us\u0142ug, w tym: komercyjnych subskrypcji muzycznych, licencjonowania muzyki dla klient\u00f3w biznesowych, zg\u0142osze\u0144 muzycznych artyst\u00f3w, dost\u0119pu do tre\u015bci cyfrowych. Uzyskuj\u0105c dost\u0119p do strony internetowej lub korzystaj\u0105c z niej, akceptujesz niniejsze Warunki.\n\t\t\t\t\t<\/p>\n\t\t\t\t\t<\/div>\n\t\t\t\t<\/div>\n\t\t<div class=\"elementor-element elementor-element-41feb29 e-flex e-con-boxed e-con e-parent\" data-id=\"41feb29\" data-element_type=\"container\" data-e-type=\"container\">\n\t\t\t\t\t<div class=\"e-con-inner\">\n\t\t\t\t\t\t\t<h4 \n\t\tdata-interaction-id=\"02bb3f4\" \n\t\tclass=\"e-heading-base\" \n\t\t \n\t\tdata-e-type=\"widget\" data-id=\"02bb3f4\"\n\t>\n\t\n\t\t\t3. Us\u0142ugi\n\t\t<\/h4>\n\t\t\t\t\t<\/div>\n\t\t\t\t<\/div>\n\t\t<div class=\"elementor-element elementor-element-456f098 e-flex e-con-boxed e-con e-parent\" data-id=\"456f098\" data-element_type=\"container\" data-e-type=\"container\">\n\t\t\t\t\t<div class=\"e-con-inner\">\n\t\t\t\t\t\t\t\t<p class=\"e-paragraph-base\" data-interaction-id=\"e9063de\"  data-e-type=\"widget\" data-id=\"e9063de\">\n\t\t\t\t\t\t\t\tSp\u00f3\u0142ka zapewnia dost\u0119p do oryginalnej muzyki licencjonowanej do komercyjnego u\u017cytku w tle przez firmy. Ca\u0142a licencjonowana muzyka: nie jest zarejestrowana w \u017cadnej organizacji praw wykonawczych (PRO), jest licencjonowana na podstawie konkretnych um\u00f3w zaakceptowanych podczas zakupu lub zg\u0142oszenia.\n\t\t\t\t\t<\/p>\n\t\t\t\t\t<\/div>\n\t\t\t\t<\/div>\n\t\t<div class=\"elementor-element elementor-element-076f2ef e-flex e-con-boxed e-con e-parent\" data-id=\"076f2ef\" data-element_type=\"container\" data-e-type=\"container\">\n\t\t\t\t\t<div class=\"e-con-inner\">\n\t\t\t\t\t\t\t<h4 \n\t\tdata-interaction-id=\"075af63\" \n\t\tclass=\"e-heading-base\" \n\t\t \n\t\tdata-e-type=\"widget\" data-id=\"075af63\"\n\t>\n\t\n\t\t\t4. Licencje komercyjne\n\t\t<\/h4>\n\t\t\t\t\t<\/div>\n\t\t\t\t<\/div>\n\t\t<div class=\"elementor-element elementor-element-5debfa4 e-flex e-con-boxed e-con e-parent\" data-id=\"5debfa4\" data-element_type=\"container\" data-e-type=\"container\">\n\t\t\t\t\t<div class=\"e-con-inner\">\n\t\t\t\t\t\t\t\t<p class=\"e-paragraph-base\" data-interaction-id=\"5459fce\"  data-e-type=\"widget\" data-id=\"5459fce\">\n\t\t\t\t\t\t\t<a\n\t\t\t\t\thref=\"https:\/\/audiowo.com\/pl\/umowa-licencyjna-na-muzyke-komercyjna\/\" target=\"_self\"\n\t\t\t\t\tclass=\"e-paragraph-link-base\"\n\t\t\t\t>\n\t\t\t\t\t\tKorzystanie z licencjonowanej muzyki podlega wy\u0142\u0105cznie Umowie Licencji na Muzyk\u0119 Komercyjn\u0105 zaakceptowanej podczas finalizacji zakupu. Subskrypcje: s\u0105 roczne, chyba \u017ce zaznaczono inaczej, s\u0105 niezbywalne, dotycz\u0105 tylko zakupionej liczby lokalizacji. \n\t\t\t\t<\/a>\n\t\t\t\t\t<\/p>\n\t\t\t\t\t<\/div>\n\t\t\t\t<\/div>\n\t\t<div class=\"elementor-element elementor-element-73fd662 e-flex e-con-boxed e-con e-parent\" data-id=\"73fd662\" data-element_type=\"container\" data-e-type=\"container\">\n\t\t\t\t\t<div class=\"e-con-inner\">\n\t\t\t\t\t\t\t<h4 \n\t\tdata-interaction-id=\"a98afcd\" \n\t\tclass=\"e-heading-base\" \n\t\t \n\t\tdata-e-type=\"widget\" data-id=\"a98afcd\"\n\t>\n\t\n\t\t\t5. Wk\u0142ad artyst\u00f3w\n\t\t<\/h4>\n\t\t\t\t\t<\/div>\n\t\t\t\t<\/div>\n\t\t<div class=\"elementor-element elementor-element-4a91aa9 e-flex e-con-boxed e-con e-parent\" data-id=\"4a91aa9\" data-element_type=\"container\" data-e-type=\"container\">\n\t\t\t\t\t<div class=\"e-con-inner\">\n\t\t\t\t\t\t\t\t<p class=\"e-paragraph-base\" data-interaction-id=\"964a47b\"  data-e-type=\"widget\" data-id=\"964a47b\">\n\t\t\t\t\t\t\t<a\n\t\t\t\t\thref=\"https:\/\/audiowo.com\/pl\/umowa-o-przekazanie-muzyki-promocyjnej\/\" target=\"_self\"\n\t\t\t\t\tclass=\"e-paragraph-link-base\"\n\t\t\t\t>\n\t\t\t\t\t\tArty\u015bci zg\u0142aszaj\u0105cy muzyk\u0119 akceptuj\u0105 Umow\u0119 o Wk\u0142adzie Muzycznym w Celach Promocyjnych, kt\u00f3ra reguluje: przeniesienie praw, wykorzystanie zg\u0142oszonych utwor\u00f3w, brak wynagrodzenia, dystrybucj\u0119 promocyjn\u0105.\n\t\t\t\t<\/a>\n\t\t\t\t\t<\/p>\n\t\t\t\t\t<\/div>\n\t\t\t\t<\/div>\n\t\t<div class=\"elementor-element elementor-element-24e4e7b e-flex e-con-boxed e-con e-parent\" data-id=\"24e4e7b\" data-element_type=\"container\" data-e-type=\"container\">\n\t\t\t\t\t<div class=\"e-con-inner\">\n\t\t\t\t\t\t\t<h4 \n\t\tdata-interaction-id=\"b0cd755\" \n\t\tclass=\"e-heading-base\" \n\t\t \n\t\tdata-e-type=\"widget\" data-id=\"b0cd755\"\n\t>\n\t\n\t\t\t6. W\u0142asno\u015b\u0107 intelektualna\n\t\t<\/h4>\n\t\t\t\t\t<\/div>\n\t\t\t\t<\/div>\n\t\t<div class=\"elementor-element elementor-element-da64f05 e-flex e-con-boxed e-con e-parent\" data-id=\"da64f05\" data-element_type=\"container\" data-e-type=\"container\">\n\t\t\t\t\t<div class=\"e-con-inner\">\n\t\t\t\t\t\t\t\t<p class=\"e-paragraph-base\" data-interaction-id=\"fafe4f4\"  data-e-type=\"widget\" data-id=\"fafe4f4\">\n\t\t\t\t\t\t\t\tCa\u0142a zawarto\u015b\u0107 strony internetowej jest chroniona prawem w\u0142asno\u015bci intelektualnej. Nieautoryzowane u\u017cycie, powielanie lub rozpowszechnianie jest zabronione.\n\t\t\t\t\t<\/p>\n\t\t\t\t\t<\/div>\n\t\t\t\t<\/div>\n\t\t<div class=\"elementor-element elementor-element-46c59d8 e-flex e-con-boxed e-con e-parent\" data-id=\"46c59d8\" data-element_type=\"container\" data-e-type=\"container\">\n\t\t\t\t\t<div class=\"e-con-inner\">\n\t\t\t\t\t\t\t<h4 \n\t\tdata-interaction-id=\"b927a10\" \n\t\tclass=\"e-heading-base\" \n\t\t \n\t\tdata-e-type=\"widget\" data-id=\"b927a10\"\n\t>\n\t\n\t\t\t7. P\u0142atno\u015bci i rozliczenia\n\t\t<\/h4>\n\t\t\t\t\t<\/div>\n\t\t\t\t<\/div>\n\t\t<div class=\"elementor-element elementor-element-4a52b33 e-flex e-con-boxed e-con e-parent\" data-id=\"4a52b33\" data-element_type=\"container\" data-e-type=\"container\">\n\t\t\t\t\t<div class=\"e-con-inner\">\n\t\t\t\t\t\t\t\t<p class=\"e-paragraph-base\" data-interaction-id=\"ea80fd1\"  data-e-type=\"widget\" data-id=\"ea80fd1\">\n\t\t\t\t\t\t\t\tP\u0142atno\u015bci s\u0105 przetwarzane za po\u015brednictwem bezpiecznych dostawc\u00f3w zewn\u0119trznych. Sp\u00f3\u0142ka zastrzega sobie prawo do: modyfikowania cen, zawieszania dost\u0119pu w przypadku braku p\u0142atno\u015bci.\n\t\t\t\t\t<\/p>\n\t\t\t\t\t<\/div>\n\t\t\t\t<\/div>\n\t\t<div class=\"elementor-element elementor-element-37258ce e-flex e-con-boxed e-con e-parent\" data-id=\"37258ce\" data-element_type=\"container\" data-e-type=\"container\">\n\t\t\t\t\t<div class=\"e-con-inner\">\n\t\t\t\t\t\t\t<h4 \n\t\tdata-interaction-id=\"3a0a1a4\" \n\t\tclass=\"e-heading-base\" \n\t\t \n\t\tdata-e-type=\"widget\" data-id=\"3a0a1a4\"\n\t>\n\t\n\t\t\t8. Odpowiedzialno\u015b\u0107\n\t\t<\/h4>\n\t\t\t\t\t<\/div>\n\t\t\t\t<\/div>\n\t\t<div class=\"elementor-element elementor-element-621b293 e-flex e-con-boxed e-con e-parent\" data-id=\"621b293\" data-element_type=\"container\" data-e-type=\"container\">\n\t\t\t\t\t<div class=\"e-con-inner\">\n\t\t\t\t\t\t\t\t<p class=\"e-paragraph-base\" data-interaction-id=\"4d5690e\"  data-e-type=\"widget\" data-id=\"4d5690e\">\n\t\t\t\t\t\t\t\tSp\u00f3\u0142ka nie ponosi odpowiedzialno\u015bci za: straty biznesowe, utrat\u0119 zysk\u00f3w, szkody po\u015brednie. Korzystanie z muzyki odbywa si\u0119 na w\u0142asn\u0105 odpowiedzialno\u015b\u0107 u\u017cytkownika w ramach warunk\u00f3w licencji.\n\t\t\t\t\t<\/p>\n\t\t\t\t\t<\/div>\n\t\t\t\t<\/div>\n\t\t<div class=\"elementor-element elementor-element-a8a9206 e-flex e-con-boxed e-con e-parent\" data-id=\"a8a9206\" data-element_type=\"container\" data-e-type=\"container\">\n\t\t\t\t\t<div class=\"e-con-inner\">\n\t\t\t\t\t\t\t<h4 \n\t\tdata-interaction-id=\"d12364a\" \n\t\tclass=\"e-heading-base\" \n\t\t \n\t\tdata-e-type=\"widget\" data-id=\"d12364a\"\n\t>\n\t\n\t\t\t9. Rozwi\u0105zanie umowy\n\t\t<\/h4>\n\t\t\t\t\t<\/div>\n\t\t\t\t<\/div>\n\t\t<div class=\"elementor-element elementor-element-9d41ed1 e-flex e-con-boxed e-con e-parent\" data-id=\"9d41ed1\" data-element_type=\"container\" data-e-type=\"container\">\n\t\t\t\t\t<div class=\"e-con-inner\">\n\t\t\t\t\t\t\t\t<p class=\"e-paragraph-base\" data-interaction-id=\"a04a37c\"  data-e-type=\"widget\" data-id=\"a04a37c\">\n\t\t\t\t\t\t\t\tSp\u00f3\u0142ka mo\u017ce zawiesi\u0107 lub zako\u0144czy\u0107 dost\u0119p w przypadku niew\u0142a\u015bciwego u\u017cycia lub naruszenia warunk\u00f3w.\n\t\t\t\t\t<\/p>\n\t\t\t\t\t<\/div>\n\t\t\t\t<\/div>\n\t\t<div class=\"elementor-element elementor-element-fac78a1 e-flex e-con-boxed e-con e-parent\" data-id=\"fac78a1\" data-element_type=\"container\" data-e-type=\"container\">\n\t\t\t\t\t<div class=\"e-con-inner\">\n\t\t\t\t\t\t\t<h4 \n\t\tdata-interaction-id=\"0e7ff03\" \n\t\tclass=\"e-heading-base\" \n\t\t \n\t\tdata-e-type=\"widget\" data-id=\"0e7ff03\"\n\t>\n\t\n\t\t\t10. Prawo w\u0142a\u015bciwe\n\t\t<\/h4>\n\t\t\t\t\t<\/div>\n\t\t\t\t<\/div>\n\t\t<div class=\"elementor-element elementor-element-096d75d e-flex e-con-boxed e-con e-parent\" data-id=\"096d75d\" data-element_type=\"container\" data-e-type=\"container\">\n\t\t\t\t\t<div class=\"e-con-inner\">\n\t\t\t\t\t\t\t\t<p class=\"e-paragraph-base\" data-interaction-id=\"3699cf9\"  data-e-type=\"widget\" data-id=\"3699cf9\">\n\t\t\t\t\t\t\t\tNiniejsze Warunki podlegaj\u0105 <strong>prawu hiszpa\u0144skiemu<\/strong>.<br>W\u0142a\u015bciwo\u015b\u0107 s\u0105du przys\u0142uguje s\u0105dom w Hiszpanii.\n\t\t\t\t\t<\/p>\n\t\t\t\t\t<\/div>\n\t\t\t\t<\/div>\n\t\t\t\t<\/div>\n\t\t","protected":false},"excerpt":{"rendered":"<p>Og\u00f3lne warunki 1. Informacje o firmie Operatorem niniejszej strony internetowej jest:Fidelis Marketing Group S.L.Marki operacyjne: audiowo.com, escuchargratis.esZarejestrowana w Hiszpanii(\u201eSp\u00f3\u0142ka\u201d, \u201emy\u201d) 2. Zakres Niniejsze Og\u00f3lne Warunki reguluj\u0105 korzystanie z tej strony internetowej oraz wszystkich oferowanych us\u0142ug, w tym: komercyjnych subskrypcji muzycznych, licencjonowania muzyki dla klient\u00f3w biznesowych, zg\u0142osze\u0144 muzycznych artyst\u00f3w, dost\u0119pu do tre\u015bci cyfrowych. Uzyskuj\u0105c dost\u0119p do [&hellip;]<\/p>\n","protected":false},"author":1,"featured_media":0,"parent":8438,"menu_order":0,"comment_status":"closed","ping_status":"closed","template":"elementor_header_footer","meta":{"_acf_changed":false,"footnotes":""},"class_list":["post-8020","page","type-page","status-publish","hentry"],"acf":[],"_links":{"self":[{"href":"https:\/\/audiowo.com\/pl\/wp-json\/wp\/v2\/pages\/8020","targetHints":{"allow":["GET"]}}],"collection":[{"href":"https:\/\/audiowo.com\/pl\/wp-json\/wp\/v2\/pages"}],"about":[{"href":"https:\/\/audiowo.com\/pl\/wp-json\/wp\/v2\/types\/page"}],"author":[{"embeddable":true,"href":"https:\/\/audiowo.com\/pl\/wp-json\/wp\/v2\/users\/1"}],"replies":[{"embeddable":true,"href":"https:\/\/audiowo.com\/pl\/wp-json\/wp\/v2\/comments?post=8020"}],"version-history":[{"count":0,"href":"https:\/\/audiowo.com\/pl\/wp-json\/wp\/v2\/pages\/8020\/revisions"}],"up":[{"embeddable":true,"href":"https:\/\/audiowo.com\/pl\/wp-json\/wp\/v2\/pages\/8438"}],"wp:attachment":[{"href":"https:\/\/audiowo.com\/pl\/wp-json\/wp\/v2\/media?parent=8020"}],"curies":[{"name":"wp","href":"https:\/\/api.w.org\/{rel}","templated":true}]}}