{"id":8438,"date":"2026-02-07T16:40:00","date_gmt":"2026-02-07T15:40:00","guid":{"rendered":"https:\/\/audiowo.com\/informacje-prawne\/"},"modified":"2026-04-09T17:31:24","modified_gmt":"2026-04-09T15:31:24","slug":"informacje-prawne","status":"publish","type":"page","link":"https:\/\/audiowo.com\/pl\/informacje-prawne\/","title":{"rendered":"Informacje prawne"},"content":{"rendered":"\t\t<div data-elementor-type=\"wp-page\" data-elementor-id=\"8438\" class=\"elementor elementor-8438 elementor-58\" data-elementor-post-type=\"page\">\n\t\t\t\t<div class=\"elementor-element elementor-element-480bd68 e-flex e-con-boxed e-con e-parent\" data-id=\"480bd68\" data-element_type=\"container\" data-e-type=\"container\">\n\t\t\t\t\t<div class=\"e-con-inner\">\n\t\t\t\t<div class=\"elementor-element elementor-element-400ae8a elementor-widget elementor-widget-heading\" data-id=\"400ae8a\" data-element_type=\"widget\" data-e-type=\"widget\" data-widget_type=\"heading.default\">\n\t\t\t\t\t<h1 class=\"elementor-heading-title elementor-size-default\">Informacje prawne<\/h1>\t\t\t\t<\/div>\n\t\t\t\t\t<\/div>\n\t\t\t\t<\/div>\n\t\t<div class=\"elementor-element elementor-element-35d147f e-flex e-con-boxed e-con e-parent\" data-id=\"35d147f\" data-element_type=\"container\" data-e-type=\"container\">\n\t\t\t\t\t<div class=\"e-con-inner\">\n\t\t\t\t\t\t\t\t<p class=\"e-paragraph-base\" data-interaction-id=\"82438c3\"  data-e-type=\"widget\" data-id=\"82438c3\">\n\t\t\t\t\t\t\t\tTa strona zapewnia dost\u0119p do wszystkich dokument\u00f3w prawnych zwi\u0105zanych ze stronami internetowymi i us\u0142ugami prowadzonymi przez <strong>Fidelis Marketing Group S.L.<\/strong>, w tym platformami licencjonowania muzyki i us\u0142ugami promocyjnymi. Zach\u0119camy wszystkich odwiedzaj\u0105cych, klient\u00f3w i wsp\u00f3\u0142pracownik\u00f3w do uwa\u017cnego zapoznania si\u0119 z obowi\u0105zuj\u0105cymi dokumentami prawnymi wymienionymi poni\u017cej.\n\t\t\t\t\t<\/p>\n\t\t\t\t\t<\/div>\n\t\t\t\t<\/div>\n\t\t<div class=\"elementor-element elementor-element-cc0df9b e-flex e-con-boxed e-con e-parent\" data-id=\"cc0df9b\" data-element_type=\"container\" data-e-type=\"container\">\n\t\t\t\t\t<div class=\"e-con-inner\">\n\t\t\t\t\t\t\t\t<p class=\"e-paragraph-base\" data-interaction-id=\"1c0d19c\"  data-e-type=\"widget\" data-id=\"1c0d19c\">\n\t\t\t\t\t\t\t<a\n\t\t\t\t\thref=\"https:\/\/audiowo.com\/pl\/ogolne-warunki\/\" target=\"_self\"\n\t\t\t\t\tclass=\"e-paragraph-link-base\"\n\t\t\t\t>\n\t\t\t\t\t\t\ud83d\udcc4 Og\u00f3lne warunki \u015bwiadczenia us\u0142ugNiniejsze warunki reguluj\u0105 og\u00f3lne korzystanie z naszych stron internetowych, platform i us\u0142ug cyfrowych, w tym dost\u0119p, p\u0142atno\u015bci i obowi\u0105zki u\u017cytkownik\u00f3w.\n\t\t\t\t<\/a>\n\t\t\t\t\t<\/p>\n\t\t\t\t\t<\/div>\n\t\t\t\t<\/div>\n\t\t<div class=\"elementor-element elementor-element-b1c872e e-flex e-con-boxed e-con e-parent\" data-id=\"b1c872e\" data-element_type=\"container\" data-e-type=\"container\">\n\t\t\t\t\t<div class=\"e-con-inner\">\n\t\t\t\t\t\t\t\t<p class=\"e-paragraph-base\" data-interaction-id=\"6cc148a\"  data-e-type=\"widget\" data-id=\"6cc148a\">\n\t\t\t\t\t\t\t<a\n\t\t\t\t\thref=\"https:\/\/audiowo.com\/pl\/polityka-prywatnosci\/\" target=\"_self\"\n\t\t\t\t\tclass=\"e-paragraph-link-base\"\n\t\t\t\t>\n\t\t\t\t\t\t\ud83d\udd10 Polityka prywatno\u015bciNasza Polityka prywatno\u015bci wyja\u015bnia, w jaki spos\u00f3b gromadzimy, przetwarzamy i chronimy dane osobowe zgodnie z og\u00f3lnym rozporz\u0105dzeniem o ochronie danych (RODO) i obowi\u0105zuj\u0105cymi przepisami prawa.\n\t\t\t\t<\/a>\n\t\t\t\t\t<\/p>\n\t\t\t\t\t<\/div>\n\t\t\t\t<\/div>\n\t\t<div class=\"elementor-element elementor-element-9faa98e e-flex e-con-boxed e-con e-parent\" data-id=\"9faa98e\" data-element_type=\"container\" data-e-type=\"container\">\n\t\t\t\t\t<div class=\"e-con-inner\">\n\t\t\t\t\t\t\t\t<p class=\"e-paragraph-base\" data-interaction-id=\"adb4ca5\"  data-e-type=\"widget\" data-id=\"adb4ca5\">\n\t\t\t\t\t\t\t<a\n\t\t\t\t\thref=\"https:\/\/audiowo.com\/pl\/polityka-plikow-cookie\/\" target=\"_self\"\n\t\t\t\t\tclass=\"e-paragraph-link-base\"\n\t\t\t\t>\n\t\t\t\t\t\t\ud83c\udf6a Polityka plik\u00f3w cookieNasza Polityka plik\u00f3w cookie wyja\u015bnia wykorzystanie niezb\u0119dnych plik\u00f3w cookie i plik\u00f3w cookie analitycznych oraz spos\u00f3b, w jaki odwiedzaj\u0105cy mog\u0105 zarz\u0105dza\u0107 swoimi preferencjami dotycz\u0105cymi plik\u00f3w cookie.\n\t\t\t\t<\/a>\n\t\t\t\t\t<\/p>\n\t\t\t\t\t<\/div>\n\t\t\t\t<\/div>\n\t\t<div class=\"elementor-element elementor-element-e6668c4 e-flex e-con-boxed e-con e-parent\" data-id=\"e6668c4\" data-element_type=\"container\" data-e-type=\"container\">\n\t\t\t\t\t<div class=\"e-con-inner\">\n\t\t\t\t\t\t\t\t<p class=\"e-paragraph-base\" data-interaction-id=\"aa563ab\"  data-e-type=\"widget\" data-id=\"aa563ab\">\n\t\t\t\t\t\t\t<a\n\t\t\t\t\thref=\"https:\/\/audiowo.com\/pl\/umowa-licencyjna-na-muzyke-komercyjna\/\" target=\"_self\"\n\t\t\t\t\tclass=\"e-paragraph-link-base\"\n\t\t\t\t>\n\t\t\t\t\t\t\ud83c\udfb5 Umowa licencyjna na muzyk\u0119 komercyjn\u0105Niniejsza umowa okre\u015bla warunki, na jakich przedsi\u0119biorstwa mog\u0105 korzysta\u0107 z licencjonowanej muzyki w tle udost\u0119pnianej za po\u015brednictwem naszych platform, w tym dozwolone u\u017cytkowanie, ograniczenia i czas trwania.\n\t\t\t\t<\/a>\n\t\t\t\t\t<\/p>\n\t\t\t\t\t<\/div>\n\t\t\t\t<\/div>\n\t\t<div class=\"elementor-element elementor-element-ebd5358 e-flex e-con-boxed e-con e-parent\" data-id=\"ebd5358\" data-element_type=\"container\" data-e-type=\"container\">\n\t\t\t\t\t<div class=\"e-con-inner\">\n\t\t\t\t\t\t\t\t<p class=\"e-paragraph-base\" data-interaction-id=\"b8979ee\"  data-e-type=\"widget\" data-id=\"b8979ee\">\n\t\t\t\t\t\t\t<a\n\t\t\t\t\thref=\"https:\/\/audiowo.com\/pl\/umowa-o-przekazanie-muzyki-promocyjnej\/\" target=\"_self\"\n\t\t\t\t\tclass=\"e-paragraph-link-base\"\n\t\t\t\t>\n\t\t\t\t\t\t\ud83c\udfa7 Umowa o wk\u0142ad muzyczny promocyjny (arty\u015bci)Niniejsza umowa dotyczy artyst\u00f3w i posiadaczy praw, kt\u00f3rzy przesy\u0142aj\u0105 muzyk\u0119 w celu promocyjnego umieszczenia na naszych platformach i wydawnictwach kompilacyjnych.\n\t\t\t\t<\/a>\n\t\t\t\t\t<\/p>\n\t\t\t\t\t<\/div>\n\t\t\t\t<\/div>\n\t\t<div class=\"elementor-element elementor-element-2edecb2 e-flex e-con-boxed e-con e-parent\" data-id=\"2edecb2\" data-element_type=\"container\" data-e-type=\"container\">\n\t\t\t\t\t<div class=\"e-con-inner\">\n\t\t\t\t\t\t\t\t<p class=\"e-paragraph-base\" data-interaction-id=\"7e3466e\"  data-e-type=\"widget\" data-id=\"7e3466e\">\n\t\t\t\t\t\t\t\tJurysdykcja i stosowalno\u015b\u0107: O ile nie okre\u015blono inaczej, wszystkie dokumenty prawne podlegaj\u0105 prawu <strong>Hiszpanii<\/strong> i maj\u0105 zastosowanie do u\u017cytkownik\u00f3w na ca\u0142ym \u015bwiecie.\n\t\t\t\t\t<\/p>\n\t\t\t\t\t<\/div>\n\t\t\t\t<\/div>\n\t\t<div class=\"elementor-element elementor-element-a6ce8fc e-flex e-con-boxed e-con e-parent\" data-id=\"a6ce8fc\" data-element_type=\"container\" data-e-type=\"container\">\n\t\t\t\t\t<div class=\"e-con-inner\">\n\t\t\t\t\t\t\t\t<p class=\"e-paragraph-base\" data-interaction-id=\"fa43eb2\"  data-e-type=\"widget\" data-id=\"fa43eb2\">\n\t\t\t\t\t\t\t<a\n\t\t\t\t\thref=\"https:\/\/audiowo.com\/pl\/kontakt\/\" target=\"_self\"\n\t\t\t\t\tclass=\"e-paragraph-link-base\"\n\t\t\t\t>\n\t\t\t\t\t\tKontakt W sprawach prawnych lub zwi\u0105zanych z prywatno\u015bci\u0105 prosimy o kontakt za po\u015brednictwem danych podanych na naszej stronie internetowej.\n\t\t\t\t<\/a>\n\t\t\t\t\t<\/p>\n\t\t\t\t\t<\/div>\n\t\t\t\t<\/div>\n\t\t\t\t<\/div>\n\t\t","protected":false},"excerpt":{"rendered":"<p>Informacje prawne Ta strona zapewnia dost\u0119p do wszystkich dokument\u00f3w prawnych zwi\u0105zanych ze stronami internetowymi i us\u0142ugami prowadzonymi przez Fidelis Marketing Group S.L., w tym platformami licencjonowania muzyki i us\u0142ugami promocyjnymi. Zach\u0119camy wszystkich odwiedzaj\u0105cych, klient\u00f3w i wsp\u00f3\u0142pracownik\u00f3w do uwa\u017cnego zapoznania si\u0119 z obowi\u0105zuj\u0105cymi dokumentami prawnymi wymienionymi poni\u017cej. \ud83d\udcc4 Og\u00f3lne warunki \u015bwiadczenia us\u0142ugNiniejsze warunki reguluj\u0105 og\u00f3lne korzystanie [&hellip;]<\/p>\n","protected":false},"author":1,"featured_media":0,"parent":0,"menu_order":0,"comment_status":"closed","ping_status":"closed","template":"elementor_header_footer","meta":{"_acf_changed":false,"footnotes":""},"class_list":["post-8438","page","type-page","status-publish","hentry"],"acf":[],"_links":{"self":[{"href":"https:\/\/audiowo.com\/pl\/wp-json\/wp\/v2\/pages\/8438","targetHints":{"allow":["GET"]}}],"collection":[{"href":"https:\/\/audiowo.com\/pl\/wp-json\/wp\/v2\/pages"}],"about":[{"href":"https:\/\/audiowo.com\/pl\/wp-json\/wp\/v2\/types\/page"}],"author":[{"embeddable":true,"href":"https:\/\/audiowo.com\/pl\/wp-json\/wp\/v2\/users\/1"}],"replies":[{"embeddable":true,"href":"https:\/\/audiowo.com\/pl\/wp-json\/wp\/v2\/comments?post=8438"}],"version-history":[{"count":0,"href":"https:\/\/audiowo.com\/pl\/wp-json\/wp\/v2\/pages\/8438\/revisions"}],"wp:attachment":[{"href":"https:\/\/audiowo.com\/pl\/wp-json\/wp\/v2\/media?parent=8438"}],"curies":[{"name":"wp","href":"https:\/\/api.w.org\/{rel}","templated":true}]}}