{"id":8206,"date":"2026-04-08T13:21:53","date_gmt":"2026-04-08T11:21:53","guid":{"rendered":"https:\/\/audiowo.com\/product\/utwor-muzyczny-na-zamowienie\/"},"modified":"2026-04-08T13:21:53","modified_gmt":"2026-04-08T11:21:53","slug":"utwor-muzyczny-na-zamowienie","status":"publish","type":"product","link":"https:\/\/audiowo.com\/pl\/produkt\/utwor-muzyczny-na-zamowienie\/","title":{"rendered":"Utw\u00f3r muzyczny na zam\u00f3wienie"},"content":{"rendered":"<h3 data-section-id=\"kzbvll\" data-start=\"837\" data-end=\"853\">Co Pa\u0144stwo otrzymuj\u0105<\/h3>\n<ul data-start=\"855\" data-end=\"1086\">\n<li data-section-id=\"1eu2wei\" data-start=\"855\" data-end=\"890\">\u2714 Utw\u00f3r na zam\u00f3wienie w <strong data-start=\"875\" data-end=\"888\">dowolnym gatunku<\/strong><\/li>\n<li data-section-id=\"1ds2gtc\" data-start=\"891\" data-end=\"945\">\u2714 <strong data-start=\"895\" data-end=\"926\">Instrumentalny lub z wokalem<\/strong> (m\u0119skim lub \u017ce\u0144skim)<\/li>\n<li data-section-id=\"3jg2wi\" data-start=\"946\" data-end=\"980\">\u2714 <strong data-start=\"950\" data-end=\"978\">100% oryginalna produkcja<\/strong><\/li>\n<li data-section-id=\"1t5qaaa\" data-start=\"981\" data-end=\"1017\">\u2714 <strong data-start=\"985\" data-end=\"1015\">4 rundy poprawek w cenie<\/strong><\/li>\n<li data-section-id=\"ctp5tw\" data-start=\"1018\" data-end=\"1055\">\u2714 Profesjonalnie zmiksowany i zmasterowany<\/li>\n<li data-section-id=\"1w42kxf\" data-start=\"1056\" data-end=\"1086\">\u2714 Gotowy do u\u017cytku komercyjnego<\/li>\n<\/ul>\n<h3 data-section-id=\"1va2ym6\" data-start=\"1093\" data-end=\"1113\">Teksty i koncepcja<\/h3>\n<p data-start=\"1115\" data-end=\"1145\">Je\u015bli Pa\u0144stwa utw\u00f3r zawiera wokal:<\/p>\n<ul data-start=\"1146\" data-end=\"1325\">\n<li data-section-id=\"1ucixgt\" data-start=\"1146\" data-end=\"1202\">Teksty s\u0105 <strong data-start=\"1152\" data-end=\"1200\">omawiane i zatwierdzane z wyprzedzeniem<\/strong><\/li>\n<li data-section-id=\"1wc8nft\" data-start=\"1203\" data-end=\"1266\">Mog\u0105 Pa\u0144stwo dostarczy\u0107 w\u0142asny tekst lub wsp\u00f3\u0142pracowa\u0107 nad koncepcj\u0105<\/li>\n<li data-section-id=\"1uvj11k\" data-start=\"1267\" data-end=\"1325\">Ostateczny kierunek jest zawsze zgodny z Pa\u0144stwa wizj\u0105<\/li>\n<\/ul>\n<h3 data-section-id=\"ixpo5k\" data-start=\"1332\" data-end=\"1354\">Jako\u015b\u0107 produkcji<\/h3>\n<p data-start=\"1356\" data-end=\"1415\">Wszystkie utwory s\u0105 dostarczane z profesjonalnymi standardami audio:<\/p>\n<ul data-start=\"1416\" data-end=\"1473\">\n<li data-section-id=\"lf88k\" data-start=\"1416\" data-end=\"1444\"><strong data-start=\"1418\" data-end=\"1438\">Zintegrowane LUFS:<\/strong> ~12<\/li>\n<li data-section-id=\"1xy6v74\" data-start=\"1445\" data-end=\"1473\"><strong data-start=\"1447\" data-end=\"1467\">Kr\u00f3tkoterminowe LUFS:<\/strong> ~10<\/li>\n<\/ul>\n<p data-start=\"1475\" data-end=\"1531\">Zoptymalizowany pod k\u0105tem platform streamingowych, reklam i u\u017cytku cyfrowego.<\/p>\n<h3 data-section-id=\"o1tr05\" data-start=\"1538\" data-end=\"1550\">Proces<\/h3>\n<ol data-start=\"1552\" data-end=\"1750\">\n<li data-section-id=\"46qe72\" data-start=\"1552\" data-end=\"1573\">Z\u0142o\u017cenie zam\u00f3wienia<\/li>\n<li data-section-id=\"4dsk2w\" data-start=\"1574\" data-end=\"1617\">Udost\u0119pnienie pomys\u0142u, stylu i referencji<\/li>\n<li data-section-id=\"gwf447\" data-start=\"1618\" data-end=\"1653\">Potwierdzenie tekst\u00f3w (je\u015bli dotyczy)<\/li>\n<li data-section-id=\"1i86ysv\" data-start=\"1654\" data-end=\"1676\">Rozpocz\u0119cie produkcji<\/li>\n<li data-section-id=\"1na1y2n\" data-start=\"1677\" data-end=\"1697\">Otrzymanie podgl\u0105du<\/li>\n<li data-section-id=\"sgvehz\" data-start=\"1698\" data-end=\"1730\">Zg\u0142oszenie poprawek (do 4)<\/li>\n<li data-section-id=\"1j7cqp8\" data-start=\"1731\" data-end=\"1750\">Ostateczna dostawa<\/li>\n<\/ol>\n<h3 data-section-id=\"1xnjjts\" data-start=\"1757\" data-end=\"1783\">Dlaczego warto wybra\u0107 Don Fidelisa i Audiowo.com<\/h3>\n<ul data-start=\"1785\" data-end=\"1942\">\n<li data-section-id=\"14y3yxp\" data-start=\"1785\" data-end=\"1815\">Do\u015bwiadczony ghost producer z 20-letnim sta\u017cem<\/li>\n<li data-section-id=\"1wa8isb\" data-start=\"1816\" data-end=\"1863\">Pracuje z <strong data-start=\"1829\" data-end=\"1861\">narz\u0119dziami produkcyjnymi wspomaganymi AI<\/strong><\/li>\n<li data-section-id=\"167q9o4\" data-start=\"1864\" data-end=\"1905\">Szybki czas realizacji z wysok\u0105 sp\u00f3jno\u015bci\u0105<\/li>\n<li data-section-id=\"a59152\" data-start=\"1906\" data-end=\"1942\">Elastyczno\u015b\u0107 we wszystkich stylach muzycznych<\/li>\n<\/ul>\n<h3 data-section-id=\"1x5ej4z\" data-start=\"1949\" data-end=\"1968\">Wa\u017cne uwagi<\/h3>\n<ul data-start=\"1970\" data-end=\"2116\">\n<li data-section-id=\"sd09u1\" data-start=\"1970\" data-end=\"2009\">Czas dostawy zale\u017cy od z\u0142o\u017cono\u015bci<\/li>\n<li data-section-id=\"vs6f81\" data-start=\"2010\" data-end=\"2060\">Jasne instrukcje = lepsze i szybsze rezultaty<\/li>\n<li data-section-id=\"1b3kjq6\" data-start=\"2061\" data-end=\"2116\">Dodatkowe poprawki mog\u0105 by\u0107 dost\u0119pne za dodatkow\u0105 op\u0142at\u0105<\/li>\n<\/ul>\n","protected":false},"excerpt":{"rendered":"<h3 data-section-id=\"77bgn1\" data-start=\"439\" data-end=\"492\">Utw\u00f3r muzyczny na zam\u00f3wienie \u2013 w pe\u0142ni dopasowany do Pa\u0144stwa potrzeb<\/h3>\n<p data-start=\"494\" data-end=\"694\">Zam\u00f3wi\u0105 Pa\u0144stwo <strong data-start=\"502\" data-end=\"548\">profesjonalnie wyprodukowany utw\u00f3r muzyczny na zam\u00f3wienie<\/strong> w sta\u0142ej cenie <strong data-start=\"570\" data-end=\"578\">300 \u20ac<\/strong>. Stworzony przez ghost producera <strong data-start=\"606\" data-end=\"621\">Dona Fidelisa<\/strong>, ka\u017cdy utw\u00f3r jest budowany od podstaw w oparciu o Pa\u0144stwa pomys\u0142y, cele i styl. <\/p>\n<p data-start=\"696\" data-end=\"709\">Odpowiedni dla:<\/p>\n<ul data-start=\"710\" data-end=\"830\">\n<li data-section-id=\"pauozy\" data-start=\"710\" data-end=\"733\">Artyst\u00f3w i wokalist\u00f3w<\/li>\n<li data-section-id=\"1avaya0\" data-start=\"734\" data-end=\"761\">Firm i branding<\/li>\n<li data-section-id=\"w7ijlb\" data-start=\"762\" data-end=\"796\">YouTube, reklam i medi\u00f3w spo\u0142eczno\u015bciowych<\/li>\n<li data-section-id=\"1xa11m8\" data-start=\"797\" data-end=\"830\">Projekt\u00f3w osobistych lub kreatywnych<\/li>\n<\/ul>\n","protected":false},"featured_media":5292,"comment_status":"closed","ping_status":"closed","template":"","meta":{"_acf_changed":false},"product_brand":[],"product_cat":[221],"product_tag":[],"class_list":{"0":"post-8206","1":"product","2":"type-product","3":"status-publish","4":"has-post-thumbnail","6":"product_cat-nieskategoryzowane","8":"first","9":"instock","10":"taxable","11":"shipping-taxable","12":"purchasable","13":"product-type-simple"},"acf":[],"_links":{"self":[{"href":"https:\/\/audiowo.com\/pl\/wp-json\/wp\/v2\/product\/8206","targetHints":{"allow":["GET"]}}],"collection":[{"href":"https:\/\/audiowo.com\/pl\/wp-json\/wp\/v2\/product"}],"about":[{"href":"https:\/\/audiowo.com\/pl\/wp-json\/wp\/v2\/types\/product"}],"replies":[{"embeddable":true,"href":"https:\/\/audiowo.com\/pl\/wp-json\/wp\/v2\/comments?post=8206"}],"version-history":[{"count":0,"href":"https:\/\/audiowo.com\/pl\/wp-json\/wp\/v2\/product\/8206\/revisions"}],"wp:featuredmedia":[{"embeddable":true,"href":"https:\/\/audiowo.com\/pl\/wp-json\/wp\/v2\/media\/5292"}],"wp:attachment":[{"href":"https:\/\/audiowo.com\/pl\/wp-json\/wp\/v2\/media?parent=8206"}],"wp:term":[{"taxonomy":"product_brand","embeddable":true,"href":"https:\/\/audiowo.com\/pl\/wp-json\/wp\/v2\/product_brand?post=8206"},{"taxonomy":"product_cat","embeddable":true,"href":"https:\/\/audiowo.com\/pl\/wp-json\/wp\/v2\/product_cat?post=8206"},{"taxonomy":"product_tag","embeddable":true,"href":"https:\/\/audiowo.com\/pl\/wp-json\/wp\/v2\/product_tag?post=8206"}],"curies":[{"name":"wp","href":"https:\/\/api.w.org\/{rel}","templated":true}]}}