{"id":7979,"date":"2026-02-07T15:19:19","date_gmt":"2026-02-07T14:19:19","guid":{"rendered":"https:\/\/audiowo.com\/acordo-de-licenca-de-musica-comercial\/"},"modified":"2026-04-09T17:31:15","modified_gmt":"2026-04-09T15:31:15","slug":"acordo-de-licenca-de-musica-comercial","status":"publish","type":"page","link":"https:\/\/audiowo.com\/pt-pt\/juridico\/acordo-de-licenca-de-musica-comercial\/","title":{"rendered":"Acordo de Licen\u00e7a de M\u00fasica Comercial"},"content":{"rendered":"\t\t<div data-elementor-type=\"wp-page\" data-elementor-id=\"7979\" class=\"elementor elementor-7979 elementor-37\" data-elementor-post-type=\"page\">\n\t\t\t\t<div class=\"elementor-element elementor-element-7e52a01 e-flex e-con-boxed e-con e-parent\" data-id=\"7e52a01\" data-element_type=\"container\" data-e-type=\"container\">\n\t\t\t\t\t<div class=\"e-con-inner\">\n\t\t\t\t<div class=\"elementor-element elementor-element-2e5f5f9 elementor-widget elementor-widget-heading\" data-id=\"2e5f5f9\" data-element_type=\"widget\" data-e-type=\"widget\" data-widget_type=\"heading.default\">\n\t\t\t\t\t<h1 class=\"elementor-heading-title elementor-size-default\">Acordo de Licen\u00e7a de M\u00fasica Comercial<\/h1>\t\t\t\t<\/div>\n\t\t\t\t\t<\/div>\n\t\t\t\t<\/div>\n\t\t<div class=\"elementor-element elementor-element-6bda279 e-flex e-con-boxed e-con e-parent\" data-id=\"6bda279\" data-element_type=\"container\" data-e-type=\"container\">\n\t\t\t\t\t<div class=\"e-con-inner\">\n\t\t\t\t\t\t\t\t<p class=\"e-paragraph-base\" data-interaction-id=\"96a3464\"  data-e-type=\"widget\" data-id=\"96a3464\">\n\t\t\t\t\t\t\t\tO presente Acordo de Licen\u00e7a de M\u00fasica Comercial (\u201cAcordo\u201d) \u00e9 celebrado entre:<strong>Licenciante: <\/strong>Fidelis Marketing Group SL.<br>A operar sob a marca: ListenForFree.com e <strong>Licenciado:<\/strong><br>A entidade empresarial ou o particular subscritor. Ao adquirir ou utilizar esta subscri\u00e7\u00e3o, o Licenciado concorda com os seguintes termos.\n\t\t\t\t\t<\/p>\n\t\t\t\t\t<\/div>\n\t\t\t\t<\/div>\n\t\t<div class=\"elementor-element elementor-element-bca82f1 e-flex e-con-boxed e-con e-parent\" data-id=\"bca82f1\" data-element_type=\"container\" data-e-type=\"container\">\n\t\t\t\t\t<div class=\"e-con-inner\">\n\t\t\t\t\t\t\t<h4 \n\t\tdata-interaction-id=\"ba71986\" \n\t\tclass=\"e-heading-base\" \n\t\t \n\t\tdata-e-type=\"widget\" data-id=\"ba71986\"\n\t>\n\t\n\t\t\t1. M\u00fasica Licenciada\n\t\t<\/h4>\n\t\t\t\t\t<\/div>\n\t\t\t\t<\/div>\n\t\t<div class=\"elementor-element elementor-element-4168600 e-flex e-con-boxed e-con e-parent\" data-id=\"4168600\" data-element_type=\"container\" data-e-type=\"container\">\n\t\t\t\t\t<div class=\"e-con-inner\">\n\t\t\t\t\t\t\t\t<p class=\"e-paragraph-base\" data-interaction-id=\"22aecba\"  data-e-type=\"widget\" data-id=\"22aecba\">\n\t\t\t\t\t\t\t\tA m\u00fasica disponibilizada ao abrigo desta subscri\u00e7\u00e3o (\u201cM\u00fasica Licenciada\u201d) consiste exclusivamente em obras musicais originais que:N\u00e3o est\u00e3o <strong>registadas<\/strong> em qualquer Organiza\u00e7\u00e3o de Direitos de Execu\u00e7\u00e3o P\u00fablica (PRO), incluindo, entre outras, <strong>BUMA\/STEMRA, SGAE, PRS, ASCAP, BMI, SESAC<\/strong>;S\u00e3o integralmente detidas e controladas pelo Licenciante.\n\t\t\t\t\t<\/p>\n\t\t\t\t\t<\/div>\n\t\t\t\t<\/div>\n\t\t<div class=\"elementor-element elementor-element-e45531a e-flex e-con-boxed e-con e-parent\" data-id=\"e45531a\" data-element_type=\"container\" data-e-type=\"container\">\n\t\t\t\t\t<div class=\"e-con-inner\">\n\t\t\t\t\t\t\t<h4 \n\t\tdata-interaction-id=\"8d9bc2e\" \n\t\tclass=\"e-heading-base\" \n\t\t \n\t\tdata-e-type=\"widget\" data-id=\"8d9bc2e\"\n\t>\n\t\n\t\t\t2. Concess\u00e3o de Licen\u00e7a\n\t\t<\/h4>\n\t\t\t\t\t<\/div>\n\t\t\t\t<\/div>\n\t\t<div class=\"elementor-element elementor-element-7e0b0fb e-flex e-con-boxed e-con e-parent\" data-id=\"7e0b0fb\" data-element_type=\"container\" data-e-type=\"container\">\n\t\t\t\t\t<div class=\"e-con-inner\">\n\t\t\t\t\t\t\t\t<p class=\"e-paragraph-base\" data-interaction-id=\"41911e4\"  data-e-type=\"widget\" data-id=\"41911e4\">\n\t\t\t\t\t\t\t\tSujeito a subscri\u00e7\u00e3o ativa e pagamento, o Licenciante concede ao Licenciado uma <strong>licen\u00e7a comercial limitada, n\u00e3o exclusiva e intransmiss\u00edvel<\/strong> para:Executar publicamente a M\u00fasica Licenciada nas instala\u00e7\u00f5es f\u00edsicas do neg\u00f3cio do Licenciado (por exemplo, restaurantes, bares, hot\u00e9is, lojas de retalho);Utilizar a M\u00fasica Licenciada como m\u00fasica de fundo ou ambiente para clientes e colaboradores.Esta licen\u00e7a \u00e9 v\u00e1lida <strong>apenas durante a vig\u00eancia da subscri\u00e7\u00e3o ativa<\/strong>.\n\t\t\t\t\t<\/p>\n\t\t\t\t\t<\/div>\n\t\t\t\t<\/div>\n\t\t<div class=\"elementor-element elementor-element-462465d e-flex e-con-boxed e-con e-parent\" data-id=\"462465d\" data-element_type=\"container\" data-e-type=\"container\">\n\t\t\t\t\t<div class=\"e-con-inner\">\n\t\t\t\t\t\t\t<h4 \n\t\tdata-interaction-id=\"3e3c26e\" \n\t\tclass=\"e-heading-base\" \n\t\t \n\t\tdata-e-type=\"widget\" data-id=\"3e3c26e\"\n\t>\n\t\n\t\t\t3. Sem Royalties Adicionais\n\t\t<\/h4>\n\t\t\t\t\t<\/div>\n\t\t\t\t<\/div>\n\t\t<div class=\"elementor-element elementor-element-f5590d4 e-flex e-con-boxed e-con e-parent\" data-id=\"f5590d4\" data-element_type=\"container\" data-e-type=\"container\">\n\t\t\t\t\t<div class=\"e-con-inner\">\n\t\t\t\t\t\t\t\t<p class=\"e-paragraph-base\" data-interaction-id=\"2f41f67\"  data-e-type=\"widget\" data-id=\"2f41f67\">\n\t\t\t\t\t\t\t\tUma vez que a M\u00fasica Licenciada n\u00e3o est\u00e1 registada em qualquer PRO:O Licenciado <strong>n\u00e3o \u00e9 obrigado a pagar quaisquer royalties adicionais de execu\u00e7\u00e3o p\u00fablica<\/strong> \u00e0 BUMA\/STEMRA, SGAE ou a qualquer outra organiza\u00e7\u00e3o de direitos relativamente \u00e0 M\u00fasica Licenciada;N\u00e3o surgir\u00e3o quaisquer reclama\u00e7\u00f5es de royalties por parte de terceiros decorrentes da utiliza\u00e7\u00e3o autorizada ao abrigo do presente Acordo.\n\t\t\t\t\t<\/p>\n\t\t\t\t\t<\/div>\n\t\t\t\t<\/div>\n\t\t<div class=\"elementor-element elementor-element-77bea1d e-flex e-con-boxed e-con e-parent\" data-id=\"77bea1d\" data-element_type=\"container\" data-e-type=\"container\">\n\t\t\t\t\t<div class=\"e-con-inner\">\n\t\t\t\t\t\t\t<h4 \n\t\tdata-interaction-id=\"6ff8ef2\" \n\t\tclass=\"e-heading-base\" \n\t\t \n\t\tdata-e-type=\"widget\" data-id=\"6ff8ef2\"\n\t>\n\t\n\t\t\t4. Restri\u00e7\u00f5es\n\t\t<\/h4>\n\t\t\t\t\t<\/div>\n\t\t\t\t<\/div>\n\t\t<div class=\"elementor-element elementor-element-bbd38b8 e-flex e-con-boxed e-con e-parent\" data-id=\"bbd38b8\" data-element_type=\"container\" data-e-type=\"container\">\n\t\t\t\t\t<div class=\"e-con-inner\">\n\t\t\t\t\t\t\t\t<p class=\"e-paragraph-base\" data-interaction-id=\"82c36a6\"  data-e-type=\"widget\" data-id=\"82c36a6\">\n\t\t\t\t\t\t\t\tO Licenciado <strong>n\u00e3o<\/strong> pode:Revender, sublicenciar, distribuir ou disponibilizar a M\u00fasica Licenciada a terceiros;Utilizar a M\u00fasica Licenciada em produ\u00e7\u00f5es audiovisuais, campanhas publicit\u00e1rias, radiodifus\u00e3o, plataformas de streaming ou sincroniza\u00e7\u00e3o sem autoriza\u00e7\u00e3o por escrito;Modificar, remixar ou reivindicar a autoria da M\u00fasica Licenciada.\n\t\t\t\t\t<\/p>\n\t\t\t\t\t<\/div>\n\t\t\t\t<\/div>\n\t\t<div class=\"elementor-element elementor-element-7280161 e-flex e-con-boxed e-con e-parent\" data-id=\"7280161\" data-element_type=\"container\" data-e-type=\"container\">\n\t\t\t\t\t<div class=\"e-con-inner\">\n\t\t\t\t\t\t\t<h4 \n\t\tdata-interaction-id=\"538f317\" \n\t\tclass=\"e-heading-base\" \n\t\t \n\t\tdata-e-type=\"widget\" data-id=\"538f317\"\n\t>\n\t\n\t\t\t5. Localiza\u00e7\u00f5es Abrangidas\n\t\t<\/h4>\n\t\t\t\t\t<\/div>\n\t\t\t\t<\/div>\n\t\t<div class=\"elementor-element elementor-element-735d3aa e-flex e-con-boxed e-con e-parent\" data-id=\"735d3aa\" data-element_type=\"container\" data-e-type=\"container\">\n\t\t\t\t\t<div class=\"e-con-inner\">\n\t\t\t\t\t\t\t\t<p class=\"e-paragraph-base\" data-interaction-id=\"b647354\"  data-e-type=\"widget\" data-id=\"b647354\">\n\t\t\t\t\t\t\t\tA licen\u00e7a abrange <strong>apenas o n\u00famero de localiza\u00e7\u00f5es especificado no plano de subscri\u00e7\u00e3o ativo<\/strong>.<br>Localiza\u00e7\u00f5es adicionais requerem uma subscri\u00e7\u00e3o atualizada\n\t\t\t\t\t<\/p>\n\t\t\t\t\t<\/div>\n\t\t\t\t<\/div>\n\t\t<div class=\"elementor-element elementor-element-550938f e-flex e-con-boxed e-con e-parent\" data-id=\"550938f\" data-element_type=\"container\" data-e-type=\"container\">\n\t\t\t\t\t<div class=\"e-con-inner\">\n\t\t\t\t\t\t\t<h4 \n\t\tdata-interaction-id=\"a335f82\" \n\t\tclass=\"e-heading-base\" \n\t\t \n\t\tdata-e-type=\"widget\" data-id=\"a335f82\"\n\t>\n\t\n\t\t\t6. Titularidade\n\t\t<\/h4>\n\t\t\t\t\t<\/div>\n\t\t\t\t<\/div>\n\t\t<div class=\"elementor-element elementor-element-5a2edfb e-flex e-con-boxed e-con e-parent\" data-id=\"5a2edfb\" data-element_type=\"container\" data-e-type=\"container\">\n\t\t\t\t\t<div class=\"e-con-inner\">\n\t\t\t\t\t\t\t\t<p class=\"e-paragraph-base\" data-interaction-id=\"1d700da\"  data-e-type=\"widget\" data-id=\"1d700da\">\n\t\t\t\t\t\t\t\tTodos os direitos de autor e direitos de propriedade intelectual permanecem propriedade exclusiva do Licenciante.<br>N\u00e3o \u00e9 transferida qualquer titularidade ao abrigo do presente Acordo.\n\t\t\t\t\t<\/p>\n\t\t\t\t\t<\/div>\n\t\t\t\t<\/div>\n\t\t<div class=\"elementor-element elementor-element-ab7741a e-flex e-con-boxed e-con e-parent\" data-id=\"ab7741a\" data-element_type=\"container\" data-e-type=\"container\">\n\t\t\t\t\t<div class=\"e-con-inner\">\n\t\t\t\t\t\t\t<h4 \n\t\tdata-interaction-id=\"c5ffa9b\" \n\t\tclass=\"e-heading-base\" \n\t\t \n\t\tdata-e-type=\"widget\" data-id=\"c5ffa9b\"\n\t>\n\t\n\t\t\t7. Rescis\u00e3o\n\t\t<\/h4>\n\t\t\t\t\t<\/div>\n\t\t\t\t<\/div>\n\t\t<div class=\"elementor-element elementor-element-de07e6f e-flex e-con-boxed e-con e-parent\" data-id=\"de07e6f\" data-element_type=\"container\" data-e-type=\"container\">\n\t\t\t\t\t<div class=\"e-con-inner\">\n\t\t\t\t\t\t\t\t<p class=\"e-paragraph-base\" data-interaction-id=\"1baadf3\"  data-e-type=\"widget\" data-id=\"1baadf3\">\n\t\t\t\t\t\t\t\tO presente Acordo cessa automaticamente em caso de:Expira\u00e7\u00e3o ou cancelamento da subscri\u00e7\u00e3o;Viola\u00e7\u00e3o destes termos.Ap\u00f3s a cessa\u00e7\u00e3o, toda a utiliza\u00e7\u00e3o da M\u00fasica Licenciada deve cessar imediatamente.\n\t\t\t\t\t<\/p>\n\t\t\t\t\t<\/div>\n\t\t\t\t<\/div>\n\t\t<div class=\"elementor-element elementor-element-748397f e-flex e-con-boxed e-con e-parent\" data-id=\"748397f\" data-element_type=\"container\" data-e-type=\"container\">\n\t\t\t\t\t<div class=\"e-con-inner\">\n\t\t\t\t\t\t\t<h4 \n\t\tdata-interaction-id=\"8d4d8d9\" \n\t\tclass=\"e-heading-base\" \n\t\t \n\t\tdata-e-type=\"widget\" data-id=\"8d4d8d9\"\n\t>\n\t\n\t\t\t8. Responsabilidade &amp; Indemniza\u00e7\u00e3o\n\t\t<\/h4>\n\t\t\t\t\t<\/div>\n\t\t\t\t<\/div>\n\t\t<div class=\"elementor-element elementor-element-fe4e81b e-flex e-con-boxed e-con e-parent\" data-id=\"fe4e81b\" data-element_type=\"container\" data-e-type=\"container\">\n\t\t\t\t\t<div class=\"e-con-inner\">\n\t\t\t\t\t\t\t\t<p class=\"e-paragraph-base\" data-interaction-id=\"aeba6ec\"  data-e-type=\"widget\" data-id=\"aeba6ec\">\n\t\t\t\t\t\t\t\tO Licenciante garante que det\u00e9m todos os direitos necess\u00e1rios para licenciar a M\u00fasica Licenciada conforme descrito.<br>O Licenciado concorda em utilizar a M\u00fasica Licenciada apenas conforme permitido.\n\t\t\t\t\t<\/p>\n\t\t\t\t\t<\/div>\n\t\t\t\t<\/div>\n\t\t<div class=\"elementor-element elementor-element-5ab2f97 e-flex e-con-boxed e-con e-parent\" data-id=\"5ab2f97\" data-element_type=\"container\" data-e-type=\"container\">\n\t\t\t\t\t<div class=\"e-con-inner\">\n\t\t\t\t\t\t\t<h4 \n\t\tdata-interaction-id=\"c594162\" \n\t\tclass=\"e-heading-base\" \n\t\t \n\t\tdata-e-type=\"widget\" data-id=\"c594162\"\n\t>\n\t\n\t\t\t9. Lei Aplic\u00e1vel\n\t\t<\/h4>\n\t\t\t\t\t<\/div>\n\t\t\t\t<\/div>\n\t\t<div class=\"elementor-element elementor-element-78ac651 e-flex e-con-boxed e-con e-parent\" data-id=\"78ac651\" data-element_type=\"container\" data-e-type=\"container\">\n\t\t\t\t\t<div class=\"e-con-inner\">\n\t\t\t\t\t\t\t\t<p class=\"e-paragraph-base\" data-interaction-id=\"3d2983d\"  data-e-type=\"widget\" data-id=\"3d2983d\">\n\t\t\t\t\t\t\t\tO presente Acordo rege-se pelas leis de <strong>Espanha e pela jurisdi\u00e7\u00e3o da UE<\/strong>, sem preju\u00edzo dos princ\u00edpios de conflitos de leis.\n\t\t\t\t\t<\/p>\n\t\t\t\t\t<\/div>\n\t\t\t\t<\/div>\n\t\t<div class=\"elementor-element elementor-element-15e4089 e-flex e-con-boxed e-con e-parent\" data-id=\"15e4089\" data-element_type=\"container\" data-e-type=\"container\">\n\t\t\t\t\t<div class=\"e-con-inner\">\n\t\t\t\t\t\t\t<h4 \n\t\tdata-interaction-id=\"484b36e\" \n\t\tclass=\"e-heading-base\" \n\t\t \n\t\tdata-e-type=\"widget\" data-id=\"484b36e\"\n\t>\n\t\n\t\t\t10. Acordo Integral\n\t\t<\/h4>\n\t\t\t\t\t<\/div>\n\t\t\t\t<\/div>\n\t\t<div class=\"elementor-element elementor-element-c90ed9c e-flex e-con-boxed e-con e-parent\" data-id=\"c90ed9c\" data-element_type=\"container\" data-e-type=\"container\">\n\t\t\t\t\t<div class=\"e-con-inner\">\n\t\t\t\t\t\t\t\t<p class=\"e-paragraph-base\" data-interaction-id=\"d03c069\"  data-e-type=\"widget\" data-id=\"d03c069\">\n\t\t\t\t\t\t\t\tO presente Acordo constitui o acordo integral entre as partes relativamente \u00e0 M\u00fasica Licenciada.\n\t\t\t\t\t<\/p>\n\t\t\t\t\t<\/div>\n\t\t\t\t<\/div>\n\t\t\t\t<\/div>\n\t\t","protected":false},"excerpt":{"rendered":"<p>Acordo de Licen\u00e7a de M\u00fasica Comercial O presente Acordo de Licen\u00e7a de M\u00fasica Comercial (\u201cAcordo\u201d) \u00e9 celebrado entre:Licenciante: Fidelis Marketing Group SL.A operar sob a marca: ListenForFree.com e Licenciado:A entidade empresarial ou o particular subscritor. Ao adquirir ou utilizar esta subscri\u00e7\u00e3o, o Licenciado concorda com os seguintes termos. 1. M\u00fasica Licenciada A m\u00fasica disponibilizada ao [&hellip;]<\/p>\n","protected":false},"author":1,"featured_media":0,"parent":8429,"menu_order":0,"comment_status":"closed","ping_status":"closed","template":"elementor_header_footer","meta":{"_acf_changed":false,"footnotes":""},"class_list":["post-7979","page","type-page","status-publish","hentry"],"acf":[],"_links":{"self":[{"href":"https:\/\/audiowo.com\/pt-pt\/wp-json\/wp\/v2\/pages\/7979","targetHints":{"allow":["GET"]}}],"collection":[{"href":"https:\/\/audiowo.com\/pt-pt\/wp-json\/wp\/v2\/pages"}],"about":[{"href":"https:\/\/audiowo.com\/pt-pt\/wp-json\/wp\/v2\/types\/page"}],"author":[{"embeddable":true,"href":"https:\/\/audiowo.com\/pt-pt\/wp-json\/wp\/v2\/users\/1"}],"replies":[{"embeddable":true,"href":"https:\/\/audiowo.com\/pt-pt\/wp-json\/wp\/v2\/comments?post=7979"}],"version-history":[{"count":0,"href":"https:\/\/audiowo.com\/pt-pt\/wp-json\/wp\/v2\/pages\/7979\/revisions"}],"up":[{"embeddable":true,"href":"https:\/\/audiowo.com\/pt-pt\/wp-json\/wp\/v2\/pages\/8429"}],"wp:attachment":[{"href":"https:\/\/audiowo.com\/pt-pt\/wp-json\/wp\/v2\/media?parent=7979"}],"curies":[{"name":"wp","href":"https:\/\/api.w.org\/{rel}","templated":true}]}}