{"id":8009,"date":"2026-02-07T16:04:34","date_gmt":"2026-02-07T15:04:34","guid":{"rendered":"https:\/\/audiowo.com\/acordo-de-contribuicao-de-musica-promocional\/"},"modified":"2026-04-09T17:31:15","modified_gmt":"2026-04-09T15:31:15","slug":"acordo-de-contribuicao-de-musica-promocional","status":"publish","type":"page","link":"https:\/\/audiowo.com\/pt-pt\/juridico\/acordo-de-contribuicao-de-musica-promocional\/","title":{"rendered":"Acordo de Contribui\u00e7\u00e3o de M\u00fasica Promocional"},"content":{"rendered":"\t\t<div data-elementor-type=\"wp-page\" data-elementor-id=\"8009\" class=\"elementor elementor-8009 elementor-44\" data-elementor-post-type=\"page\">\n\t\t\t\t<div class=\"elementor-element elementor-element-a93c18d e-flex e-con-boxed e-con e-parent\" data-id=\"a93c18d\" data-element_type=\"container\" data-e-type=\"container\">\n\t\t\t\t\t<div class=\"e-con-inner\">\n\t\t\t\t<div class=\"elementor-element elementor-element-c04a1da elementor-widget elementor-widget-heading\" data-id=\"c04a1da\" data-element_type=\"widget\" data-e-type=\"widget\" data-widget_type=\"heading.default\">\n\t\t\t\t\t<h1 class=\"elementor-heading-title elementor-size-default\">Acordo de Contribui\u00e7\u00e3o de M\u00fasica Promocional<\/h1>\t\t\t\t<\/div>\n\t\t\t\t\t<\/div>\n\t\t\t\t<\/div>\n\t\t<div class=\"elementor-element elementor-element-a5d71bc e-flex e-con-boxed e-con e-parent\" data-id=\"a5d71bc\" data-element_type=\"container\" data-e-type=\"container\">\n\t\t\t\t\t<div class=\"e-con-inner\">\n\t\t\t\t\t\t\t\t<p class=\"e-paragraph-base\" data-interaction-id=\"64d5bb1\"  data-e-type=\"widget\" data-id=\"64d5bb1\">\n\t\t\t\t\t\t\t\tAcordo de Contribui\u00e7\u00e3o de M\u00fasica PromocionalEste Acordo de Contribui\u00e7\u00e3o de M\u00fasica Promocional (\u201cAcordo\u201d) \u00e9 celebrado entre: <strong>Empresa:<\/strong><br><strong>Fidelis Marketing Group S.L.<\/strong><br>A operar sob as marcas <strong>audiowo.com<\/strong> e <strong>escuchargratis.es<\/strong><br><br>(\u201cEmpresa\u201d) e <strong>Contribuidor: <\/strong>O artista ou titular de direitos que submete a obra (\u201cContribuidor\u201d). Ao carregar uma obra musical, o Contribuidor aceita os seguintes termos.\n\t\t\t\t\t<\/p>\n\t\t\t\t\t<\/div>\n\t\t\t\t<\/div>\n\t\t<div class=\"elementor-element elementor-element-de80c50 e-flex e-con-boxed e-con e-parent\" data-id=\"de80c50\" data-element_type=\"container\" data-e-type=\"container\">\n\t\t\t\t\t<div class=\"e-con-inner\">\n\t\t\t\t\t\t\t<h4 \n\t\tdata-interaction-id=\"181912c\" \n\t\tclass=\"e-heading-base\" \n\t\t \n\t\tdata-e-type=\"widget\" data-id=\"181912c\"\n\t>\n\t\n\t\t\t1. Objeto do Acordo\n\t\t<\/h4>\n\t\t\t\t\t<\/div>\n\t\t\t\t<\/div>\n\t\t<div class=\"elementor-element elementor-element-3625bcd e-flex e-con-boxed e-con e-parent\" data-id=\"3625bcd\" data-element_type=\"container\" data-e-type=\"container\">\n\t\t\t\t\t<div class=\"e-con-inner\">\n\t\t\t\t\t\t\t\t<p class=\"e-paragraph-base\" data-interaction-id=\"2728fe8\"  data-e-type=\"widget\" data-id=\"2728fe8\">\n\t\t\t\t\t\t\t\tO objeto deste Acordo \u00e9 a <strong>promo\u00e7\u00e3o<\/strong>.<br>O Contribuidor submete voluntariamente uma ou mais obras musicais (\u201cFaixa\u201d) para serem utilizadas como <strong>m\u00fasica de fundo promocional<\/strong> nas plataformas de m\u00fasica comercial da Empresa.\n\t\t\t\t\t<\/p>\n\t\t\t\t\t<\/div>\n\t\t\t\t<\/div>\n\t\t<div class=\"elementor-element elementor-element-5788690 e-flex e-con-boxed e-con e-parent\" data-id=\"5788690\" data-element_type=\"container\" data-e-type=\"container\">\n\t\t\t\t\t<div class=\"e-con-inner\">\n\t\t\t\t\t\t\t<h4 \n\t\tdata-interaction-id=\"40b0c00\" \n\t\tclass=\"e-heading-base\" \n\t\t \n\t\tdata-e-type=\"widget\" data-id=\"40b0c00\"\n\t>\n\t\n\t\t\t2. Transfer\u00eancia de Direitos\n\t\t<\/h4>\n\t\t\t\t\t<\/div>\n\t\t\t\t<\/div>\n\t\t<div class=\"elementor-element elementor-element-9211709 e-flex e-con-boxed e-con e-parent\" data-id=\"9211709\" data-element_type=\"container\" data-e-type=\"container\">\n\t\t\t\t\t<div class=\"e-con-inner\">\n\t\t\t\t\t\t\t\t<p class=\"e-paragraph-base\" data-interaction-id=\"d0efa90\"  data-e-type=\"widget\" data-id=\"d0efa90\">\n\t\t\t\t\t\t\t\tO Contribuidor, pelo presente, <strong>cede e transfere irrevogavelmente todos os direitos, t\u00edtulos e interesses<\/strong> sobre a Faixa para a Fidelis Marketing Group S.L., incluindo, mas n\u00e3o se limitando a: Direitos de autor e direitos conexos; Direitos de explora\u00e7\u00e3o comercial; Direitos de distribui\u00e7\u00e3o, reprodu\u00e7\u00e3o, execu\u00e7\u00e3o p\u00fablica e comunica\u00e7\u00e3o. Esta transfer\u00eancia \u00e9 <strong>permanente e n\u00e3o revog\u00e1vel<\/strong>.\n\t\t\t\t\t<\/p>\n\t\t\t\t\t<\/div>\n\t\t\t\t<\/div>\n\t\t<div class=\"elementor-element elementor-element-ab6979e e-flex e-con-boxed e-con e-parent\" data-id=\"ab6979e\" data-element_type=\"container\" data-e-type=\"container\">\n\t\t\t\t\t<div class=\"e-con-inner\">\n\t\t\t\t\t\t\t<h4 \n\t\tdata-interaction-id=\"2570dab\" \n\t\tclass=\"e-heading-base\" \n\t\t \n\t\tdata-e-type=\"widget\" data-id=\"2570dab\"\n\t>\n\t\n\t\t\t3. Aus\u00eancia de Compensa\u00e7\u00e3o\n\t\t<\/h4>\n\t\t\t\t\t<\/div>\n\t\t\t\t<\/div>\n\t\t<div class=\"elementor-element elementor-element-d156def e-flex e-con-boxed e-con e-parent\" data-id=\"d156def\" data-element_type=\"container\" data-e-type=\"container\">\n\t\t\t\t\t<div class=\"e-con-inner\">\n\t\t\t\t\t\t\t\t<p class=\"e-paragraph-base\" data-interaction-id=\"31effb3\"  data-e-type=\"widget\" data-id=\"31effb3\">\n\t\t\t\t\t\t\t\tO Contribuidor <strong>renuncia a qualquer direito a compensa\u00e7\u00e3o financeira<\/strong>, royalties ou reclama\u00e7\u00f5es futuras relacionadas com a Faixa; A Faixa \u00e9 fornecida <strong>gratuitamente<\/strong> como uma contribui\u00e7\u00e3o promocional; N\u00e3o s\u00e3o dadas garantias quanto \u00e0 exposi\u00e7\u00e3o, utiliza\u00e7\u00e3o ou sucesso.\n\t\t\t\t\t<\/p>\n\t\t\t\t\t<\/div>\n\t\t\t\t<\/div>\n\t\t<div class=\"elementor-element elementor-element-1a4aa4a e-flex e-con-boxed e-con e-parent\" data-id=\"1a4aa4a\" data-element_type=\"container\" data-e-type=\"container\">\n\t\t\t\t\t<div class=\"e-con-inner\">\n\t\t\t\t\t\t\t<h4 \n\t\tdata-interaction-id=\"01f7c8b\" \n\t\tclass=\"e-heading-base\" \n\t\t \n\t\tdata-e-type=\"widget\" data-id=\"01f7c8b\"\n\t>\n\t\n\t\t\t4. Utiliza\u00e7\u00e3o Comercial por Clientes\n\t\t<\/h4>\n\t\t\t\t\t<\/div>\n\t\t\t\t<\/div>\n\t\t<div class=\"elementor-element elementor-element-dd9a088 e-flex e-con-boxed e-con e-parent\" data-id=\"dd9a088\" data-element_type=\"container\" data-e-type=\"container\">\n\t\t\t\t\t<div class=\"e-con-inner\">\n\t\t\t\t\t\t\t\t<p class=\"e-paragraph-base\" data-interaction-id=\"0ba6009\"  data-e-type=\"widget\" data-id=\"0ba6009\">\n\t\t\t\t\t\t\t<a\n\t\t\t\t\thref=\"https:\/\/audiowo.com\/pt-pt\/juridico\/acordo-de-licenca-de-musica-comercial\/\" target=\"_self\"\n\t\t\t\t\tclass=\"e-paragraph-link-base\"\n\t\t\t\t>\n\t\t\t\t\t\tA Empresa pode licenciar a Faixa aos seus clientes (incluindo restaurantes, bares, supermercados, hot\u00e9is, criadores de conte\u00fado e plataformas online) para utiliza\u00e7\u00e3o como m\u00fasica de fundo, sob os termos do Acordo de Licenciamento de M\u00fasica Comercial da Empresa.\n\t\t\t\t<\/a>\n\t\t\t\t\t<\/p>\n\t\t\t\t\t<\/div>\n\t\t\t\t<\/div>\n\t\t<div class=\"elementor-element elementor-element-728f4ad e-flex e-con-boxed e-con e-parent\" data-id=\"728f4ad\" data-element_type=\"container\" data-e-type=\"container\">\n\t\t\t\t\t<div class=\"e-con-inner\">\n\t\t\t\t\t\t\t<h4 \n\t\tdata-interaction-id=\"b9945ef\" \n\t\tclass=\"e-heading-base\" \n\t\t \n\t\tdata-e-type=\"widget\" data-id=\"b9945ef\"\n\t>\n\t\n\t\t\t5. Distribui\u00e7\u00e3o Digital\n\t\t<\/h4>\n\t\t\t\t\t<\/div>\n\t\t\t\t<\/div>\n\t\t<div class=\"elementor-element elementor-element-fd016e6 e-flex e-con-boxed e-con e-parent\" data-id=\"fd016e6\" data-element_type=\"container\" data-e-type=\"container\">\n\t\t\t\t\t<div class=\"e-con-inner\">\n\t\t\t\t\t\t\t\t<p class=\"e-paragraph-base\" data-interaction-id=\"f95d515\"  data-e-type=\"widget\" data-id=\"f95d515\">\n\t\t\t\t\t\t\t\tA Empresa pode publicar a Faixa em plataformas digitais incluindo, mas n\u00e3o se limitando a: Spotify, Apple Music, Amazon Music como parte de <strong>\u00e1lbuns de compila\u00e7\u00e3o<\/strong> geridos pela Empresa. O Contribuidor reconhece que: N\u00e3o ser\u00e3o pagos quaisquer royalties ou receitas; A distribui\u00e7\u00e3o serve exclusivamente fins promocionais. \n\t\t\t\t\t<\/p>\n\t\t\t\t\t<\/div>\n\t\t\t\t<\/div>\n\t\t<div class=\"elementor-element elementor-element-868c844 e-flex e-con-boxed e-con e-parent\" data-id=\"868c844\" data-element_type=\"container\" data-e-type=\"container\">\n\t\t\t\t\t<div class=\"e-con-inner\">\n\t\t\t\t\t\t\t<h4 \n\t\tdata-interaction-id=\"fc43385\" \n\t\tclass=\"e-heading-base\" \n\t\t \n\t\tdata-e-type=\"widget\" data-id=\"fc43385\"\n\t>\n\t\n\t\t\t6. Atribui\u00e7\u00e3o\n\t\t<\/h4>\n\t\t\t\t\t<\/div>\n\t\t\t\t<\/div>\n\t\t<div class=\"elementor-element elementor-element-3cf9ecb e-flex e-con-boxed e-con e-parent\" data-id=\"3cf9ecb\" data-element_type=\"container\" data-e-type=\"container\">\n\t\t\t\t\t<div class=\"e-con-inner\">\n\t\t\t\t\t\t\t\t<p class=\"e-paragraph-base\" data-interaction-id=\"3245f0e\"  data-e-type=\"widget\" data-id=\"3245f0e\">\n\t\t\t\t\t\t\t\tSempre que razoavelmente poss\u00edvel, o <strong>nome art\u00edstico e as credenciais<\/strong> do Contribuidor ser\u00e3o exibidos em associa\u00e7\u00e3o com a Faixa.<br>No entanto, a atribui\u00e7\u00e3o <strong>n\u00e3o \u00e9 garantida<\/strong> em todos os contextos de utiliza\u00e7\u00e3o.\n\t\t\t\t\t<\/p>\n\t\t\t\t\t<\/div>\n\t\t\t\t<\/div>\n\t\t<div class=\"elementor-element elementor-element-90884f8 e-flex e-con-boxed e-con e-parent\" data-id=\"90884f8\" data-element_type=\"container\" data-e-type=\"container\">\n\t\t\t\t\t<div class=\"e-con-inner\">\n\t\t\t\t\t\t\t<h4 \n\t\tdata-interaction-id=\"e7a2536\" \n\t\tclass=\"e-heading-base\" \n\t\t \n\t\tdata-e-type=\"widget\" data-id=\"e7a2536\"\n\t>\n\t\n\t\t\t7. Padr\u00f5es de Qualidade\n\t\t<\/h4>\n\t\t\t\t\t<\/div>\n\t\t\t\t<\/div>\n\t\t<div class=\"elementor-element elementor-element-17179e0 e-flex e-con-boxed e-con e-parent\" data-id=\"17179e0\" data-element_type=\"container\" data-e-type=\"container\">\n\t\t\t\t\t<div class=\"e-con-inner\">\n\t\t\t\t\t\t\t\t<p class=\"e-paragraph-base\" data-interaction-id=\"99a4d2a\"  data-e-type=\"widget\" data-id=\"99a4d2a\">\n\t\t\t\t\t\t\t\tO Contribuidor confirma que a Faixa: \u00c9 produzida e masterizada profissionalmente; Cont\u00e9m apenas conte\u00fado original; N\u00e3o infringe os direitos de terceiros; N\u00e3o \u00e9 uma c\u00f3pia ou imita\u00e7\u00e3o de obras existentes; Pode estar sujeita a <strong>verifica\u00e7\u00f5es de reconhecimento de \u00e1udio<\/strong>, incluindo o Shazam. A utiliza\u00e7\u00e3o de ferramentas de IA \u00e9 permitida <strong>apenas se todos os direitos estiverem totalmente assegurados<\/strong> e a qualidade do \u00e1udio cumprir os padr\u00f5es profissionais. \n\t\t\t\t\t<\/p>\n\t\t\t\t\t<\/div>\n\t\t\t\t<\/div>\n\t\t<div class=\"elementor-element elementor-element-10b5145 e-flex e-con-boxed e-con e-parent\" data-id=\"10b5145\" data-element_type=\"container\" data-e-type=\"container\">\n\t\t\t\t\t<div class=\"e-con-inner\">\n\t\t\t\t\t\t\t<h4 \n\t\tdata-interaction-id=\"a398a1f\" \n\t\tclass=\"e-heading-base\" \n\t\t \n\t\tdata-e-type=\"widget\" data-id=\"a398a1f\"\n\t>\n\t\n\t\t\t8. Entidades de Gest\u00e3o de Direitos (PRO)\n\t\t<\/h4>\n\t\t\t\t\t<\/div>\n\t\t\t\t<\/div>\n\t\t<div class=\"elementor-element elementor-element-78d648d e-flex e-con-boxed e-con e-parent\" data-id=\"78d648d\" data-element_type=\"container\" data-e-type=\"container\">\n\t\t\t\t\t<div class=\"e-con-inner\">\n\t\t\t\t\t\t\t\t<p class=\"e-paragraph-base\" data-interaction-id=\"b2fec2d\"  data-e-type=\"widget\" data-id=\"b2fec2d\">\n\t\t\t\t\t\t\t\tO Contribuidor garante que a Faixa: <strong>N\u00e3o est\u00e1 registada<\/strong> em nenhuma Entidade de Gest\u00e3o de Direitos (PRO), incluindo <strong>BUMA\/STEMRA, SGAE, PRS, ASCAP, BMI, SESAC<\/strong>; <strong>Nunca ser\u00e1 registada<\/strong> em nenhuma dessas organiza\u00e7\u00f5es no futuro.\n\t\t\t\t\t<\/p>\n\t\t\t\t\t<\/div>\n\t\t\t\t<\/div>\n\t\t<div class=\"elementor-element elementor-element-8c747b1 e-flex e-con-boxed e-con e-parent\" data-id=\"8c747b1\" data-element_type=\"container\" data-e-type=\"container\">\n\t\t\t\t\t<div class=\"e-con-inner\">\n\t\t\t\t\t\t\t<h4 \n\t\tdata-interaction-id=\"934a8cd\" \n\t\tclass=\"e-heading-base\" \n\t\t \n\t\tdata-e-type=\"widget\" data-id=\"934a8cd\"\n\t>\n\t\n\t\t\t9. Aus\u00eancia de Obriga\u00e7\u00e3o de Utiliza\u00e7\u00e3o\n\t\t<\/h4>\n\t\t\t\t\t<\/div>\n\t\t\t\t<\/div>\n\t\t<div class=\"elementor-element elementor-element-3bee980 e-flex e-con-boxed e-con e-parent\" data-id=\"3bee980\" data-element_type=\"container\" data-e-type=\"container\">\n\t\t\t\t\t<div class=\"e-con-inner\">\n\t\t\t\t\t\t\t\t<p class=\"e-paragraph-base\" data-interaction-id=\"8c8c737\"  data-e-type=\"widget\" data-id=\"8c8c737\">\n\t\t\t\t\t\t\t\tA Empresa n\u00e3o tem <strong>qualquer obriga\u00e7\u00e3o<\/strong> de promover, distribuir ou licenciar a Faixa; Se a Faixa n\u00e3o for utilizada por clientes, a Empresa pode <strong>remov\u00ea-la dos seus cat\u00e1logos<\/strong> por sua exclusiva discri\u00e7\u00e3o; N\u00e3o decorrem quaisquer direitos ou expectativas da sua inclus\u00e3o.\n\t\t\t\t\t<\/p>\n\t\t\t\t\t<\/div>\n\t\t\t\t<\/div>\n\t\t<div class=\"elementor-element elementor-element-938c733 e-flex e-con-boxed e-con e-parent\" data-id=\"938c733\" data-element_type=\"container\" data-e-type=\"container\">\n\t\t\t\t\t<div class=\"e-con-inner\">\n\t\t\t\t\t\t\t<h4 \n\t\tdata-interaction-id=\"ecd2cad\" \n\t\tclass=\"e-heading-base\" \n\t\t \n\t\tdata-e-type=\"widget\" data-id=\"ecd2cad\"\n\t>\n\t\n\t\t\t10. Impossibilidade de Retirada\n\t\t<\/h4>\n\t\t\t\t\t<\/div>\n\t\t\t\t<\/div>\n\t\t<div class=\"elementor-element elementor-element-130efa8 e-flex e-con-boxed e-con e-parent\" data-id=\"130efa8\" data-element_type=\"container\" data-e-type=\"container\">\n\t\t\t\t\t<div class=\"e-con-inner\">\n\t\t\t\t\t\t\t\t<p class=\"e-paragraph-base\" data-interaction-id=\"333554d\"  data-e-type=\"widget\" data-id=\"333554d\">\n\t\t\t\t\t\t\t\tUma vez submetida e aceite, o Contribuidor <strong>n\u00e3o pode retirar ou reclamar<\/strong> a Faixa.\n\t\t\t\t\t<\/p>\n\t\t\t\t\t<\/div>\n\t\t\t\t<\/div>\n\t\t<div class=\"elementor-element elementor-element-9e31629 e-flex e-con-boxed e-con e-parent\" data-id=\"9e31629\" data-element_type=\"container\" data-e-type=\"container\">\n\t\t\t\t\t<div class=\"e-con-inner\">\n\t\t\t\t\t\t\t<h4 \n\t\tdata-interaction-id=\"8c1ede6\" \n\t\tclass=\"e-heading-base\" \n\t\t \n\t\tdata-e-type=\"widget\" data-id=\"8c1ede6\"\n\t>\n\t\n\t\t\t11. Lei Aplic\u00e1vel\n\t\t<\/h4>\n\t\t\t\t\t<\/div>\n\t\t\t\t<\/div>\n\t\t<div class=\"elementor-element elementor-element-2cc228a e-flex e-con-boxed e-con e-parent\" data-id=\"2cc228a\" data-element_type=\"container\" data-e-type=\"container\">\n\t\t\t\t\t<div class=\"e-con-inner\">\n\t\t\t\t\t\t\t\t<p class=\"e-paragraph-base\" data-interaction-id=\"7c738b8\"  data-e-type=\"widget\" data-id=\"7c738b8\">\n\t\t\t\t\t\t\t\tEste Acordo ser\u00e1 regido pelas leis de <strong>Espanha<\/strong>.\n\t\t\t\t\t<\/p>\n\t\t\t\t\t<\/div>\n\t\t\t\t<\/div>\n\t\t<div class=\"elementor-element elementor-element-02efac0 e-flex e-con-boxed e-con e-parent\" data-id=\"02efac0\" data-element_type=\"container\" data-e-type=\"container\">\n\t\t\t\t\t<div class=\"e-con-inner\">\n\t\t\t\t\t\t\t<h4 \n\t\tdata-interaction-id=\"0a3a60f\" \n\t\tclass=\"e-heading-base\" \n\t\t \n\t\tdata-e-type=\"widget\" data-id=\"0a3a60f\"\n\t>\n\t\n\t\t\t12. Integralidade do Acordo\n\t\t<\/h4>\n\t\t\t\t\t<\/div>\n\t\t\t\t<\/div>\n\t\t<div class=\"elementor-element elementor-element-5ac4d09 e-flex e-con-boxed e-con e-parent\" data-id=\"5ac4d09\" data-element_type=\"container\" data-e-type=\"container\">\n\t\t\t\t\t<div class=\"e-con-inner\">\n\t\t\t\t\t\t\t\t<p class=\"e-paragraph-base\" data-interaction-id=\"960f892\"  data-e-type=\"widget\" data-id=\"960f892\">\n\t\t\t\t\t\t\t\tEste Acordo constitui o acordo integral entre as partes.\n\t\t\t\t\t<\/p>\n\t\t\t\t\t<\/div>\n\t\t\t\t<\/div>\n\t\t\t\t<\/div>\n\t\t","protected":false},"excerpt":{"rendered":"<p>Acordo de Contribui\u00e7\u00e3o de M\u00fasica Promocional Acordo de Contribui\u00e7\u00e3o de M\u00fasica PromocionalEste Acordo de Contribui\u00e7\u00e3o de M\u00fasica Promocional (\u201cAcordo\u201d) \u00e9 celebrado entre: Empresa:Fidelis Marketing Group S.L.A operar sob as marcas audiowo.com e escuchargratis.es (\u201cEmpresa\u201d) e Contribuidor: O artista ou titular de direitos que submete a obra (\u201cContribuidor\u201d). Ao carregar uma obra musical, o Contribuidor aceita [&hellip;]<\/p>\n","protected":false},"author":1,"featured_media":0,"parent":8429,"menu_order":0,"comment_status":"closed","ping_status":"closed","template":"elementor_header_footer","meta":{"_acf_changed":false,"footnotes":""},"class_list":["post-8009","page","type-page","status-publish","hentry"],"acf":[],"_links":{"self":[{"href":"https:\/\/audiowo.com\/pt-pt\/wp-json\/wp\/v2\/pages\/8009","targetHints":{"allow":["GET"]}}],"collection":[{"href":"https:\/\/audiowo.com\/pt-pt\/wp-json\/wp\/v2\/pages"}],"about":[{"href":"https:\/\/audiowo.com\/pt-pt\/wp-json\/wp\/v2\/types\/page"}],"author":[{"embeddable":true,"href":"https:\/\/audiowo.com\/pt-pt\/wp-json\/wp\/v2\/users\/1"}],"replies":[{"embeddable":true,"href":"https:\/\/audiowo.com\/pt-pt\/wp-json\/wp\/v2\/comments?post=8009"}],"version-history":[{"count":0,"href":"https:\/\/audiowo.com\/pt-pt\/wp-json\/wp\/v2\/pages\/8009\/revisions"}],"up":[{"embeddable":true,"href":"https:\/\/audiowo.com\/pt-pt\/wp-json\/wp\/v2\/pages\/8429"}],"wp:attachment":[{"href":"https:\/\/audiowo.com\/pt-pt\/wp-json\/wp\/v2\/media?parent=8009"}],"curies":[{"name":"wp","href":"https:\/\/api.w.org\/{rel}","templated":true}]}}