{"id":8429,"date":"2026-02-07T16:40:00","date_gmt":"2026-02-07T15:40:00","guid":{"rendered":"https:\/\/audiowo.com\/juridico\/"},"modified":"2026-04-09T17:31:23","modified_gmt":"2026-04-09T15:31:23","slug":"juridico","status":"publish","type":"page","link":"https:\/\/audiowo.com\/pt-pt\/juridico\/","title":{"rendered":"Jur\u00eddico"},"content":{"rendered":"\t\t<div data-elementor-type=\"wp-page\" data-elementor-id=\"8429\" class=\"elementor elementor-8429 elementor-58\" data-elementor-post-type=\"page\">\n\t\t\t\t<div class=\"elementor-element elementor-element-480bd68 e-flex e-con-boxed e-con e-parent\" data-id=\"480bd68\" data-element_type=\"container\" data-e-type=\"container\">\n\t\t\t\t\t<div class=\"e-con-inner\">\n\t\t\t\t<div class=\"elementor-element elementor-element-400ae8a elementor-widget elementor-widget-heading\" data-id=\"400ae8a\" data-element_type=\"widget\" data-e-type=\"widget\" data-widget_type=\"heading.default\">\n\t\t\t\t\t<h1 class=\"elementor-heading-title elementor-size-default\">Jur\u00eddico<\/h1>\t\t\t\t<\/div>\n\t\t\t\t\t<\/div>\n\t\t\t\t<\/div>\n\t\t<div class=\"elementor-element elementor-element-35d147f e-flex e-con-boxed e-con e-parent\" data-id=\"35d147f\" data-element_type=\"container\" data-e-type=\"container\">\n\t\t\t\t\t<div class=\"e-con-inner\">\n\t\t\t\t\t\t\t\t<p class=\"e-paragraph-base\" data-interaction-id=\"82438c3\"  data-e-type=\"widget\" data-id=\"82438c3\">\n\t\t\t\t\t\t\t\tEsta p\u00e1gina faculta o acesso a todos os documentos jur\u00eddicos relacionados com os s\u00edtios Web e servi\u00e7os operados pela <strong>Fidelis Marketing Group S.L.<\/strong>, incluindo as suas plataformas de licenciamento de m\u00fasica e servi\u00e7os promocionais. Recomendamos que todos os visitantes, clientes e colaboradores analisem cuidadosamente os documentos jur\u00eddicos aplic\u00e1veis listados abaixo.\n\t\t\t\t\t<\/p>\n\t\t\t\t\t<\/div>\n\t\t\t\t<\/div>\n\t\t<div class=\"elementor-element elementor-element-cc0df9b e-flex e-con-boxed e-con e-parent\" data-id=\"cc0df9b\" data-element_type=\"container\" data-e-type=\"container\">\n\t\t\t\t\t<div class=\"e-con-inner\">\n\t\t\t\t\t\t\t\t<p class=\"e-paragraph-base\" data-interaction-id=\"1c0d19c\"  data-e-type=\"widget\" data-id=\"1c0d19c\">\n\t\t\t\t\t\t\t<a\n\t\t\t\t\thref=\"https:\/\/audiowo.com\/pt-pt\/termos-e-condicoes-gerais\/\" target=\"_self\"\n\t\t\t\t\tclass=\"e-paragraph-link-base\"\n\t\t\t\t>\n\t\t\t\t\t\t\ud83d\udcc4 Termos e Condi\u00e7\u00f5es GeraisEstes termos regem a utiliza\u00e7\u00e3o geral dos nossos s\u00edtios Web, plataformas e servi\u00e7os digitais, incluindo o acesso, pagamentos e responsabilidades do utilizador.\n\t\t\t\t<\/a>\n\t\t\t\t\t<\/p>\n\t\t\t\t\t<\/div>\n\t\t\t\t<\/div>\n\t\t<div class=\"elementor-element elementor-element-b1c872e e-flex e-con-boxed e-con e-parent\" data-id=\"b1c872e\" data-element_type=\"container\" data-e-type=\"container\">\n\t\t\t\t\t<div class=\"e-con-inner\">\n\t\t\t\t\t\t\t\t<p class=\"e-paragraph-base\" data-interaction-id=\"6cc148a\"  data-e-type=\"widget\" data-id=\"6cc148a\">\n\t\t\t\t\t\t\t<a\n\t\t\t\t\thref=\"https:\/\/audiowo.com\/pt-pt\/politica-de-privacidade\/\" target=\"_self\"\n\t\t\t\t\tclass=\"e-paragraph-link-base\"\n\t\t\t\t>\n\t\t\t\t\t\t\ud83d\udd10 Pol\u00edtica de PrivacidadeA nossa Pol\u00edtica de Privacidade explica como recolhemos, tratamos e protegemos os dados pessoais de acordo com o Regulamento Geral sobre a Prote\u00e7\u00e3o de Dados (RGPD) e a legisla\u00e7\u00e3o aplic\u00e1vel.\n\t\t\t\t<\/a>\n\t\t\t\t\t<\/p>\n\t\t\t\t\t<\/div>\n\t\t\t\t<\/div>\n\t\t<div class=\"elementor-element elementor-element-9faa98e e-flex e-con-boxed e-con e-parent\" data-id=\"9faa98e\" data-element_type=\"container\" data-e-type=\"container\">\n\t\t\t\t\t<div class=\"e-con-inner\">\n\t\t\t\t\t\t\t\t<p class=\"e-paragraph-base\" data-interaction-id=\"adb4ca5\"  data-e-type=\"widget\" data-id=\"adb4ca5\">\n\t\t\t\t\t\t\t<a\n\t\t\t\t\thref=\"https:\/\/audiowo.com\/pt-pt\/politica-de-cookies\/\" target=\"_self\"\n\t\t\t\t\tclass=\"e-paragraph-link-base\"\n\t\t\t\t>\n\t\t\t\t\t\t\ud83c\udf6a Pol\u00edtica de CookiesA nossa Pol\u00edtica de Cookies explica a utiliza\u00e7\u00e3o de cookies necess\u00e1rios e anal\u00edticos e como os visitantes podem gerir as suas prefer\u00eancias de cookies.\n\t\t\t\t<\/a>\n\t\t\t\t\t<\/p>\n\t\t\t\t\t<\/div>\n\t\t\t\t<\/div>\n\t\t<div class=\"elementor-element elementor-element-e6668c4 e-flex e-con-boxed e-con e-parent\" data-id=\"e6668c4\" data-element_type=\"container\" data-e-type=\"container\">\n\t\t\t\t\t<div class=\"e-con-inner\">\n\t\t\t\t\t\t\t\t<p class=\"e-paragraph-base\" data-interaction-id=\"aa563ab\"  data-e-type=\"widget\" data-id=\"aa563ab\">\n\t\t\t\t\t\t\t<a\n\t\t\t\t\thref=\"https:\/\/audiowo.com\/pt-pt\/acordo-de-licenca-de-musica-comercial\/\" target=\"_self\"\n\t\t\t\t\tclass=\"e-paragraph-link-base\"\n\t\t\t\t>\n\t\t\t\t\t\t\ud83c\udfb5 Contrato de Licen\u00e7a de M\u00fasica ComercialEste contrato define os termos sob os quais as empresas podem utilizar m\u00fasica de fundo licenciada fornecida atrav\u00e9s das nossas plataformas, incluindo utiliza\u00e7\u00f5es permitidas, restri\u00e7\u00f5es e dura\u00e7\u00e3o.\n\t\t\t\t<\/a>\n\t\t\t\t\t<\/p>\n\t\t\t\t\t<\/div>\n\t\t\t\t<\/div>\n\t\t<div class=\"elementor-element elementor-element-ebd5358 e-flex e-con-boxed e-con e-parent\" data-id=\"ebd5358\" data-element_type=\"container\" data-e-type=\"container\">\n\t\t\t\t\t<div class=\"e-con-inner\">\n\t\t\t\t\t\t\t\t<p class=\"e-paragraph-base\" data-interaction-id=\"b8979ee\"  data-e-type=\"widget\" data-id=\"b8979ee\">\n\t\t\t\t\t\t\t<a\n\t\t\t\t\thref=\"https:\/\/audiowo.com\/pt-pt\/acordo-de-contribuicao-de-musica-promocional\/\" target=\"_self\"\n\t\t\t\t\tclass=\"e-paragraph-link-base\"\n\t\t\t\t>\n\t\t\t\t\t\t\ud83c\udfa7 Contrato de Contribui\u00e7\u00e3o de M\u00fasica Promocional (Artistas)Este contrato aplica-se a artistas e detentores de direitos que submetam m\u00fasica para inclus\u00e3o promocional nas nossas plataformas e lan\u00e7amentos de compila\u00e7\u00f5es.\n\t\t\t\t<\/a>\n\t\t\t\t\t<\/p>\n\t\t\t\t\t<\/div>\n\t\t\t\t<\/div>\n\t\t<div class=\"elementor-element elementor-element-2edecb2 e-flex e-con-boxed e-con e-parent\" data-id=\"2edecb2\" data-element_type=\"container\" data-e-type=\"container\">\n\t\t\t\t\t<div class=\"e-con-inner\">\n\t\t\t\t\t\t\t\t<p class=\"e-paragraph-base\" data-interaction-id=\"7e3466e\"  data-e-type=\"widget\" data-id=\"7e3466e\">\n\t\t\t\t\t\t\t\tJurisdi\u00e7\u00e3o e Aplicabilidade: Salvo indica\u00e7\u00e3o em contr\u00e1rio, todos os documentos jur\u00eddicos s\u00e3o regidos pelas leis de <strong>Espanha<\/strong> e aplicam-se a utilizadores em todo o mundo.\n\t\t\t\t\t<\/p>\n\t\t\t\t\t<\/div>\n\t\t\t\t<\/div>\n\t\t<div class=\"elementor-element elementor-element-a6ce8fc e-flex e-con-boxed e-con e-parent\" data-id=\"a6ce8fc\" data-element_type=\"container\" data-e-type=\"container\">\n\t\t\t\t\t<div class=\"e-con-inner\">\n\t\t\t\t\t\t\t\t<p class=\"e-paragraph-base\" data-interaction-id=\"fa43eb2\"  data-e-type=\"widget\" data-id=\"fa43eb2\">\n\t\t\t\t\t\t\t<a\n\t\t\t\t\thref=\"https:\/\/audiowo.com\/pt-pt\/contacte-nos\/\" target=\"_self\"\n\t\t\t\t\tclass=\"e-paragraph-link-base\"\n\t\t\t\t>\n\t\t\t\t\t\tContacto Para quest\u00f5es jur\u00eddicas ou relacionadas com a privacidade, contacte-nos atrav\u00e9s dos dados fornecidos no nosso s\u00edtio Web.\n\t\t\t\t<\/a>\n\t\t\t\t\t<\/p>\n\t\t\t\t\t<\/div>\n\t\t\t\t<\/div>\n\t\t\t\t<\/div>\n\t\t","protected":false},"excerpt":{"rendered":"<p>Jur\u00eddico Esta p\u00e1gina faculta o acesso a todos os documentos jur\u00eddicos relacionados com os s\u00edtios Web e servi\u00e7os operados pela Fidelis Marketing Group S.L., incluindo as suas plataformas de licenciamento de m\u00fasica e servi\u00e7os promocionais. Recomendamos que todos os visitantes, clientes e colaboradores analisem cuidadosamente os documentos jur\u00eddicos aplic\u00e1veis listados abaixo. \ud83d\udcc4 Termos e Condi\u00e7\u00f5es [&hellip;]<\/p>\n","protected":false},"author":1,"featured_media":0,"parent":0,"menu_order":0,"comment_status":"closed","ping_status":"closed","template":"elementor_header_footer","meta":{"_acf_changed":false,"footnotes":""},"class_list":["post-8429","page","type-page","status-publish","hentry"],"acf":[],"_links":{"self":[{"href":"https:\/\/audiowo.com\/pt-pt\/wp-json\/wp\/v2\/pages\/8429","targetHints":{"allow":["GET"]}}],"collection":[{"href":"https:\/\/audiowo.com\/pt-pt\/wp-json\/wp\/v2\/pages"}],"about":[{"href":"https:\/\/audiowo.com\/pt-pt\/wp-json\/wp\/v2\/types\/page"}],"author":[{"embeddable":true,"href":"https:\/\/audiowo.com\/pt-pt\/wp-json\/wp\/v2\/users\/1"}],"replies":[{"embeddable":true,"href":"https:\/\/audiowo.com\/pt-pt\/wp-json\/wp\/v2\/comments?post=8429"}],"version-history":[{"count":0,"href":"https:\/\/audiowo.com\/pt-pt\/wp-json\/wp\/v2\/pages\/8429\/revisions"}],"wp:attachment":[{"href":"https:\/\/audiowo.com\/pt-pt\/wp-json\/wp\/v2\/media?parent=8429"}],"curies":[{"name":"wp","href":"https:\/\/api.w.org\/{rel}","templated":true}]}}