{"id":7780,"date":"2026-03-24T16:23:54","date_gmt":"2026-03-24T15:23:54","guid":{"rendered":"https:\/\/audiowo.com\/product\/licenca-creator-musica-ilimitada\/"},"modified":"2026-03-24T16:23:54","modified_gmt":"2026-03-24T15:23:54","slug":"licenca-creator-musica-ilimitada","status":"publish","type":"product","link":"https:\/\/audiowo.com\/pt-pt\/produto\/licenca-creator-musica-ilimitada\/","title":{"rendered":"Licen\u00e7a Creator M\u00fasica Ilimitada"},"content":{"rendered":"<p>A Licen\u00e7a Creator foi concebida para criadores de conte\u00fados que precisam de m\u00fasica de alta qualidade, segura em termos de direitos de autor, para v\u00eddeos e plataformas online.<\/p>\n<p>Perfeita para YouTube, redes sociais, podcasts e conte\u00fado de v\u00eddeo comercial, esta licen\u00e7a garante que os seus projetos se mant\u00eam protegidos, com um som profissional.<\/p>\n<p>\u2714 Utiliza\u00e7\u00e3o em v\u00eddeos do YouTube e das redes sociais<br \/>\n\u2714 M\u00fasica compat\u00edvel com monetiza\u00e7\u00e3o<br \/>\n\u2714 Sem reivindica\u00e7\u00f5es de direitos de autor<br \/>\n\u2714 Descarregue e integre de imediato<\/p>\n<p>Concentre-se em criar \u2014 n\u00f3s tratamos do licenciamento de m\u00fasica.<\/p>\n","protected":false},"excerpt":{"rendered":"<p>M\u00fasica segura em termos de direitos de autor para YouTube, redes sociais e criadores de v\u00eddeo. Monetize sem preocupa\u00e7\u00f5es. <\/p>\n","protected":false},"featured_media":354,"comment_status":"closed","ping_status":"closed","template":"","meta":{"_acf_changed":false},"product_brand":[],"product_cat":[107],"product_tag":[],"class_list":{"0":"post-7780","1":"product","2":"type-product","3":"status-publish","4":"has-post-thumbnail","6":"product_cat-sem-categoria","8":"first","9":"instock","10":"taxable","11":"shipping-taxable","12":"purchasable","13":"product-type-subscription"},"acf":[],"_links":{"self":[{"href":"https:\/\/audiowo.com\/pt-pt\/wp-json\/wp\/v2\/product\/7780","targetHints":{"allow":["GET"]}}],"collection":[{"href":"https:\/\/audiowo.com\/pt-pt\/wp-json\/wp\/v2\/product"}],"about":[{"href":"https:\/\/audiowo.com\/pt-pt\/wp-json\/wp\/v2\/types\/product"}],"replies":[{"embeddable":true,"href":"https:\/\/audiowo.com\/pt-pt\/wp-json\/wp\/v2\/comments?post=7780"}],"version-history":[{"count":0,"href":"https:\/\/audiowo.com\/pt-pt\/wp-json\/wp\/v2\/product\/7780\/revisions"}],"wp:featuredmedia":[{"embeddable":true,"href":"https:\/\/audiowo.com\/pt-pt\/wp-json\/wp\/v2\/media\/354"}],"wp:attachment":[{"href":"https:\/\/audiowo.com\/pt-pt\/wp-json\/wp\/v2\/media?parent=7780"}],"wp:term":[{"taxonomy":"product_brand","embeddable":true,"href":"https:\/\/audiowo.com\/pt-pt\/wp-json\/wp\/v2\/product_brand?post=7780"},{"taxonomy":"product_cat","embeddable":true,"href":"https:\/\/audiowo.com\/pt-pt\/wp-json\/wp\/v2\/product_cat?post=7780"},{"taxonomy":"product_tag","embeddable":true,"href":"https:\/\/audiowo.com\/pt-pt\/wp-json\/wp\/v2\/product_tag?post=7780"}],"curies":[{"name":"wp","href":"https:\/\/api.w.org\/{rel}","templated":true}]}}