{"id":8092,"date":"2026-04-08T13:21:53","date_gmt":"2026-04-08T11:21:53","guid":{"rendered":"https:\/\/audiowo.com\/product\/faixa-de-musica-personalizada\/"},"modified":"2026-04-08T13:21:53","modified_gmt":"2026-04-08T11:21:53","slug":"faixa-de-musica-personalizada","status":"publish","type":"product","link":"https:\/\/audiowo.com\/pt-pt\/produto\/faixa-de-musica-personalizada\/","title":{"rendered":"Faixa de M\u00fasica Personalizada"},"content":{"rendered":"<h3 data-section-id=\"kzbvll\" data-start=\"837\" data-end=\"853\">O Que Recebe<\/h3>\n<ul data-start=\"855\" data-end=\"1086\">\n<li data-section-id=\"1eu2wei\" data-start=\"855\" data-end=\"890\">\u2714 Faixa personalizada em <strong data-start=\"875\" data-end=\"888\">qualquer g\u00e9nero<\/strong><\/li>\n<li data-section-id=\"1ds2gtc\" data-start=\"891\" data-end=\"945\">\u2714 <strong data-start=\"895\" data-end=\"926\">Instrumental ou com vozes<\/strong> (masculinas ou femininas)<\/li>\n<li data-section-id=\"3jg2wi\" data-start=\"946\" data-end=\"980\">\u2714 <strong data-start=\"950\" data-end=\"978\">Produ\u00e7\u00e3o 100% original<\/strong><\/li>\n<li data-section-id=\"1t5qaaa\" data-start=\"981\" data-end=\"1017\">\u2714 <strong data-start=\"985\" data-end=\"1015\">4 rondas de revis\u00e3o inclu\u00eddas<\/strong><\/li>\n<li data-section-id=\"ctp5tw\" data-start=\"1018\" data-end=\"1055\">\u2714 Mistura e masteriza\u00e7\u00e3o profissional<\/li>\n<li data-section-id=\"1w42kxf\" data-start=\"1056\" data-end=\"1086\">\u2714 Pronto para uso comercial<\/li>\n<\/ul>\n<h3 data-section-id=\"1va2ym6\" data-start=\"1093\" data-end=\"1113\">Letras e Conceito<\/h3>\n<p data-start=\"1115\" data-end=\"1145\">Se a sua faixa incluir vozes:<\/p>\n<ul data-start=\"1146\" data-end=\"1325\">\n<li data-section-id=\"1ucixgt\" data-start=\"1146\" data-end=\"1202\">As <strong data-start=\"1152\" data-end=\"1200\">letras s\u00e3o discutidas e aprovadas antecipadamente<\/strong><\/li>\n<li data-section-id=\"1wc8nft\" data-start=\"1203\" data-end=\"1266\">Pode fornecer o seu pr\u00f3prio texto ou colaborar no conceito<\/li>\n<li data-section-id=\"1uvj11k\" data-start=\"1267\" data-end=\"1325\">A dire\u00e7\u00e3o final est\u00e1 sempre alinhada com a sua vis\u00e3o<\/li>\n<\/ul>\n<h3 data-section-id=\"ixpo5k\" data-start=\"1332\" data-end=\"1354\">Qualidade de Produ\u00e7\u00e3o<\/h3>\n<p data-start=\"1356\" data-end=\"1415\">Todas as faixas s\u00e3o entregues com padr\u00f5es de \u00e1udio profissionais:<\/p>\n<ul data-start=\"1416\" data-end=\"1473\">\n<li data-section-id=\"lf88k\" data-start=\"1416\" data-end=\"1444\"><strong data-start=\"1418\" data-end=\"1438\">LUFS integrados:<\/strong> ~12<\/li>\n<li data-section-id=\"1xy6v74\" data-start=\"1445\" data-end=\"1473\"><strong data-start=\"1447\" data-end=\"1467\">LUFS de curto prazo:<\/strong> ~10<\/li>\n<\/ul>\n<p data-start=\"1475\" data-end=\"1531\">Otimizado para plataformas de streaming, an\u00fancios e uso digital.<\/p>\n<h3 data-section-id=\"o1tr05\" data-start=\"1538\" data-end=\"1550\">Fluxo de Trabalho<\/h3>\n<ol data-start=\"1552\" data-end=\"1750\">\n<li data-section-id=\"46qe72\" data-start=\"1552\" data-end=\"1573\">Fa\u00e7a a sua encomenda<\/li>\n<li data-section-id=\"4dsk2w\" data-start=\"1574\" data-end=\"1617\">Partilhe a sua ideia, estilo e refer\u00eancias<\/li>\n<li data-section-id=\"gwf447\" data-start=\"1618\" data-end=\"1653\">Confirme as letras (se aplic\u00e1vel)<\/li>\n<li data-section-id=\"1i86ysv\" data-start=\"1654\" data-end=\"1676\">In\u00edcio da produ\u00e7\u00e3o<\/li>\n<li data-section-id=\"1na1y2n\" data-start=\"1677\" data-end=\"1697\">Receba a amostra<\/li>\n<li data-section-id=\"sgvehz\" data-start=\"1698\" data-end=\"1730\">Solicite revis\u00f5es (at\u00e9 4)<\/li>\n<li data-section-id=\"1j7cqp8\" data-start=\"1731\" data-end=\"1750\">Entrega final<\/li>\n<\/ol>\n<h3 data-section-id=\"1xnjjts\" data-start=\"1757\" data-end=\"1783\">Porqu\u00ea Escolher Don Fidelis e Audiowo.com<\/h3>\n<ul data-start=\"1785\" data-end=\"1942\">\n<li data-section-id=\"14y3yxp\" data-start=\"1785\" data-end=\"1815\">Ghost producer experiente h\u00e1 20 anos<\/li>\n<li data-section-id=\"1wa8isb\" data-start=\"1816\" data-end=\"1863\">Trabalha com <strong data-start=\"1829\" data-end=\"1861\">ferramentas de produ\u00e7\u00e3o otimizadas por IA<\/strong><\/li>\n<li data-section-id=\"167q9o4\" data-start=\"1864\" data-end=\"1905\">Entrega r\u00e1pida com elevada consist\u00eancia<\/li>\n<li data-section-id=\"a59152\" data-start=\"1906\" data-end=\"1942\">Flex\u00edvel em todos os estilos musicais<\/li>\n<\/ul>\n<h3 data-section-id=\"1x5ej4z\" data-start=\"1949\" data-end=\"1968\">Notas Importantes<\/h3>\n<ul data-start=\"1970\" data-end=\"2116\">\n<li data-section-id=\"sd09u1\" data-start=\"1970\" data-end=\"2009\">O tempo de entrega depende da complexidade<\/li>\n<li data-section-id=\"vs6f81\" data-start=\"2010\" data-end=\"2060\">Instru\u00e7\u00f5es claras = resultados melhores e mais r\u00e1pidos<\/li>\n<li data-section-id=\"1b3kjq6\" data-start=\"2061\" data-end=\"2116\">Revis\u00f5es extra podem estar dispon\u00edveis com custo adicional<\/li>\n<\/ul>\n","protected":false},"excerpt":{"rendered":"<h3 data-section-id=\"77bgn1\" data-start=\"439\" data-end=\"492\">Faixa de M\u00fasica Personalizada \u2013 Totalmente Adaptada \u00e0s Suas Necessidades<\/h3>\n<p data-start=\"494\" data-end=\"694\">Encomende uma <strong data-start=\"502\" data-end=\"548\">faixa de m\u00fasica personalizada produzida profissionalmente<\/strong> por um pre\u00e7o fixo de <strong data-start=\"570\" data-end=\"578\">300 \u20ac<\/strong>. Criada pelo ghost producer <strong data-start=\"606\" data-end=\"621\">Don Fidelis<\/strong>, cada faixa \u00e9 constru\u00edda do zero com base nas suas ideias, objetivos e estilo. <\/p>\n<p data-start=\"696\" data-end=\"709\">Adequado para:<\/p>\n<ul data-start=\"710\" data-end=\"830\">\n<li data-section-id=\"pauozy\" data-start=\"710\" data-end=\"733\">Artistas e cantores<\/li>\n<li data-section-id=\"1avaya0\" data-start=\"734\" data-end=\"761\">Empresas e branding<\/li>\n<li data-section-id=\"w7ijlb\" data-start=\"762\" data-end=\"796\">YouTube, an\u00fancios e redes sociais<\/li>\n<li data-section-id=\"1xa11m8\" data-start=\"797\" data-end=\"830\">Projetos pessoais ou criativos<\/li>\n<\/ul>\n","protected":false},"featured_media":5292,"comment_status":"closed","ping_status":"closed","template":"","meta":{"_acf_changed":false},"product_brand":[],"product_cat":[218],"product_tag":[],"class_list":{"0":"post-8092","1":"product","2":"type-product","3":"status-publish","4":"has-post-thumbnail","6":"product_cat-nao-categorizado","8":"first","9":"instock","10":"taxable","11":"shipping-taxable","12":"purchasable","13":"product-type-simple"},"acf":[],"_links":{"self":[{"href":"https:\/\/audiowo.com\/pt-pt\/wp-json\/wp\/v2\/product\/8092","targetHints":{"allow":["GET"]}}],"collection":[{"href":"https:\/\/audiowo.com\/pt-pt\/wp-json\/wp\/v2\/product"}],"about":[{"href":"https:\/\/audiowo.com\/pt-pt\/wp-json\/wp\/v2\/types\/product"}],"replies":[{"embeddable":true,"href":"https:\/\/audiowo.com\/pt-pt\/wp-json\/wp\/v2\/comments?post=8092"}],"version-history":[{"count":0,"href":"https:\/\/audiowo.com\/pt-pt\/wp-json\/wp\/v2\/product\/8092\/revisions"}],"wp:featuredmedia":[{"embeddable":true,"href":"https:\/\/audiowo.com\/pt-pt\/wp-json\/wp\/v2\/media\/5292"}],"wp:attachment":[{"href":"https:\/\/audiowo.com\/pt-pt\/wp-json\/wp\/v2\/media?parent=8092"}],"wp:term":[{"taxonomy":"product_brand","embeddable":true,"href":"https:\/\/audiowo.com\/pt-pt\/wp-json\/wp\/v2\/product_brand?post=8092"},{"taxonomy":"product_cat","embeddable":true,"href":"https:\/\/audiowo.com\/pt-pt\/wp-json\/wp\/v2\/product_cat?post=8092"},{"taxonomy":"product_tag","embeddable":true,"href":"https:\/\/audiowo.com\/pt-pt\/wp-json\/wp\/v2\/product_tag?post=8092"}],"curies":[{"name":"wp","href":"https:\/\/api.w.org\/{rel}","templated":true}]}}