{"id":7605,"date":"2026-02-07T15:19:19","date_gmt":"2026-02-07T14:19:19","guid":{"rendered":"https:\/\/audiowo.com\/avtal-om-kommersiell-musiklicens\/"},"modified":"2026-04-09T17:31:03","modified_gmt":"2026-04-09T15:31:03","slug":"avtal-om-kommersiell-musiklicens","status":"publish","type":"page","link":"https:\/\/audiowo.com\/sv\/juridik\/avtal-om-kommersiell-musiklicens\/","title":{"rendered":"Avtal om kommersiell musiklicens"},"content":{"rendered":"\t\t<div data-elementor-type=\"wp-page\" data-elementor-id=\"7605\" class=\"elementor elementor-7605 elementor-37\" data-elementor-post-type=\"page\">\n\t\t\t\t<div class=\"elementor-element elementor-element-7e52a01 e-flex e-con-boxed e-con e-parent\" data-id=\"7e52a01\" data-element_type=\"container\" data-e-type=\"container\">\n\t\t\t\t\t<div class=\"e-con-inner\">\n\t\t\t\t<div class=\"elementor-element elementor-element-2e5f5f9 elementor-widget elementor-widget-heading\" data-id=\"2e5f5f9\" data-element_type=\"widget\" data-e-type=\"widget\" data-widget_type=\"heading.default\">\n\t\t\t\t\t<h1 class=\"elementor-heading-title elementor-size-default\">Avtal om kommersiell musiklicens<\/h1>\t\t\t\t<\/div>\n\t\t\t\t\t<\/div>\n\t\t\t\t<\/div>\n\t\t<div class=\"elementor-element elementor-element-6bda279 e-flex e-con-boxed e-con e-parent\" data-id=\"6bda279\" data-element_type=\"container\" data-e-type=\"container\">\n\t\t\t\t\t<div class=\"e-con-inner\">\n\t\t\t\t\t\t\t\t<p class=\"e-paragraph-base\" data-interaction-id=\"96a3464\"  data-e-type=\"widget\" data-id=\"96a3464\">\n\t\t\t\t\t\t\t\tDetta avtal om kommersiell musiklicens (\u201dAvtalet\u201d) ing\u00e5s mellan:<strong>Licensgivare: <\/strong>Fidelis Marketing Group SL.<br>Verksam under varum\u00e4rket: ListenForFree.com och <strong>Licenstagare:<\/strong><br>Den prenumererande f\u00f6retagsenheten eller individen. Genom att k\u00f6pa eller anv\u00e4nda denna prenumeration godk\u00e4nner Licenstagaren f\u00f6ljande villkor.\n\t\t\t\t\t<\/p>\n\t\t\t\t\t<\/div>\n\t\t\t\t<\/div>\n\t\t<div class=\"elementor-element elementor-element-bca82f1 e-flex e-con-boxed e-con e-parent\" data-id=\"bca82f1\" data-element_type=\"container\" data-e-type=\"container\">\n\t\t\t\t\t<div class=\"e-con-inner\">\n\t\t\t\t\t\t\t<h4 \n\t\tdata-interaction-id=\"ba71986\" \n\t\tclass=\"e-heading-base\" \n\t\t \n\t\tdata-e-type=\"widget\" data-id=\"ba71986\"\n\t>\n\t\n\t\t\t1. Licensierad musik\n\t\t<\/h4>\n\t\t\t\t\t<\/div>\n\t\t\t\t<\/div>\n\t\t<div class=\"elementor-element elementor-element-4168600 e-flex e-con-boxed e-con e-parent\" data-id=\"4168600\" data-element_type=\"container\" data-e-type=\"container\">\n\t\t\t\t\t<div class=\"e-con-inner\">\n\t\t\t\t\t\t\t\t<p class=\"e-paragraph-base\" data-interaction-id=\"22aecba\"  data-e-type=\"widget\" data-id=\"22aecba\">\n\t\t\t\t\t\t\t\tMusiken som g\u00f6rs tillg\u00e4nglig inom ramen f\u00f6r denna prenumeration (\u201dLicensierad musik\u201d) best\u00e5r uteslutande av originalmusikaliska verk som:Inte \u00e4r <strong>registrerade<\/strong> hos n\u00e5gon organisation f\u00f6r framf\u00f6rander\u00e4tt (PRO), inklusive men inte begr\u00e4nsat till <strong>BUMA\/STEMRA, SGAE, PRS, ASCAP, BMI, SESAC<\/strong>;\u00c4gs och kontrolleras fullt ut av Licensgivaren.\n\t\t\t\t\t<\/p>\n\t\t\t\t\t<\/div>\n\t\t\t\t<\/div>\n\t\t<div class=\"elementor-element elementor-element-e45531a e-flex e-con-boxed e-con e-parent\" data-id=\"e45531a\" data-element_type=\"container\" data-e-type=\"container\">\n\t\t\t\t\t<div class=\"e-con-inner\">\n\t\t\t\t\t\t\t<h4 \n\t\tdata-interaction-id=\"8d9bc2e\" \n\t\tclass=\"e-heading-base\" \n\t\t \n\t\tdata-e-type=\"widget\" data-id=\"8d9bc2e\"\n\t>\n\t\n\t\t\t2. Licensuppl\u00e5telse\n\t\t<\/h4>\n\t\t\t\t\t<\/div>\n\t\t\t\t<\/div>\n\t\t<div class=\"elementor-element elementor-element-7e0b0fb e-flex e-con-boxed e-con e-parent\" data-id=\"7e0b0fb\" data-element_type=\"container\" data-e-type=\"container\">\n\t\t\t\t\t<div class=\"e-con-inner\">\n\t\t\t\t\t\t\t\t<p class=\"e-paragraph-base\" data-interaction-id=\"41911e4\"  data-e-type=\"widget\" data-id=\"41911e4\">\n\t\t\t\t\t\t\t\tUnder f\u00f6ruts\u00e4ttning av aktiv prenumeration och betalning beviljar Licensgivaren Licenstagaren en <strong>icke-exklusiv, icke-\u00f6verl\u00e5tbar, begr\u00e4nsad kommersiell licens<\/strong> att:Offentligt framf\u00f6ra den Licensierade musiken i Licenstagarens fysiska verksamhetslokaler (t.ex. restauranger, barer, hotell, butiker);Anv\u00e4nda den Licensierade musiken som bakgrunds- eller st\u00e4mningsmusik f\u00f6r kunder och personal.Denna licens g\u00e4ller <strong>endast under den tid som prenumerationen \u00e4r aktiv<\/strong>.\n\t\t\t\t\t<\/p>\n\t\t\t\t\t<\/div>\n\t\t\t\t<\/div>\n\t\t<div class=\"elementor-element elementor-element-462465d e-flex e-con-boxed e-con e-parent\" data-id=\"462465d\" data-element_type=\"container\" data-e-type=\"container\">\n\t\t\t\t\t<div class=\"e-con-inner\">\n\t\t\t\t\t\t\t<h4 \n\t\tdata-interaction-id=\"3e3c26e\" \n\t\tclass=\"e-heading-base\" \n\t\t \n\t\tdata-e-type=\"widget\" data-id=\"3e3c26e\"\n\t>\n\t\n\t\t\t3. Inga ytterligare royalties\n\t\t<\/h4>\n\t\t\t\t\t<\/div>\n\t\t\t\t<\/div>\n\t\t<div class=\"elementor-element elementor-element-f5590d4 e-flex e-con-boxed e-con e-parent\" data-id=\"f5590d4\" data-element_type=\"container\" data-e-type=\"container\">\n\t\t\t\t\t<div class=\"e-con-inner\">\n\t\t\t\t\t\t\t\t<p class=\"e-paragraph-base\" data-interaction-id=\"2f41f67\"  data-e-type=\"widget\" data-id=\"2f41f67\">\n\t\t\t\t\t\t\t\tEftersom den Licensierade musiken inte \u00e4r registrerad hos n\u00e5gon PRO:Licenstagaren \u00e4r <strong>inte skyldig att betala n\u00e5gra ytterligare royalties f\u00f6r offentligt framf\u00f6rande<\/strong> till BUMA\/STEMRA, SGAE eller n\u00e5gon annan r\u00e4ttighetsorganisation f\u00f6r den Licensierade musiken;Inga royaltykrav fr\u00e5n tredje part ska uppst\u00e5 till f\u00f6ljd av beh\u00f6rig anv\u00e4ndning enligt detta Avtal.\n\t\t\t\t\t<\/p>\n\t\t\t\t\t<\/div>\n\t\t\t\t<\/div>\n\t\t<div class=\"elementor-element elementor-element-77bea1d e-flex e-con-boxed e-con e-parent\" data-id=\"77bea1d\" data-element_type=\"container\" data-e-type=\"container\">\n\t\t\t\t\t<div class=\"e-con-inner\">\n\t\t\t\t\t\t\t<h4 \n\t\tdata-interaction-id=\"6ff8ef2\" \n\t\tclass=\"e-heading-base\" \n\t\t \n\t\tdata-e-type=\"widget\" data-id=\"6ff8ef2\"\n\t>\n\t\n\t\t\t4. Begr\u00e4nsningar\n\t\t<\/h4>\n\t\t\t\t\t<\/div>\n\t\t\t\t<\/div>\n\t\t<div class=\"elementor-element elementor-element-bbd38b8 e-flex e-con-boxed e-con e-parent\" data-id=\"bbd38b8\" data-element_type=\"container\" data-e-type=\"container\">\n\t\t\t\t\t<div class=\"e-con-inner\">\n\t\t\t\t\t\t\t\t<p class=\"e-paragraph-base\" data-interaction-id=\"82c36a6\"  data-e-type=\"widget\" data-id=\"82c36a6\">\n\t\t\t\t\t\t\t\tLicenstagaren f\u00e5r <strong>inte<\/strong>:S\u00e4lja vidare, underlicensiera, distribuera eller g\u00f6ra den Licensierade musiken tillg\u00e4nglig f\u00f6r tredje part;Anv\u00e4nda den Licensierade musiken f\u00f6r audiovisuella produktioner, reklamkampanjer, s\u00e4ndning, streamingplattformar eller synkronisering utan skriftligt tillst\u00e5nd;\u00c4ndra, remixa eller g\u00f6ra anspr\u00e5k p\u00e5 upphovsmannaskap till den Licensierade musiken.\n\t\t\t\t\t<\/p>\n\t\t\t\t\t<\/div>\n\t\t\t\t<\/div>\n\t\t<div class=\"elementor-element elementor-element-7280161 e-flex e-con-boxed e-con e-parent\" data-id=\"7280161\" data-element_type=\"container\" data-e-type=\"container\">\n\t\t\t\t\t<div class=\"e-con-inner\">\n\t\t\t\t\t\t\t<h4 \n\t\tdata-interaction-id=\"538f317\" \n\t\tclass=\"e-heading-base\" \n\t\t \n\t\tdata-e-type=\"widget\" data-id=\"538f317\"\n\t>\n\t\n\t\t\t5. Omfattade platser\n\t\t<\/h4>\n\t\t\t\t\t<\/div>\n\t\t\t\t<\/div>\n\t\t<div class=\"elementor-element elementor-element-735d3aa e-flex e-con-boxed e-con e-parent\" data-id=\"735d3aa\" data-element_type=\"container\" data-e-type=\"container\">\n\t\t\t\t\t<div class=\"e-con-inner\">\n\t\t\t\t\t\t\t\t<p class=\"e-paragraph-base\" data-interaction-id=\"b647354\"  data-e-type=\"widget\" data-id=\"b647354\">\n\t\t\t\t\t\t\t\tLicensen omfattar <strong>endast det antal platser som anges i den aktiva prenumerationsplanen<\/strong>.<br>Ytterligare platser kr\u00e4ver en uppgraderad prenumeration\n\t\t\t\t\t<\/p>\n\t\t\t\t\t<\/div>\n\t\t\t\t<\/div>\n\t\t<div class=\"elementor-element elementor-element-550938f e-flex e-con-boxed e-con e-parent\" data-id=\"550938f\" data-element_type=\"container\" data-e-type=\"container\">\n\t\t\t\t\t<div class=\"e-con-inner\">\n\t\t\t\t\t\t\t<h4 \n\t\tdata-interaction-id=\"a335f82\" \n\t\tclass=\"e-heading-base\" \n\t\t \n\t\tdata-e-type=\"widget\" data-id=\"a335f82\"\n\t>\n\t\n\t\t\t6. \u00c4gander\u00e4tt\n\t\t<\/h4>\n\t\t\t\t\t<\/div>\n\t\t\t\t<\/div>\n\t\t<div class=\"elementor-element elementor-element-5a2edfb e-flex e-con-boxed e-con e-parent\" data-id=\"5a2edfb\" data-element_type=\"container\" data-e-type=\"container\">\n\t\t\t\t\t<div class=\"e-con-inner\">\n\t\t\t\t\t\t\t\t<p class=\"e-paragraph-base\" data-interaction-id=\"1d700da\"  data-e-type=\"widget\" data-id=\"1d700da\">\n\t\t\t\t\t\t\t\tAlla upphovsr\u00e4tter och immateriella r\u00e4ttigheter f\u00f6rblir Licensgivarens exklusiva egendom.<br>Ingen \u00e4gander\u00e4tt \u00f6verl\u00e5ts enligt detta Avtal.\n\t\t\t\t\t<\/p>\n\t\t\t\t\t<\/div>\n\t\t\t\t<\/div>\n\t\t<div class=\"elementor-element elementor-element-ab7741a e-flex e-con-boxed e-con e-parent\" data-id=\"ab7741a\" data-element_type=\"container\" data-e-type=\"container\">\n\t\t\t\t\t<div class=\"e-con-inner\">\n\t\t\t\t\t\t\t<h4 \n\t\tdata-interaction-id=\"c5ffa9b\" \n\t\tclass=\"e-heading-base\" \n\t\t \n\t\tdata-e-type=\"widget\" data-id=\"c5ffa9b\"\n\t>\n\t\n\t\t\t7. Upps\u00e4gning\n\t\t<\/h4>\n\t\t\t\t\t<\/div>\n\t\t\t\t<\/div>\n\t\t<div class=\"elementor-element elementor-element-de07e6f e-flex e-con-boxed e-con e-parent\" data-id=\"de07e6f\" data-element_type=\"container\" data-e-type=\"container\">\n\t\t\t\t\t<div class=\"e-con-inner\">\n\t\t\t\t\t\t\t\t<p class=\"e-paragraph-base\" data-interaction-id=\"1baadf3\"  data-e-type=\"widget\" data-id=\"1baadf3\">\n\t\t\t\t\t\t\t\tDetta Avtal upph\u00f6r automatiskt vid:Prenumerationens utg\u00e5ng eller upps\u00e4gning;Brott mot dessa villkor.Vid upph\u00f6rande ska all anv\u00e4ndning av den Licensierade musiken omedelbart upph\u00f6ra.\n\t\t\t\t\t<\/p>\n\t\t\t\t\t<\/div>\n\t\t\t\t<\/div>\n\t\t<div class=\"elementor-element elementor-element-748397f e-flex e-con-boxed e-con e-parent\" data-id=\"748397f\" data-element_type=\"container\" data-e-type=\"container\">\n\t\t\t\t\t<div class=\"e-con-inner\">\n\t\t\t\t\t\t\t<h4 \n\t\tdata-interaction-id=\"8d4d8d9\" \n\t\tclass=\"e-heading-base\" \n\t\t \n\t\tdata-e-type=\"widget\" data-id=\"8d4d8d9\"\n\t>\n\t\n\t\t\t8. Ansvar &amp; skadesl\u00f6shet\n\t\t<\/h4>\n\t\t\t\t\t<\/div>\n\t\t\t\t<\/div>\n\t\t<div class=\"elementor-element elementor-element-fe4e81b e-flex e-con-boxed e-con e-parent\" data-id=\"fe4e81b\" data-element_type=\"container\" data-e-type=\"container\">\n\t\t\t\t\t<div class=\"e-con-inner\">\n\t\t\t\t\t\t\t\t<p class=\"e-paragraph-base\" data-interaction-id=\"aeba6ec\"  data-e-type=\"widget\" data-id=\"aeba6ec\">\n\t\t\t\t\t\t\t\tLicensgivaren garanterar att denne innehar fulla r\u00e4ttigheter att licensiera den Licensierade musiken enligt beskrivningen.<br>Licenstagaren f\u00f6rbinder sig att anv\u00e4nda den Licensierade musiken endast i den utstr\u00e4ckning som \u00e4r till\u00e5ten.\n\t\t\t\t\t<\/p>\n\t\t\t\t\t<\/div>\n\t\t\t\t<\/div>\n\t\t<div class=\"elementor-element elementor-element-5ab2f97 e-flex e-con-boxed e-con e-parent\" data-id=\"5ab2f97\" data-element_type=\"container\" data-e-type=\"container\">\n\t\t\t\t\t<div class=\"e-con-inner\">\n\t\t\t\t\t\t\t<h4 \n\t\tdata-interaction-id=\"c594162\" \n\t\tclass=\"e-heading-base\" \n\t\t \n\t\tdata-e-type=\"widget\" data-id=\"c594162\"\n\t>\n\t\n\t\t\t9. Till\u00e4mplig lag\n\t\t<\/h4>\n\t\t\t\t\t<\/div>\n\t\t\t\t<\/div>\n\t\t<div class=\"elementor-element elementor-element-78ac651 e-flex e-con-boxed e-con e-parent\" data-id=\"78ac651\" data-element_type=\"container\" data-e-type=\"container\">\n\t\t\t\t\t<div class=\"e-con-inner\">\n\t\t\t\t\t\t\t\t<p class=\"e-paragraph-base\" data-interaction-id=\"3d2983d\"  data-e-type=\"widget\" data-id=\"3d2983d\">\n\t\t\t\t\t\t\t\tDetta Avtal ska regleras av lagarna i <strong>Spanien och EU-jurisdiktion<\/strong>, utan h\u00e4nsyn till lagvalsprinciper.\n\t\t\t\t\t<\/p>\n\t\t\t\t\t<\/div>\n\t\t\t\t<\/div>\n\t\t<div class=\"elementor-element elementor-element-15e4089 e-flex e-con-boxed e-con e-parent\" data-id=\"15e4089\" data-element_type=\"container\" data-e-type=\"container\">\n\t\t\t\t\t<div class=\"e-con-inner\">\n\t\t\t\t\t\t\t<h4 \n\t\tdata-interaction-id=\"484b36e\" \n\t\tclass=\"e-heading-base\" \n\t\t \n\t\tdata-e-type=\"widget\" data-id=\"484b36e\"\n\t>\n\t\n\t\t\t10. Hela avtalet\n\t\t<\/h4>\n\t\t\t\t\t<\/div>\n\t\t\t\t<\/div>\n\t\t<div class=\"elementor-element elementor-element-c90ed9c e-flex e-con-boxed e-con e-parent\" data-id=\"c90ed9c\" data-element_type=\"container\" data-e-type=\"container\">\n\t\t\t\t\t<div class=\"e-con-inner\">\n\t\t\t\t\t\t\t\t<p class=\"e-paragraph-base\" data-interaction-id=\"d03c069\"  data-e-type=\"widget\" data-id=\"d03c069\">\n\t\t\t\t\t\t\t\tDetta Avtal utg\u00f6r hela \u00f6verenskommelsen mellan parterna avseende den Licensierade musiken.\n\t\t\t\t\t<\/p>\n\t\t\t\t\t<\/div>\n\t\t\t\t<\/div>\n\t\t\t\t<\/div>\n\t\t","protected":false},"excerpt":{"rendered":"<p>Avtal om kommersiell musiklicens Detta avtal om kommersiell musiklicens (\u201dAvtalet\u201d) ing\u00e5s mellan:Licensgivare: Fidelis Marketing Group SL.Verksam under varum\u00e4rket: ListenForFree.com och Licenstagare:Den prenumererande f\u00f6retagsenheten eller individen. Genom att k\u00f6pa eller anv\u00e4nda denna prenumeration godk\u00e4nner Licenstagaren f\u00f6ljande villkor. 1. Licensierad musik Musiken som g\u00f6rs tillg\u00e4nglig inom ramen f\u00f6r denna prenumeration (\u201dLicensierad musik\u201d) best\u00e5r uteslutande av originalmusikaliska verk [&hellip;]<\/p>\n","protected":false},"author":1,"featured_media":0,"parent":8416,"menu_order":0,"comment_status":"closed","ping_status":"closed","template":"elementor_header_footer","meta":{"_acf_changed":false,"footnotes":""},"class_list":["post-7605","page","type-page","status-publish","hentry"],"acf":[],"_links":{"self":[{"href":"https:\/\/audiowo.com\/sv\/wp-json\/wp\/v2\/pages\/7605","targetHints":{"allow":["GET"]}}],"collection":[{"href":"https:\/\/audiowo.com\/sv\/wp-json\/wp\/v2\/pages"}],"about":[{"href":"https:\/\/audiowo.com\/sv\/wp-json\/wp\/v2\/types\/page"}],"author":[{"embeddable":true,"href":"https:\/\/audiowo.com\/sv\/wp-json\/wp\/v2\/users\/1"}],"replies":[{"embeddable":true,"href":"https:\/\/audiowo.com\/sv\/wp-json\/wp\/v2\/comments?post=7605"}],"version-history":[{"count":0,"href":"https:\/\/audiowo.com\/sv\/wp-json\/wp\/v2\/pages\/7605\/revisions"}],"up":[{"embeddable":true,"href":"https:\/\/audiowo.com\/sv\/wp-json\/wp\/v2\/pages\/8416"}],"wp:attachment":[{"href":"https:\/\/audiowo.com\/sv\/wp-json\/wp\/v2\/media?parent=7605"}],"curies":[{"name":"wp","href":"https:\/\/api.w.org\/{rel}","templated":true}]}}