{"id":7671,"date":"2026-02-06T13:17:04","date_gmt":"2026-02-06T12:17:04","guid":{"rendered":"https:\/\/audiowo.com\/integritetspolicy\/"},"modified":"2026-04-09T17:31:02","modified_gmt":"2026-04-09T15:31:02","slug":"integritetspolicy","status":"publish","type":"page","link":"https:\/\/audiowo.com\/sv\/juridik\/integritetspolicy\/","title":{"rendered":"Integritetspolicy"},"content":{"rendered":"\t\t<div data-elementor-type=\"wp-page\" data-elementor-id=\"7671\" class=\"elementor elementor-7671 elementor-3\" data-elementor-post-type=\"page\">\n\t\t\t\t<div class=\"elementor-element elementor-element-3e40102 e-flex e-con-boxed e-con e-parent\" data-id=\"3e40102\" data-element_type=\"container\" data-e-type=\"container\">\n\t\t\t\t\t<div class=\"e-con-inner\">\n\t\t\t\t<div class=\"elementor-element elementor-element-d462c38 elementor-widget elementor-widget-heading\" data-id=\"d462c38\" data-element_type=\"widget\" data-e-type=\"widget\" data-widget_type=\"heading.default\">\n\t\t\t\t\t<h1 class=\"elementor-heading-title elementor-size-default\">Integritetspolicy<\/h1>\t\t\t\t<\/div>\n\t\t\t\t\t<\/div>\n\t\t\t\t<\/div>\n\t\t<div class=\"elementor-element elementor-element-76b9d70 e-flex e-con-boxed e-con e-parent\" data-id=\"76b9d70\" data-element_type=\"container\" data-e-type=\"container\">\n\t\t\t\t\t<div class=\"e-con-inner\">\n\t\t\t\t\t\t\t<h4 \n\t\tdata-interaction-id=\"8f0586a\" \n\t\tclass=\"e-heading-base\" \n\t\t \n\t\tdata-e-type=\"widget\" data-id=\"8f0586a\"\n\t>\n\t\n\t\t\t  1. Personuppgiftsansvarig\n\t\t<\/h4>\n\t\t\t\t\t<\/div>\n\t\t\t\t<\/div>\n\t\t<div class=\"elementor-element elementor-element-2b1b74c e-flex e-con-boxed e-con e-parent\" data-id=\"2b1b74c\" data-element_type=\"container\" data-e-type=\"container\">\n\t\t\t\t\t<div class=\"e-con-inner\">\n\t\t\t\t\t\t\t\t<p class=\"e-paragraph-base\" data-interaction-id=\"699278d\"  data-e-type=\"widget\" data-id=\"699278d\">\n\t\t\t\t\t\t\t\t<strong>Fidelis Marketing Group S.L.<\/strong><br>Verksamma varum\u00e4rken: <strong>audiowo.com<\/strong>, <strong>escuchargratis.es<\/strong><br>Registrerat i Spanien<br>(\u201dF\u00f6retaget\u201d, \u201dvi\u201d, \u201doss\u201d)\n\t\t\t\t\t<\/p>\n\t\t\t\t\t<\/div>\n\t\t\t\t<\/div>\n\t\t<div class=\"elementor-element elementor-element-dffd3b0 e-flex e-con-boxed e-con e-parent\" data-id=\"dffd3b0\" data-element_type=\"container\" data-e-type=\"container\">\n\t\t\t\t\t<div class=\"e-con-inner\">\n\t\t\t\t\t\t\t<h4 \n\t\tdata-interaction-id=\"e04e82b\" \n\t\tclass=\"e-heading-base\" \n\t\t \n\t\tdata-e-type=\"widget\" data-id=\"e04e82b\"\n\t>\n\t\n\t\t\t2. Insamlade uppgifter\n\t\t<\/h4>\n\t\t\t\t\t<\/div>\n\t\t\t\t<\/div>\n\t\t<div class=\"elementor-element elementor-element-de72aba e-flex e-con-boxed e-con e-parent\" data-id=\"de72aba\" data-element_type=\"container\" data-e-type=\"container\">\n\t\t\t\t\t<div class=\"e-con-inner\">\n\t\t\t\t\t\t\t\t<p class=\"e-paragraph-base\" data-interaction-id=\"9f9879c\"  data-e-type=\"widget\" data-id=\"9f9879c\">\n\t\t\t\t\t\t\t\tVi samlar in: Namn, e-post, f\u00f6retagsinformation, faktureringsinformation, IP-adress och anv\u00e4ndningsdata, uppladdat inneh\u00e5ll (artister)\n\t\t\t\t\t<\/p>\n\t\t\t\t\t<\/div>\n\t\t\t\t<\/div>\n\t\t<div class=\"elementor-element elementor-element-eab8629 e-flex e-con-boxed e-con e-parent\" data-id=\"eab8629\" data-element_type=\"container\" data-e-type=\"container\">\n\t\t\t\t\t<div class=\"e-con-inner\">\n\t\t\t\t\t\t\t<h4 \n\t\tdata-interaction-id=\"f75ba1f\" \n\t\tclass=\"e-heading-base\" \n\t\t \n\t\tdata-e-type=\"widget\" data-id=\"f75ba1f\"\n\t>\n\t\n\t\t\t3. Syfte\n\t\t<\/h4>\n\t\t\t\t\t<\/div>\n\t\t\t\t<\/div>\n\t\t<div class=\"elementor-element elementor-element-30998a2 e-flex e-con-boxed e-con e-parent\" data-id=\"30998a2\" data-element_type=\"container\" data-e-type=\"container\">\n\t\t\t\t\t<div class=\"e-con-inner\">\n\t\t\t\t\t\t\t\t<p class=\"e-paragraph-base\" data-interaction-id=\"57a0ca2\"  data-e-type=\"widget\" data-id=\"57a0ca2\">\n\t\t\t\t\t\t\t\tUppgifter behandlas f\u00f6r att: Tillhandah\u00e5lla tj\u00e4nster, Hantera prenumerationer, Bearbeta betalningar, Uppfylla lagliga skyldigheter\n\t\t\t\t\t<\/p>\n\t\t\t\t\t<\/div>\n\t\t\t\t<\/div>\n\t\t<div class=\"elementor-element elementor-element-43f66c0 e-flex e-con-boxed e-con e-parent\" data-id=\"43f66c0\" data-element_type=\"container\" data-e-type=\"container\">\n\t\t\t\t\t<div class=\"e-con-inner\">\n\t\t\t\t\t\t\t<h4 \n\t\tdata-interaction-id=\"1d609ba\" \n\t\tclass=\"e-heading-base\" \n\t\t \n\t\tdata-e-type=\"widget\" data-id=\"1d609ba\"\n\t>\n\t\n\t\t\t4. R\u00e4ttslig grund\n\t\t<\/h4>\n\t\t\t\t\t<\/div>\n\t\t\t\t<\/div>\n\t\t<div class=\"elementor-element elementor-element-2c4a89a e-flex e-con-boxed e-con e-parent\" data-id=\"2c4a89a\" data-element_type=\"container\" data-e-type=\"container\">\n\t\t\t\t\t<div class=\"e-con-inner\">\n\t\t\t\t\t\t\t\t<p class=\"e-paragraph-base\" data-interaction-id=\"1992afd\"  data-e-type=\"widget\" data-id=\"1992afd\">\n\t\t\t\t\t\t\t\tBehandlingen baseras p\u00e5: Avtalsenlig n\u00f6dv\u00e4ndighet, R\u00e4ttsliga skyldigheter, Ber\u00e4ttigat intresse\n\t\t\t\t\t<\/p>\n\t\t\t\t\t<\/div>\n\t\t\t\t<\/div>\n\t\t<div class=\"elementor-element elementor-element-ff2da94 e-flex e-con-boxed e-con e-parent\" data-id=\"ff2da94\" data-element_type=\"container\" data-e-type=\"container\">\n\t\t\t\t\t<div class=\"e-con-inner\">\n\t\t\t\t\t\t\t<h4 \n\t\tdata-interaction-id=\"dbaf626\" \n\t\tclass=\"e-heading-base\" \n\t\t \n\t\tdata-e-type=\"widget\" data-id=\"dbaf626\"\n\t>\n\t\n\t\t\t5. Delning av uppgifter\n\t\t<\/h4>\n\t\t\t\t\t<\/div>\n\t\t\t\t<\/div>\n\t\t<div class=\"elementor-element elementor-element-c1dba76 e-flex e-con-boxed e-con e-parent\" data-id=\"c1dba76\" data-element_type=\"container\" data-e-type=\"container\">\n\t\t\t\t\t<div class=\"e-con-inner\">\n\t\t\t\t\t\t\t\t<p class=\"e-paragraph-base\" data-interaction-id=\"0a4693a\"  data-e-type=\"widget\" data-id=\"0a4693a\">\n\t\t\t\t\t\t\t\tUppgifter kan delas med: Betalningsleverant\u00f6rer, Hosting- och IT-leverant\u00f6rer, Inga uppgifter s\u00e4ljs.\n\t\t\t\t\t<\/p>\n\t\t\t\t\t<\/div>\n\t\t\t\t<\/div>\n\t\t<div class=\"elementor-element elementor-element-a447c6b e-flex e-con-boxed e-con e-parent\" data-id=\"a447c6b\" data-element_type=\"container\" data-e-type=\"container\">\n\t\t\t\t\t<div class=\"e-con-inner\">\n\t\t\t\t\t\t\t<h4 \n\t\tdata-interaction-id=\"1565e33\" \n\t\tclass=\"e-heading-base\" \n\t\t \n\t\tdata-e-type=\"widget\" data-id=\"1565e33\"\n\t>\n\t\n\t\t\t6. Datalagring\n\t\t<\/h4>\n\t\t\t\t\t<\/div>\n\t\t\t\t<\/div>\n\t\t<div class=\"elementor-element elementor-element-ae54121 e-flex e-con-boxed e-con e-parent\" data-id=\"ae54121\" data-element_type=\"container\" data-e-type=\"container\">\n\t\t\t\t\t<div class=\"e-con-inner\">\n\t\t\t\t\t\t\t\t<p class=\"e-paragraph-base\" data-interaction-id=\"5784ae2\"  data-e-type=\"widget\" data-id=\"5784ae2\">\n\t\t\t\t\t\t\t\tUppgifter lagras endast s\u00e5 l\u00e4nge som det \u00e4r n\u00f6dv\u00e4ndigt f\u00f6r juridiska och operativa \u00e4ndam\u00e5l.\n\t\t\t\t\t<\/p>\n\t\t\t\t\t<\/div>\n\t\t\t\t<\/div>\n\t\t<div class=\"elementor-element elementor-element-accb6e5 e-flex e-con-boxed e-con e-parent\" data-id=\"accb6e5\" data-element_type=\"container\" data-e-type=\"container\">\n\t\t\t\t\t<div class=\"e-con-inner\">\n\t\t\t\t\t\t\t<h4 \n\t\tdata-interaction-id=\"6563d9e\" \n\t\tclass=\"e-heading-base\" \n\t\t \n\t\tdata-e-type=\"widget\" data-id=\"6563d9e\"\n\t>\n\t\n\t\t\t7. Anv\u00e4ndarr\u00e4ttigheter\n\t\t<\/h4>\n\t\t\t\t\t<\/div>\n\t\t\t\t<\/div>\n\t\t<div class=\"elementor-element elementor-element-3a074de e-flex e-con-boxed e-con e-parent\" data-id=\"3a074de\" data-element_type=\"container\" data-e-type=\"container\">\n\t\t\t\t\t<div class=\"e-con-inner\">\n\t\t\t\t\t\t\t\t<p class=\"e-paragraph-base\" data-interaction-id=\"c3af79d\"  data-e-type=\"widget\" data-id=\"c3af79d\">\n\t\t\t\t\t\t\t\tAnv\u00e4ndare kan beg\u00e4ra: Tillg\u00e5ng, R\u00e4ttelse, Radering, Begr\u00e4nsning, Dataportabilitet, F\u00f6rfr\u00e5gningar kan skickas till: <strong>info@fidelismarketinggroupsl.com<\/strong>\n\t\t\t\t\t<\/p>\n\t\t\t\t\t<\/div>\n\t\t\t\t<\/div>\n\t\t<div class=\"elementor-element elementor-element-507a5de e-flex e-con-boxed e-con e-parent\" data-id=\"507a5de\" data-element_type=\"container\" data-e-type=\"container\">\n\t\t\t\t\t<div class=\"e-con-inner\">\n\t\t\t\t\t\t\t<h4 \n\t\tdata-interaction-id=\"306dc3d\" \n\t\tclass=\"e-heading-base\" \n\t\t \n\t\tdata-e-type=\"widget\" data-id=\"306dc3d\"\n\t>\n\t\n\t\t\t8. S\u00e4kerhet\n\t\t<\/h4>\n\t\t\t\t\t<\/div>\n\t\t\t\t<\/div>\n\t\t<div class=\"elementor-element elementor-element-332492b e-flex e-con-boxed e-con e-parent\" data-id=\"332492b\" data-element_type=\"container\" data-e-type=\"container\">\n\t\t\t\t\t<div class=\"e-con-inner\">\n\t\t\t\t\t\t\t\t<p class=\"e-paragraph-base\" data-interaction-id=\"bba3fed\"  data-e-type=\"widget\" data-id=\"bba3fed\">\n\t\t\t\t\t\t\t\tL\u00e4mpliga tekniska och organisatoriska \u00e5tg\u00e4rder till\u00e4mpas.\n\t\t\t\t\t<\/p>\n\t\t\t\t\t<\/div>\n\t\t\t\t<\/div>\n\t\t\t\t<\/div>\n\t\t","protected":false},"excerpt":{"rendered":"<p>Integritetspolicy 1. Personuppgiftsansvarig Fidelis Marketing Group S.L.Verksamma varum\u00e4rken: audiowo.com, escuchargratis.esRegistrerat i Spanien(\u201dF\u00f6retaget\u201d, \u201dvi\u201d, \u201doss\u201d) 2. Insamlade uppgifter Vi samlar in: Namn, e-post, f\u00f6retagsinformation, faktureringsinformation, IP-adress och anv\u00e4ndningsdata, uppladdat inneh\u00e5ll (artister) 3. Syfte Uppgifter behandlas f\u00f6r att: Tillhandah\u00e5lla tj\u00e4nster, Hantera prenumerationer, Bearbeta betalningar, Uppfylla lagliga skyldigheter 4. R\u00e4ttslig grund Behandlingen baseras p\u00e5: Avtalsenlig n\u00f6dv\u00e4ndighet, R\u00e4ttsliga skyldigheter, [&hellip;]<\/p>\n","protected":false},"author":1,"featured_media":0,"parent":8416,"menu_order":0,"comment_status":"closed","ping_status":"closed","template":"elementor_header_footer","meta":{"_acf_changed":false,"footnotes":""},"class_list":["post-7671","page","type-page","status-publish","hentry"],"acf":[],"_links":{"self":[{"href":"https:\/\/audiowo.com\/sv\/wp-json\/wp\/v2\/pages\/7671","targetHints":{"allow":["GET"]}}],"collection":[{"href":"https:\/\/audiowo.com\/sv\/wp-json\/wp\/v2\/pages"}],"about":[{"href":"https:\/\/audiowo.com\/sv\/wp-json\/wp\/v2\/types\/page"}],"author":[{"embeddable":true,"href":"https:\/\/audiowo.com\/sv\/wp-json\/wp\/v2\/users\/1"}],"replies":[{"embeddable":true,"href":"https:\/\/audiowo.com\/sv\/wp-json\/wp\/v2\/comments?post=7671"}],"version-history":[{"count":0,"href":"https:\/\/audiowo.com\/sv\/wp-json\/wp\/v2\/pages\/7671\/revisions"}],"up":[{"embeddable":true,"href":"https:\/\/audiowo.com\/sv\/wp-json\/wp\/v2\/pages\/8416"}],"wp:attachment":[{"href":"https:\/\/audiowo.com\/sv\/wp-json\/wp\/v2\/media?parent=7671"}],"curies":[{"name":"wp","href":"https:\/\/api.w.org\/{rel}","templated":true}]}}