{"id":7911,"date":"2026-02-08T13:37:11","date_gmt":"2026-02-08T12:37:11","guid":{"rendered":"https:\/\/audiowo.com\/cookiepolicy\/"},"modified":"2026-04-09T17:31:05","modified_gmt":"2026-04-09T15:31:05","slug":"cookiepolicy","status":"publish","type":"page","link":"https:\/\/audiowo.com\/sv\/juridik\/cookiepolicy\/","title":{"rendered":"Cookiepolicy"},"content":{"rendered":"\t\t<div data-elementor-type=\"wp-page\" data-elementor-id=\"7911\" class=\"elementor elementor-7911 elementor-92\" data-elementor-post-type=\"page\">\n\t\t\t\t<div class=\"elementor-element elementor-element-dc914a3 e-flex e-con-boxed e-con e-parent\" data-id=\"dc914a3\" data-element_type=\"container\" data-e-type=\"container\">\n\t\t\t\t\t<div class=\"e-con-inner\">\n\t\t\t\t<div class=\"elementor-element elementor-element-70d2002 elementor-widget elementor-widget-heading\" data-id=\"70d2002\" data-element_type=\"widget\" data-e-type=\"widget\" data-widget_type=\"heading.default\">\n\t\t\t\t\t<h1 class=\"elementor-heading-title elementor-size-default\">Cookiepolicy<\/h1>\t\t\t\t<\/div>\n\t\t\t\t\t<\/div>\n\t\t\t\t<\/div>\n\t\t<div class=\"elementor-element elementor-element-6892fd4 e-flex e-con-boxed e-con e-parent\" data-id=\"6892fd4\" data-element_type=\"container\" data-e-type=\"container\">\n\t\t\t\t\t<div class=\"e-con-inner\">\n\t\t\t\t\t\t\t<h4 \n\t\tdata-interaction-id=\"4c760cc\" \n\t\tclass=\"e-heading-base\" \n\t\t \n\t\tdata-e-type=\"widget\" data-id=\"4c760cc\"\n\t>\n\t\n\t\t\tCookiepolicy\n\t\t<\/h4>\n\t\t\t\t\t<\/div>\n\t\t\t\t<\/div>\n\t\t<div class=\"elementor-element elementor-element-8bed17a e-flex e-con-boxed e-con e-parent\" data-id=\"8bed17a\" data-element_type=\"container\" data-e-type=\"container\">\n\t\t\t\t\t<div class=\"e-con-inner\">\n\t\t\t\t\t\t\t\t<p class=\"e-paragraph-base\" data-interaction-id=\"95adcc4\"  data-e-type=\"widget\" data-id=\"95adcc4\">\n\t\t\t\t\t\t\t\tDenna cookiepolicy f\u00f6rklarar vad cookies \u00e4r, vilka typer vi anv\u00e4nder p\u00e5 denna webbplats och hur du kan hantera dina inst\u00e4llningar.\n\t\t\t\t\t<\/p>\n\t\t\t\t\t<\/div>\n\t\t\t\t<\/div>\n\t\t<div class=\"elementor-element elementor-element-cade8ea e-flex e-con-boxed e-con e-parent\" data-id=\"cade8ea\" data-element_type=\"container\" data-e-type=\"container\">\n\t\t\t\t\t<div class=\"e-con-inner\">\n\t\t\t\t\t\t\t<h4 \n\t\tdata-interaction-id=\"c7aaebc\" \n\t\tclass=\"e-heading-base\" \n\t\t \n\t\tdata-e-type=\"widget\" data-id=\"c7aaebc\"\n\t>\n\t\n\t\t\t1. Vad \u00e4r cookies?\n\t\t<\/h4>\n\t\t\t\t\t<\/div>\n\t\t\t\t<\/div>\n\t\t<div class=\"elementor-element elementor-element-0e05939 e-flex e-con-boxed e-con e-parent\" data-id=\"0e05939\" data-element_type=\"container\" data-e-type=\"container\">\n\t\t\t\t\t<div class=\"e-con-inner\">\n\t\t\t\t\t\t\t\t<p class=\"e-paragraph-base\" data-interaction-id=\"d4152fe\"  data-e-type=\"widget\" data-id=\"d4152fe\">\n\t\t\t\t\t\t\t\tCookies \u00e4r sm\u00e5 textfiler som lagras p\u00e5 din enhet n\u00e4r du bes\u00f6ker en webbplats. De hj\u00e4lper webbplatsen att fungera korrekt, komma ih\u00e5g inst\u00e4llningar och (om aktiverat) tillhandah\u00e5lla anv\u00e4ndningsstatistik. \n\t\t\t\t\t<\/p>\n\t\t\t\t\t<\/div>\n\t\t\t\t<\/div>\n\t\t<div class=\"elementor-element elementor-element-612e260 e-flex e-con-boxed e-con e-parent\" data-id=\"612e260\" data-element_type=\"container\" data-e-type=\"container\">\n\t\t\t\t\t<div class=\"e-con-inner\">\n\t\t\t\t\t\t\t<h4 \n\t\tdata-interaction-id=\"18116a3\" \n\t\tclass=\"e-heading-base\" \n\t\t \n\t\tdata-e-type=\"widget\" data-id=\"18116a3\"\n\t>\n\t\n\t\t\t2. Vem kontrollerar cookies p\u00e5 denna webbplats?\n\t\t<\/h4>\n\t\t\t\t\t<\/div>\n\t\t\t\t<\/div>\n\t\t<div class=\"elementor-element elementor-element-4c31965 e-flex e-con-boxed e-con e-parent\" data-id=\"4c31965\" data-element_type=\"container\" data-e-type=\"container\">\n\t\t\t\t\t<div class=\"e-con-inner\">\n\t\t\t\t\t\t\t\t<p class=\"e-paragraph-base\" data-interaction-id=\"1ff8fc0\"  data-e-type=\"widget\" data-id=\"1ff8fc0\">\n\t\t\t\t\t\t\t\tDenna webbplats drivs av: <strong>Fidelis Marketing Group S.L.<\/strong><br>Varum\u00e4rken: <strong>audiowo.com<\/strong> och <strong>escuchargratis.es<\/strong><br>(\"vi\", \"oss\")<br>F\u00f6r information om behandling av personuppgifter, se v\u00e5r <strong>integritetspolicy<\/strong>.\n\t\t\t\t\t<\/p>\n\t\t\t\t\t<\/div>\n\t\t\t\t<\/div>\n\t\t<div class=\"elementor-element elementor-element-cbb0dc9 e-flex e-con-boxed e-con e-parent\" data-id=\"cbb0dc9\" data-element_type=\"container\" data-e-type=\"container\">\n\t\t\t\t\t<div class=\"e-con-inner\">\n\t\t\t\t\t\t\t<h4 \n\t\tdata-interaction-id=\"4a85d0a\" \n\t\tclass=\"e-heading-base\" \n\t\t \n\t\tdata-e-type=\"widget\" data-id=\"4a85d0a\"\n\t>\n\t\n\t\t\t3. Cookies vi anv\u00e4nder\n\t\t<\/h4>\n\t\t\t\t\t<\/div>\n\t\t\t\t<\/div>\n\t\t<div class=\"elementor-element elementor-element-9fad0bb e-flex e-con-boxed e-con e-parent\" data-id=\"9fad0bb\" data-element_type=\"container\" data-e-type=\"container\">\n\t\t\t\t\t<div class=\"e-con-inner\">\n\t\t\t\t\t\t\t\t<p class=\"e-paragraph-base\" data-interaction-id=\"fa73191\"  data-e-type=\"widget\" data-id=\"fa73191\">\n\t\t\t\t\t\t\t\t3.1 N\u00f6dv\u00e4ndiga cookies (alltid aktiverade)Dessa cookies kr\u00e4vs f\u00f6r webbplatsens grundl\u00e4ggande funktionalitet och tj\u00e4nsteleverans (t.ex. s\u00e4kerhet, grundl\u00e4ggande navigering, sessionshantering, tekniska inst\u00e4llningar).<br><strong>De kr\u00e4ver inte samtycke<\/strong>.<br>Exempel (kan variera beroende p\u00e5 konfiguration): Sessions-\/autentiseringscookies, S\u00e4kerhetscookies, N\u00f6dv\u00e4ndiga tekniska cookies\n\t\t\t\t\t<\/p>\n\t\t\t\t\t<\/div>\n\t\t\t\t<\/div>\n\t\t<div class=\"elementor-element elementor-element-4242391 e-flex e-con-boxed e-con e-parent\" data-id=\"4242391\" data-element_type=\"container\" data-e-type=\"container\">\n\t\t\t\t\t<div class=\"e-con-inner\">\n\t\t\t\t\t\t\t<h4 \n\t\tdata-interaction-id=\"1eaeeae\" \n\t\tclass=\"e-heading-base\" \n\t\t \n\t\tdata-e-type=\"widget\" data-id=\"1eaeeae\"\n\t>\n\t\n\t\t\t3.2 Analyticscookies (endast med samtycke)\n\t\t<\/h4>\n\t\t\t\t\t<\/div>\n\t\t\t\t<\/div>\n\t\t<div class=\"elementor-element elementor-element-7996d7e e-flex e-con-boxed e-con e-parent\" data-id=\"7996d7e\" data-element_type=\"container\" data-e-type=\"container\">\n\t\t\t\t\t<div class=\"e-con-inner\">\n\t\t\t\t\t\t\t\t<p class=\"e-paragraph-base\" data-interaction-id=\"d74dc8a\"  data-e-type=\"widget\" data-id=\"d74dc8a\">\n\t\t\t\t\t\t\t\tDessa cookies hj\u00e4lper oss att f\u00f6rst\u00e5 hur bes\u00f6kare anv\u00e4nder webbplatsen (t.ex. bes\u00f6kta sidor, tid p\u00e5 webbplatsen, h\u00e4nvisningar) s\u00e5 att vi kan f\u00f6rb\u00e4ttra prestanda och anv\u00e4ndbarhet.<br><strong>Analyticscookies aktiveras endast efter att du har l\u00e4mnat samtycke<\/strong> via v\u00e5r cookiebanner. Om du avvisar analytics kommer webbplatsen fortfarande att fungera normalt och \u00e5tkomsten till v\u00e5ra tj\u00e4nster p\u00e5verkas inte.\n\t\t\t\t\t<\/p>\n\t\t\t\t\t<\/div>\n\t\t\t\t<\/div>\n\t\t<div class=\"elementor-element elementor-element-43f445b e-flex e-con-boxed e-con e-parent\" data-id=\"43f445b\" data-element_type=\"container\" data-e-type=\"container\">\n\t\t\t\t\t<div class=\"e-con-inner\">\n\t\t\t\t\t\t\t<h4 \n\t\tdata-interaction-id=\"33f6233\" \n\t\tclass=\"e-heading-base\" \n\t\t \n\t\tdata-e-type=\"widget\" data-id=\"33f6233\"\n\t>\n\t\n\t\t\t4. Hur vi hanterar samtycke\n\t\t<\/h4>\n\t\t\t\t\t<\/div>\n\t\t\t\t<\/div>\n\t\t<div class=\"elementor-element elementor-element-7902b33 e-flex e-con-boxed e-con e-parent\" data-id=\"7902b33\" data-element_type=\"container\" data-e-type=\"container\">\n\t\t\t\t\t<div class=\"e-con-inner\">\n\t\t\t\t\t\t\t\t<p class=\"e-paragraph-base\" data-interaction-id=\"13f75d4\"  data-e-type=\"widget\" data-id=\"13f75d4\">\n\t\t\t\t\t\t\t\tN\u00e4r du bes\u00f6ker webbplatsen f\u00f6r f\u00f6rsta g\u00e5ngen (eller om du inte har gjort ett val) visas en cookiebanner. Du kan: <strong>Acceptera analytics - Avvisa analytics<\/strong> \n\t\t\t\t\t<\/p>\n\t\t\t\t\t<\/div>\n\t\t\t\t<\/div>\n\t\t<div class=\"elementor-element elementor-element-512e9ce e-flex e-con-boxed e-con e-parent\" data-id=\"512e9ce\" data-element_type=\"container\" data-e-type=\"container\">\n\t\t\t\t\t<div class=\"e-con-inner\">\n\t\t\t\t\t\t\t<h4 \n\t\tdata-interaction-id=\"da0f765\" \n\t\tclass=\"e-heading-base\" \n\t\t \n\t\tdata-e-type=\"widget\" data-id=\"da0f765\"\n\t>\n\t\n\t\t\t5. Hur du raderar cookies i din webbl\u00e4sare\n\t\t<\/h4>\n\t\t\t\t\t<\/div>\n\t\t\t\t<\/div>\n\t\t<div class=\"elementor-element elementor-element-76276a3 e-flex e-con-boxed e-con e-parent\" data-id=\"76276a3\" data-element_type=\"container\" data-e-type=\"container\">\n\t\t\t\t\t<div class=\"e-con-inner\">\n\t\t\t\t\t\t\t\t<p class=\"e-paragraph-base\" data-interaction-id=\"a24bffc\"  data-e-type=\"widget\" data-id=\"a24bffc\">\n\t\t\t\t\t\t\t\tDu kan ocks\u00e5 radera eller blockera cookies via webbl\u00e4sarens inst\u00e4llningar. Observera att blockering av n\u00f6dv\u00e4ndiga cookies kan p\u00e5verka grundl\u00e4ggande funktionalitet. \n\t\t\t\t\t<\/p>\n\t\t\t\t\t<\/div>\n\t\t\t\t<\/div>\n\t\t<div class=\"elementor-element elementor-element-1177995 e-flex e-con-boxed e-con e-parent\" data-id=\"1177995\" data-element_type=\"container\" data-e-type=\"container\">\n\t\t\t\t\t<div class=\"e-con-inner\">\n\t\t\t\t\t\t\t<h4 \n\t\tdata-interaction-id=\"c28e0bd\" \n\t\tclass=\"e-heading-base\" \n\t\t \n\t\tdata-e-type=\"widget\" data-id=\"c28e0bd\"\n\t>\n\t\n\t\t\t6. Uppdateringar av denna policy\n\t\t<\/h4>\n\t\t\t\t\t<\/div>\n\t\t\t\t<\/div>\n\t\t<div class=\"elementor-element elementor-element-28144db e-flex e-con-boxed e-con e-parent\" data-id=\"28144db\" data-element_type=\"container\" data-e-type=\"container\">\n\t\t\t\t\t<div class=\"e-con-inner\">\n\t\t\t\t\t\t\t\t<p class=\"e-paragraph-base\" data-interaction-id=\"8e7cec5\"  data-e-type=\"widget\" data-id=\"8e7cec5\">\n\t\t\t\t\t\t\t\tVi kan uppdatera denna cookiepolicy f\u00f6r att \u00e5terspegla juridiska eller tekniska f\u00f6r\u00e4ndringar. Den version som publiceras p\u00e5 denna sida \u00e4r den aktuella. \n\t\t\t\t\t<\/p>\n\t\t\t\t\t<\/div>\n\t\t\t\t<\/div>\n\t\t\t\t<\/div>\n\t\t","protected":false},"excerpt":{"rendered":"<p>Cookiepolicy Cookiepolicy Denna cookiepolicy f\u00f6rklarar vad cookies \u00e4r, vilka typer vi anv\u00e4nder p\u00e5 denna webbplats och hur du kan hantera dina inst\u00e4llningar. 1. Vad \u00e4r cookies? Cookies \u00e4r sm\u00e5 textfiler som lagras p\u00e5 din enhet n\u00e4r du bes\u00f6ker en webbplats. De hj\u00e4lper webbplatsen att fungera korrekt, komma ih\u00e5g inst\u00e4llningar och (om aktiverat) tillhandah\u00e5lla anv\u00e4ndningsstatistik. 2. [&hellip;]<\/p>\n","protected":false},"author":1,"featured_media":0,"parent":8416,"menu_order":0,"comment_status":"closed","ping_status":"closed","template":"elementor_header_footer","meta":{"_acf_changed":false,"footnotes":""},"class_list":["post-7911","page","type-page","status-publish","hentry"],"acf":[],"_links":{"self":[{"href":"https:\/\/audiowo.com\/sv\/wp-json\/wp\/v2\/pages\/7911","targetHints":{"allow":["GET"]}}],"collection":[{"href":"https:\/\/audiowo.com\/sv\/wp-json\/wp\/v2\/pages"}],"about":[{"href":"https:\/\/audiowo.com\/sv\/wp-json\/wp\/v2\/types\/page"}],"author":[{"embeddable":true,"href":"https:\/\/audiowo.com\/sv\/wp-json\/wp\/v2\/users\/1"}],"replies":[{"embeddable":true,"href":"https:\/\/audiowo.com\/sv\/wp-json\/wp\/v2\/comments?post=7911"}],"version-history":[{"count":0,"href":"https:\/\/audiowo.com\/sv\/wp-json\/wp\/v2\/pages\/7911\/revisions"}],"up":[{"embeddable":true,"href":"https:\/\/audiowo.com\/sv\/wp-json\/wp\/v2\/pages\/8416"}],"wp:attachment":[{"href":"https:\/\/audiowo.com\/sv\/wp-json\/wp\/v2\/media?parent=7911"}],"curies":[{"name":"wp","href":"https:\/\/api.w.org\/{rel}","templated":true}]}}