{"id":7953,"date":"2026-04-06T13:10:21","date_gmt":"2026-04-06T11:10:21","guid":{"rendered":"https:\/\/audiowo.com\/kontakta-oss\/"},"modified":"2026-04-26T14:23:18","modified_gmt":"2026-04-26T12:23:18","slug":"contact-us","status":"publish","type":"page","link":"https:\/\/audiowo.com\/sv\/contact-us\/","title":{"rendered":"Kontakta oss"},"content":{"rendered":"\t\t<div data-elementor-type=\"wp-page\" data-elementor-id=\"7953\" class=\"elementor elementor-7953 elementor-3522\" data-elementor-post-type=\"page\">\n\t\t\t\t<div class=\"elementor-element elementor-element-83c6d3b e-flex e-con-boxed e-con e-parent\" data-id=\"83c6d3b\" data-element_type=\"container\" data-e-type=\"container\">\n\t\t\t\t\t<div class=\"e-con-inner\">\n\t\t\t\t<div class=\"elementor-element elementor-element-8af9681 elementor-widget elementor-widget-heading\" data-id=\"8af9681\" data-element_type=\"widget\" data-e-type=\"widget\" data-widget_type=\"heading.default\">\n\t\t\t\t\t<h1 class=\"elementor-heading-title elementor-size-default\">Kontakta oss<\/h1>\t\t\t\t<\/div>\n\t\t\t\t\t<\/div>\n\t\t\t\t<\/div>\n\t\t<div class=\"elementor-element elementor-element-29a8972 e-flex e-con-boxed e-con e-parent\" data-id=\"29a8972\" data-element_type=\"container\" data-e-type=\"container\">\n\t\t\t\t\t<div class=\"e-con-inner\">\n\t\t<div class=\"elementor-element elementor-element-bbc5a20 e-con-full e-flex e-con e-child\" data-id=\"bbc5a20\" data-element_type=\"container\" data-e-type=\"container\">\n\t\t\t\t<div class=\"elementor-element elementor-element-1360b13 elementor-widget elementor-widget-text-editor\" data-id=\"1360b13\" data-element_type=\"widget\" data-e-type=\"widget\" data-widget_type=\"text-editor.default\">\n\t\t\t\t\t\t\t\t\t<h4 data-start=\"1033\" data-end=\"1057\"><span role=\"text\"><strong data-start=\"1038\" data-end=\"1057\">Kontakta AUDIOWO.com<\/strong><\/span><\/h4><p data-start=\"371\" data-end=\"541\">Har ni fr\u00e5gor om v\u00e5ra musiklicenser, certifikat eller anv\u00e4ndningen av ljud i ert f\u00f6retag eller projekt? V\u00e5rt team \u00e4r redo att hj\u00e4lpa er snabbt och professionellt. <\/p><p data-start=\"543\" data-end=\"709\">AUDIOWO.com ing\u00e5r i <strong data-start=\"566\" data-end=\"596\">Fidelis Marketing Group SL<\/strong>, ett Spanienbaserat f\u00f6retag som \u00e4r specialiserat p\u00e5 direkt musiklicensiering utan beroende av traditionella PRO-organisationer.<\/p><p data-start=\"711\" data-end=\"833\">Vi st\u00f6djer f\u00f6retag, kreat\u00f6rer och s\u00e4ndningsbolag med tydliga, juridiskt strukturerade och internationellt till\u00e4mpliga licenser.<\/p><h4 data-start=\"1254\" data-end=\"1275\"><span role=\"text\"><strong data-start=\"1259\" data-end=\"1275\">Snabb support<\/strong><\/span><\/h4><p data-start=\"1277\" data-end=\"1422\">Vi str\u00e4var efter att besvara alla f\u00f6rfr\u00e5gningar s\u00e5 snabbt som m\u00f6jligt. Befintliga kunder rekommenderas att logga in p\u00e5 <strong data-start=\"1386\" data-end=\"1400\">Mitt konto<\/strong> f\u00f6r direkt \u00e5tkomst till: <\/p><ul data-start=\"1424\" data-end=\"1485\"><li data-section-id=\"iod2zy\" data-start=\"1424\" data-end=\"1440\">Certifikat<\/li><li data-section-id=\"1j6ih2i\" data-start=\"1441\" data-end=\"1453\">Fakturor<\/li><li data-section-id=\"1pcwdp4\" data-start=\"1454\" data-end=\"1471\">Prenumerationer<\/li><li data-section-id=\"1oncmlr\" data-start=\"1472\" data-end=\"1485\">Nedladdningar<\/li><\/ul>\t\t\t\t\t\t\t\t<\/div>\n\t\t\t\t<\/div>\n\t\t<div class=\"elementor-element elementor-element-1fc1448 e-con-full e-flex e-con e-child\" data-id=\"1fc1448\" data-element_type=\"container\" data-e-type=\"container\">\n\t\t\t\t<div class=\"elementor-element elementor-element-62f82cc elementor-widget elementor-widget-image\" data-id=\"62f82cc\" data-element_type=\"widget\" data-e-type=\"widget\" data-widget_type=\"image.default\">\n\t\t\t\t\t\t\t\t\t\t\t\t\t\t\t<img fetchpriority=\"high\" decoding=\"async\" width=\"360\" height=\"275\" src=\"https:\/\/audiowo.com\/wp-content\/uploads\/2026\/04\/cropped-logo-Audiowo.jpg\" class=\"attachment-large size-large wp-image-7954\" alt=\"logo Audiowo\" srcset=\"https:\/\/audiowo.com\/wp-content\/uploads\/2026\/04\/cropped-logo-Audiowo.jpg 360w, https:\/\/audiowo.com\/wp-content\/uploads\/2026\/04\/cropped-logo-Audiowo-300x229.jpg 300w\" sizes=\"(max-width: 360px) 100vw, 360px\" \/>\t\t\t\t\t\t\t\t\t\t\t\t\t\t\t<\/div>\n\t\t\t\t<div class=\"elementor-element elementor-element-d46eabf elementor-widget elementor-widget-text-editor\" data-id=\"d46eabf\" data-element_type=\"widget\" data-e-type=\"widget\" data-widget_type=\"text-editor.default\">\n\t\t\t\t\t\t\t\t\t<p data-start=\"866\" data-end=\"959\"><strong>AUDIOWO.com<\/strong><br>Fidelis Marketing Group SL<br data-start=\"910\" data-end=\"913\">Calle Noruega a.h. 483<br data-start=\"935\" data-end=\"938\">03590 Altea<br data-start=\"949\" data-end=\"952\">Spanien<\/p><p data-start=\"961\" data-end=\"1026\">\ud83d\udcde <strong data-start=\"964\" data-end=\"974\">Telefon:<\/strong> +34 865 71 25 82<br data-start=\"991\" data-end=\"994\">\ud83e\uddfe <strong data-start=\"997\" data-end=\"1012\">Momsregistreringsnummer:<\/strong> ESB13784806<\/p>\t\t\t\t\t\t\t\t<\/div>\n\t\t\t\t<\/div>\n\t\t\t\t\t<\/div>\n\t\t\t\t<\/div>\n\t\t<div class=\"elementor-element elementor-element-aa22a62 e-flex e-con-boxed e-con e-parent\" data-id=\"aa22a62\" data-element_type=\"container\" data-e-type=\"container\" data-settings=\"{&quot;background_background&quot;:&quot;gradient&quot;}\">\n\t\t\t\t\t<div class=\"e-con-inner\">\n\t\t<div class=\"elementor-element elementor-element-e98a38b e-con-full e-flex e-con e-child\" data-id=\"e98a38b\" data-element_type=\"container\" data-e-type=\"container\">\n\t\t\t\t<div class=\"elementor-element elementor-element-3e11994 elementor-widget elementor-widget-text-editor\" data-id=\"3e11994\" data-element_type=\"widget\" data-e-type=\"widget\" data-widget_type=\"text-editor.default\">\n\t\t\t\t\t\t\t\t\t<h4 data-start=\"1033\" data-end=\"1057\"><span role=\"text\"><strong data-start=\"1038\" data-end=\"1057\">S\u00e5 kan vi hj\u00e4lpa till<\/strong><\/span><\/h4><ul data-start=\"1059\" data-end=\"1247\"><li data-section-id=\"1b41vub\" data-start=\"1059\" data-end=\"1107\">Musiklicensiering (f\u00f6retag, kreat\u00f6r, s\u00e4ndning)<\/li><li data-section-id=\"1o50n8f\" data-start=\"1108\" data-end=\"1139\">Certifikat och PDF-licenser<\/li><li data-section-id=\"2a092b\" data-start=\"1140\" data-end=\"1178\">Anv\u00e4ndning av musik utan PRO-f\u00f6rpliktelser<\/li><li data-section-id=\"kpuvv5\" data-start=\"1179\" data-end=\"1207\">Fakturor och prenumerationer<\/li><li data-section-id=\"1t7olud\" data-start=\"1208\" data-end=\"1247\">Juridiska fr\u00e5gor kring musikbruk<\/li><\/ul><p data-start=\"1521\" data-end=\"1678\"> <\/p>\t\t\t\t\t\t\t\t<\/div>\n\t\t\t\t<\/div>\n\t\t<div class=\"elementor-element elementor-element-0da1d19 e-con-full e-flex e-con e-child\" data-id=\"0da1d19\" data-element_type=\"container\" data-e-type=\"container\">\n\t\t\t\t<div class=\"elementor-element elementor-element-821c7a0 elementor-button-align-stretch elementor-widget elementor-widget-form\" data-id=\"821c7a0\" data-element_type=\"widget\" data-e-type=\"widget\" data-settings=\"{&quot;step_next_label&quot;:&quot;N\\u00e4sta&quot;,&quot;step_previous_label&quot;:&quot;F\\u00f6reg\\u00e5ende&quot;,&quot;button_width&quot;:&quot;100&quot;,&quot;step_type&quot;:&quot;number_text&quot;,&quot;step_icon_shape&quot;:&quot;circle&quot;}\" data-widget_type=\"form.default\">\n\t\t\t\t\t\t\t<form class=\"elementor-form\" method=\"post\" name=\"Nytt formul\u00e4r\" aria-label=\"Nytt formul\u00e4r\">\n\t\t\t<input type=\"hidden\" name=\"post_id\" value=\"7953\"\/>\n\t\t\t<input type=\"hidden\" name=\"form_id\" value=\"821c7a0\"\/>\n\t\t\t<input type=\"hidden\" name=\"referer_title\" value=\"Kontakta oss\" \/>\n\n\t\t\t\t\t\t\t<input type=\"hidden\" name=\"queried_id\" value=\"7953\"\/>\n\t\t\t\n\t\t\t<div class=\"elementor-form-fields-wrapper elementor-labels-\">\n\t\t\t\t\t\t\t\t<div class=\"elementor-field-type-text elementor-field-group elementor-column elementor-field-group-name elementor-col-100\">\n\t\t\t\t\t\t\t\t\t\t\t\t<label for=\"form-field-name\" class=\"elementor-field-label elementor-screen-only\">\n\t\t\t\t\t\t\t\tNamn\t\t\t\t\t\t\t<\/label>\n\t\t\t\t\t\t\t\t\t\t\t\t\t\t<input size=\"1\" type=\"text\" name=\"form_fields[name]\" id=\"form-field-name\" class=\"elementor-field elementor-size-sm  elementor-field-textual\" placeholder=\"Namn\">\n\t\t\t\t\t\t\t\t\t\t\t<\/div>\n\t\t\t\t\t\t\t\t<div class=\"elementor-field-type-email elementor-field-group elementor-column elementor-field-group-email elementor-col-100 elementor-field-required\">\n\t\t\t\t\t\t\t\t\t\t\t\t<label for=\"form-field-email\" class=\"elementor-field-label elementor-screen-only\">\n\t\t\t\t\t\t\t\tE-post\t\t\t\t\t\t\t<\/label>\n\t\t\t\t\t\t\t\t\t\t\t\t\t\t<input size=\"1\" type=\"email\" name=\"form_fields[email]\" id=\"form-field-email\" class=\"elementor-field elementor-size-sm  elementor-field-textual\" placeholder=\"E-post\" required=\"required\">\n\t\t\t\t\t\t\t\t\t\t\t<\/div>\n\t\t\t\t\t\t\t\t<div class=\"elementor-field-type-textarea elementor-field-group elementor-column elementor-field-group-message elementor-col-100\">\n\t\t\t\t\t\t\t\t\t\t\t\t<label for=\"form-field-message\" class=\"elementor-field-label elementor-screen-only\">\n\t\t\t\t\t\t\t\tMeddelande\t\t\t\t\t\t\t<\/label>\n\t\t\t\t\t\t<textarea class=\"elementor-field-textual elementor-field  elementor-size-sm\" name=\"form_fields[message]\" id=\"form-field-message\" rows=\"4\" placeholder=\"Meddelande\"><\/textarea>\t\t\t\t<\/div>\n\t\t\t\t\t\t\t\t<div class=\"elementor-field-type-recaptcha_v3 elementor-field-group elementor-column elementor-field-group-field_0b8fecd elementor-col-100 recaptcha_v3-bottomright\">\n\t\t\t\t\t<div class=\"elementor-field\" id=\"form-field-field_0b8fecd\"><div class=\"elementor-g-recaptcha\" data-sitekey=\"6LeSjaksAAAAAFzOI5Py2T54MP-PM0i_JsDSLFK7\" data-type=\"v3\" data-action=\"Form\" data-badge=\"bottomright\" data-size=\"invisible\"><\/div><\/div>\t\t\t\t<\/div>\n\t\t\t\t\t\t\t\t<div class=\"elementor-field-group elementor-column elementor-field-type-submit elementor-col-100 e-form__buttons\">\n\t\t\t\t\t<button class=\"elementor-button elementor-size-sm\" type=\"submit\">\n\t\t\t\t\t\t<span class=\"elementor-button-content-wrapper\">\n\t\t\t\t\t\t\t\t\t\t\t\t\t\t\t\t\t\t\t\t\t\t<span class=\"elementor-button-text\">Skicka<\/span>\n\t\t\t\t\t\t\t\t\t\t\t\t\t<\/span>\n\t\t\t\t\t<\/button>\n\t\t\t\t<\/div>\n\t\t\t<\/div>\n\t\t<\/form>\n\t\t\t\t\t\t<\/div>\n\t\t\t\t<\/div>\n\t\t\t\t\t<\/div>\n\t\t\t\t<\/div>\n\t\t<div class=\"elementor-element elementor-element-71094ea e-flex e-con-boxed e-con e-parent\" data-id=\"71094ea\" data-element_type=\"container\" data-e-type=\"container\">\n\t\t\t\t\t<div class=\"e-con-inner\">\n\t\t<div class=\"elementor-element elementor-element-89de029 e-con-full e-flex e-con e-child\" data-id=\"89de029\" data-element_type=\"container\" data-e-type=\"container\">\n\t\t\t\t<div class=\"elementor-element elementor-element-c5bc123 elementor-widget elementor-widget-text-editor\" data-id=\"c5bc123\" data-element_type=\"widget\" data-e-type=\"widget\" data-widget_type=\"text-editor.default\">\n\t\t\t\t\t\t\t\t\t<h4 data-start=\"1492\" data-end=\"1519\"><span role=\"text\"><strong data-start=\"1497\" data-end=\"1519\">Juridik &amp; efterlevnad<\/strong><\/span><\/h4><p data-start=\"1521\" data-end=\"1678\">Alla licenser som tillhandah\u00e5lls via AUDIOWO.com regleras av <strong data-start=\"1575\" data-end=\"1590\">spansk lag<\/strong> och utf\u00e4rdas som <strong data-start=\"1609\" data-end=\"1628\">direktlicenser<\/strong> som omfattar b\u00e5de musikaliska verk och ljudinspelningar.<\/p>\t\t\t\t\t\t\t\t<\/div>\n\t\t\t\t<\/div>\n\t\t<div class=\"elementor-element elementor-element-6b55269 e-con-full e-flex e-con e-child\" data-id=\"6b55269\" data-element_type=\"container\" data-e-type=\"container\">\n\t\t\t\t<\/div>\n\t\t\t\t\t<\/div>\n\t\t\t\t<\/div>\n\t\t\t\t<\/div>\n\t\t","protected":false},"excerpt":{"rendered":"<p>Kontakta oss Kontakta AUDIOWO.com Har ni fr\u00e5gor om v\u00e5ra musiklicenser, certifikat eller anv\u00e4ndningen av ljud i ert f\u00f6retag eller projekt? V\u00e5rt team \u00e4r redo att hj\u00e4lpa er snabbt och professionellt. AUDIOWO.com ing\u00e5r i Fidelis Marketing Group SL, ett Spanienbaserat f\u00f6retag som \u00e4r specialiserat p\u00e5 direkt musiklicensiering utan beroende av traditionella PRO-organisationer. Vi st\u00f6djer f\u00f6retag, kreat\u00f6rer [&hellip;]<\/p>\n","protected":false},"author":1,"featured_media":0,"parent":0,"menu_order":0,"comment_status":"closed","ping_status":"closed","template":"elementor_header_footer","meta":{"_acf_changed":false,"footnotes":""},"class_list":["post-7953","page","type-page","status-publish","hentry"],"acf":[],"_links":{"self":[{"href":"https:\/\/audiowo.com\/sv\/wp-json\/wp\/v2\/pages\/7953","targetHints":{"allow":["GET"]}}],"collection":[{"href":"https:\/\/audiowo.com\/sv\/wp-json\/wp\/v2\/pages"}],"about":[{"href":"https:\/\/audiowo.com\/sv\/wp-json\/wp\/v2\/types\/page"}],"author":[{"embeddable":true,"href":"https:\/\/audiowo.com\/sv\/wp-json\/wp\/v2\/users\/1"}],"replies":[{"embeddable":true,"href":"https:\/\/audiowo.com\/sv\/wp-json\/wp\/v2\/comments?post=7953"}],"version-history":[{"count":1,"href":"https:\/\/audiowo.com\/sv\/wp-json\/wp\/v2\/pages\/7953\/revisions"}],"predecessor-version":[{"id":13973,"href":"https:\/\/audiowo.com\/sv\/wp-json\/wp\/v2\/pages\/7953\/revisions\/13973"}],"wp:attachment":[{"href":"https:\/\/audiowo.com\/sv\/wp-json\/wp\/v2\/media?parent=7953"}],"curies":[{"name":"wp","href":"https:\/\/api.w.org\/{rel}","templated":true}]}}