{"id":7961,"date":"2026-04-08T13:05:41","date_gmt":"2026-04-08T11:05:41","guid":{"rendered":"https:\/\/audiowo.com\/skraeddarsydd\/"},"modified":"2026-04-09T16:15:42","modified_gmt":"2026-04-09T14:15:42","slug":"skraeddarsydd","status":"publish","type":"page","link":"https:\/\/audiowo.com\/sv\/skraeddarsydd\/","title":{"rendered":"Skr\u00e4ddarsydd"},"content":{"rendered":"\t\t<div data-elementor-type=\"wp-page\" data-elementor-id=\"7961\" class=\"elementor elementor-7961 elementor-5263\" data-elementor-post-type=\"page\">\n\t\t\t\t<div class=\"elementor-element elementor-element-7afe304 e-flex e-con-boxed e-con e-parent\" data-id=\"7afe304\" data-element_type=\"container\" data-e-type=\"container\">\n\t\t\t\t\t<div class=\"e-con-inner\">\n\t\t\t\t<div class=\"elementor-element elementor-element-d711f11 elementor-widget elementor-widget-heading\" data-id=\"d711f11\" data-element_type=\"widget\" data-e-type=\"widget\" data-widget_type=\"heading.default\">\n\t\t\t\t\t<h1 class=\"elementor-heading-title elementor-size-default\">Skr\u00e4ddarsydda musiksp\u00e5r<\/h1>\t\t\t\t<\/div>\n\t\t\t\t\t<\/div>\n\t\t\t\t<\/div>\n\t\t<div class=\"elementor-element elementor-element-b3a24c1 e-flex e-con-boxed e-con e-parent\" data-id=\"b3a24c1\" data-element_type=\"container\" data-e-type=\"container\">\n\t\t\t\t\t<div class=\"e-con-inner\">\n\t\t\t\t<div class=\"elementor-element elementor-element-958aea1 elementor-widget elementor-widget-heading\" data-id=\"958aea1\" data-element_type=\"widget\" data-e-type=\"widget\" data-widget_type=\"heading.default\">\n\t\t\t\t\t<h3 class=\"elementor-heading-title elementor-size-default\">Anpassat efter er vision och ert varum\u00e4rke<\/h3>\t\t\t\t<\/div>\n\t\t\t\t\t<\/div>\n\t\t\t\t<\/div>\n\t\t<div class=\"elementor-element elementor-element-11b1652 e-flex e-con-boxed e-con e-parent\" data-id=\"11b1652\" data-element_type=\"container\" data-e-type=\"container\">\n\t\t\t\t\t<div class=\"e-con-inner\">\n\t\t<div class=\"elementor-element elementor-element-dedd173 e-con-full e-flex e-con e-child\" data-id=\"dedd173\" data-element_type=\"container\" data-e-type=\"container\">\n\t\t\t\t<div class=\"elementor-element elementor-element-f6ccb80 elementor-widget elementor-widget-text-editor\" data-id=\"f6ccb80\" data-element_type=\"widget\" data-e-type=\"widget\" data-widget_type=\"text-editor.default\">\n\t\t\t\t\t\t\t\t\t<h3 data-section-id=\"yc8960\" data-start=\"398\" data-end=\"445\">Skr\u00e4ddarsydd musik<\/h3><p data-start=\"447\" data-end=\"686\">S\u00f6ker ni ett unikt musiksp\u00e5r som passar er id\u00e9, ert varum\u00e4rke eller ert projekt perfekt? Hos Audiowo skapas varje sp\u00e5r fr\u00e5n grunden av ghost-producern Don Fidelis, vilket garanterar originalitet, kvalitet och ett ljud som verkligen sticker ut. <\/p><p data-start=\"688\" data-end=\"705\">Oavsett om ni beh\u00f6ver:<\/p><ul data-start=\"706\" data-end=\"946\"><li data-section-id=\"1jk1log\" data-start=\"706\" data-end=\"774\">En specifik genre (EDM, pop, hiphop, filmiskt, ambient, etc.)<\/li><li data-section-id=\"z43kc4\" data-start=\"775\" data-end=\"807\">Ett helt instrumentalt sp\u00e5r<\/li><li data-section-id=\"19ebevm\" data-start=\"808\" data-end=\"835\">Manlig eller kvinnlig s\u00e5ng<\/li><li data-section-id=\"xa32kv\" data-start=\"836\" data-end=\"894\">Musik f\u00f6r varum\u00e4rkesbyggande, reklam eller f\u00f6retagsidentitet<\/li><li data-section-id=\"16sjc85\" data-start=\"895\" data-end=\"946\">Eller ett sp\u00e5r baserat p\u00e5 ett specifikt tema eller en ber\u00e4ttelse<\/li><li data-section-id=\"16sjc85\" data-start=\"895\" data-end=\"946\">P\u00e5 valfritt spr\u00e5k<\/li><\/ul><p data-start=\"948\" data-end=\"1007\">N\u00e4stan vilket rimligt koncept som helst kan \u00f6vers\u00e4ttas till musik.<\/p><h4 data-section-id=\"10gtqvy\" data-start=\"1009\" data-end=\"1039\">Drivs av erfarenhet + AI<\/h4><p data-start=\"1041\" data-end=\"1161\">Med \u00e5r av produktionsexpertis integrerar Don Fidelis nu avancerade AI-verktyg i arbetsfl\u00f6det. Detta m\u00f6jligg\u00f6r: <\/p><ul data-start=\"1162\" data-end=\"1265\"><li data-section-id=\"ngut33\" data-start=\"1162\" data-end=\"1190\">Snabbare produktionscykler<\/li><li data-section-id=\"1gsr04c\" data-start=\"1191\" data-end=\"1223\">St\u00f6rre kreativ flexibilitet<\/li><li data-section-id=\"18f8q\" data-start=\"1224\" data-end=\"1265\">Mer raffinerad och m\u00e5ngsidig ljuddesign<\/li><\/ul><p data-start=\"1267\" data-end=\"1366\">Resultatet: musik av h\u00f6gre kvalitet, levererad effektivt, utan att kompromissa med den konstn\u00e4rliga kontrollen.<\/p><h4 data-section-id=\"u4dr43\" data-start=\"1368\" data-end=\"1398\">Professionell ljudkvalitet<\/h4><p data-start=\"1400\" data-end=\"1471\">Varje sp\u00e5r mixas och mastras professionellt enligt branschstandard:<\/p><ul data-start=\"1472\" data-end=\"1529\"><li data-section-id=\"lf88k\" data-start=\"1472\" data-end=\"1500\">Integrerad LUFS: ~12<\/li><li data-section-id=\"1xy6v74\" data-start=\"1501\" data-end=\"1529\">Korttids-LUFS: ~10<\/li><\/ul><p data-start=\"1531\" data-end=\"1615\">Detta s\u00e4kerst\u00e4ller att er musik l\u00e5ter kraftfull, tydlig och konsekvent p\u00e5 alla plattformar.<\/p><h4 data-section-id=\"nq0mmo\" data-start=\"1617\" data-end=\"1645\">Varf\u00f6r v\u00e4lja skr\u00e4ddarsydd musik?<\/h4><ul data-start=\"1647\" data-end=\"1849\"><li data-section-id=\"sf6ua5\" data-start=\"1647\" data-end=\"1693\">100 % unik \u2013 inget stockmaterial eller \u00e5teranv\u00e4nt inneh\u00e5ll<\/li><li data-section-id=\"vuf1xl\" data-start=\"1694\" data-end=\"1746\">Helt i linje med er vision eller varum\u00e4rkesidentitet<\/li><li data-section-id=\"1mos9vp\" data-start=\"1747\" data-end=\"1784\">Flexibel \u00f6ver genrer och stilar<\/li><li data-section-id=\"1c7ouvu\" data-start=\"1785\" data-end=\"1849\">L\u00e4mplig f\u00f6r kommersiellt bruk, marknadsf\u00f6ring eller personliga projekt<\/li><\/ul>\t\t\t\t\t\t\t\t<\/div>\n\t\t\t\t<\/div>\n\t\t<div class=\"elementor-element elementor-element-435755d e-con-full e-flex e-con e-child\" data-id=\"435755d\" data-element_type=\"container\" data-e-type=\"container\">\n\t\t\t\t<div class=\"elementor-element elementor-element-625eccd elementor-grid-1 elementor-product-loop-item--align-center elementor-grid-tablet-3 elementor-grid-mobile-2 elementor-products-grid elementor-wc-products elementor-widget elementor-widget-woocommerce-products\" data-id=\"625eccd\" data-element_type=\"widget\" data-e-type=\"widget\" data-widget_type=\"woocommerce-products.default\">\n\t\t\t\t<div class=\"elementor-widget-container\">\n\t\t\t\t\t<div class=\"woocommerce columns-1 \"><ul class=\"products elementor-grid columns-1\">\n<li class=\"product type-product post-8202 status-publish first instock product_cat-okategoriserad-2 has-post-thumbnail taxable shipping-taxable purchasable product-type-simple\">\n\t<a href=\"https:\/\/audiowo.com\/sv\/produkt\/skraddarsytt-musikspar\/\" class=\"woocommerce-LoopProduct-link woocommerce-loop-product__link\"><img fetchpriority=\"high\" decoding=\"async\" width=\"300\" height=\"300\" src=\"https:\/\/audiowo.com\/wp-content\/uploads\/2026\/04\/Custom-made-music-track-Audiowo-Don-Fidelis-300x300.webp\" class=\"attachment-woocommerce_thumbnail size-woocommerce_thumbnail\" alt=\"Custom made music track - Audiowo - Don Fidelis\" srcset=\"https:\/\/audiowo.com\/wp-content\/uploads\/2026\/04\/Custom-made-music-track-Audiowo-Don-Fidelis-300x300.webp 300w, https:\/\/audiowo.com\/wp-content\/uploads\/2026\/04\/Custom-made-music-track-Audiowo-Don-Fidelis-150x150.webp 150w, https:\/\/audiowo.com\/wp-content\/uploads\/2026\/04\/Custom-made-music-track-Audiowo-Don-Fidelis-768x768.webp 768w, https:\/\/audiowo.com\/wp-content\/uploads\/2026\/04\/Custom-made-music-track-Audiowo-Don-Fidelis-600x600.webp 600w, https:\/\/audiowo.com\/wp-content\/uploads\/2026\/04\/Custom-made-music-track-Audiowo-Don-Fidelis-100x100.webp 100w, https:\/\/audiowo.com\/wp-content\/uploads\/2026\/04\/Custom-made-music-track-Audiowo-Don-Fidelis.webp 800w\" sizes=\"(max-width: 300px) 100vw, 300px\" \/><h2 class=\"woocommerce-loop-product__title\">Skr\u00e4ddarsytt musiksp\u00e5r<\/h2>\n\t<span class=\"price\"><span class=\"woocommerce-Price-amount amount\"><bdi>300,00&nbsp;<span class=\"woocommerce-Price-currencySymbol\">&euro;<\/span><\/bdi><\/span><\/span>\n<\/a><a href=\"\/sv\/wp-json\/wp\/v2\/pages\/7961?add-to-cart=8202\" aria-describedby=\"woocommerce_loop_add_to_cart_link_describedby_8202\" data-quantity=\"1\" class=\"button product_type_simple add_to_cart_button ajax_add_to_cart\" data-product_id=\"8202\" data-product_sku=\"\" aria-label=\"L\u00e4gg till i varukorgen: \u201dSkr\u00e4ddarsytt musiksp\u00e5r\u201d\" rel=\"nofollow\" data-success_message=\"\u201dSkr\u00e4ddarsytt musiksp\u00e5r\u201d har lagts i er varukorg\" role=\"button\">L\u00e4gg till i varukorg<\/a>\t<span id=\"woocommerce_loop_add_to_cart_link_describedby_8202\" class=\"screen-reader-text\">\n\t\t\t<\/span>\n<\/li>\n<\/ul>\n<\/div>\t\t\t\t<\/div>\n\t\t\t\t<\/div>\n\t\t\t\t<\/div>\n\t\t\t\t\t<\/div>\n\t\t\t\t<\/div>\n\t\t\t\t<\/div>\n\t\t","protected":false},"excerpt":{"rendered":"<p>Skr\u00e4ddarsydda musiksp\u00e5r Anpassat efter er vision och ert varum\u00e4rke Skr\u00e4ddarsydd musik S\u00f6ker ni ett unikt musiksp\u00e5r som passar er id\u00e9, ert varum\u00e4rke eller ert projekt perfekt? Hos Audiowo skapas varje sp\u00e5r fr\u00e5n grunden av ghost-producern Don Fidelis, vilket garanterar originalitet, kvalitet och ett ljud som verkligen sticker ut. Oavsett om ni beh\u00f6ver: En specifik genre [&hellip;]<\/p>\n","protected":false},"author":1,"featured_media":0,"parent":0,"menu_order":0,"comment_status":"closed","ping_status":"closed","template":"elementor_header_footer","meta":{"_acf_changed":false,"footnotes":""},"class_list":["post-7961","page","type-page","status-publish","hentry"],"acf":[],"_links":{"self":[{"href":"https:\/\/audiowo.com\/sv\/wp-json\/wp\/v2\/pages\/7961","targetHints":{"allow":["GET"]}}],"collection":[{"href":"https:\/\/audiowo.com\/sv\/wp-json\/wp\/v2\/pages"}],"about":[{"href":"https:\/\/audiowo.com\/sv\/wp-json\/wp\/v2\/types\/page"}],"author":[{"embeddable":true,"href":"https:\/\/audiowo.com\/sv\/wp-json\/wp\/v2\/users\/1"}],"replies":[{"embeddable":true,"href":"https:\/\/audiowo.com\/sv\/wp-json\/wp\/v2\/comments?post=7961"}],"version-history":[{"count":0,"href":"https:\/\/audiowo.com\/sv\/wp-json\/wp\/v2\/pages\/7961\/revisions"}],"wp:attachment":[{"href":"https:\/\/audiowo.com\/sv\/wp-json\/wp\/v2\/media?parent=7961"}],"curies":[{"name":"wp","href":"https:\/\/api.w.org\/{rel}","templated":true}]}}