{"id":8202,"date":"2026-04-08T13:21:53","date_gmt":"2026-04-08T11:21:53","guid":{"rendered":"https:\/\/audiowo.com\/product\/skraddarsytt-musikspar\/"},"modified":"2026-04-08T13:21:53","modified_gmt":"2026-04-08T11:21:53","slug":"skraddarsytt-musikspar","status":"publish","type":"product","link":"https:\/\/audiowo.com\/sv\/produkt\/skraddarsytt-musikspar\/","title":{"rendered":"Skr\u00e4ddarsytt musiksp\u00e5r"},"content":{"rendered":"<h3 data-section-id=\"kzbvll\" data-start=\"837\" data-end=\"853\">Detta ing\u00e5r<\/h3>\n<ul data-start=\"855\" data-end=\"1086\">\n<li data-section-id=\"1eu2wei\" data-start=\"855\" data-end=\"890\">\u2714 Skr\u00e4ddarsytt sp\u00e5r i <strong data-start=\"875\" data-end=\"888\">valfri genre<\/strong><\/li>\n<li data-section-id=\"1ds2gtc\" data-start=\"891\" data-end=\"945\">\u2714 <strong data-start=\"895\" data-end=\"926\">Instrumentalt eller med s\u00e5ng<\/strong> (manlig eller kvinnlig)<\/li>\n<li data-section-id=\"3jg2wi\" data-start=\"946\" data-end=\"980\">\u2714 <strong data-start=\"950\" data-end=\"978\">100&nbsp;% originalproduktion<\/strong><\/li>\n<li data-section-id=\"1t5qaaa\" data-start=\"981\" data-end=\"1017\">\u2714 <strong data-start=\"985\" data-end=\"1015\">4 revideringsrundor ing\u00e5r<\/strong><\/li>\n<li data-section-id=\"ctp5tw\" data-start=\"1018\" data-end=\"1055\">\u2714 Professionellt mixat &amp; mastrat<\/li>\n<li data-section-id=\"1w42kxf\" data-start=\"1056\" data-end=\"1086\">\u2714 Redo f\u00f6r kommersiell anv\u00e4ndning<\/li>\n<\/ul>\n<h3 data-section-id=\"1va2ym6\" data-start=\"1093\" data-end=\"1113\">Text &amp; koncept<\/h3>\n<p data-start=\"1115\" data-end=\"1145\">Om ert sp\u00e5r inneh\u00e5ller s\u00e5ng:<\/p>\n<ul data-start=\"1146\" data-end=\"1325\">\n<li data-section-id=\"1ucixgt\" data-start=\"1146\" data-end=\"1202\">Texten <strong data-start=\"1152\" data-end=\"1200\">diskuteras och godk\u00e4nns i f\u00f6rv\u00e4g<\/strong><\/li>\n<li data-section-id=\"1wc8nft\" data-start=\"1203\" data-end=\"1266\">Ni kan bidra med egen text eller samarbeta kring konceptet<\/li>\n<li data-section-id=\"1uvj11k\" data-start=\"1267\" data-end=\"1325\">Den slutliga inriktningen ligger alltid i linje med er vision<\/li>\n<\/ul>\n<h3 data-section-id=\"ixpo5k\" data-start=\"1332\" data-end=\"1354\">Produktionskvalitet<\/h3>\n<p data-start=\"1356\" data-end=\"1415\">Alla sp\u00e5r levereras med professionella ljudstandarder:<\/p>\n<ul data-start=\"1416\" data-end=\"1473\">\n<li data-section-id=\"lf88k\" data-start=\"1416\" data-end=\"1444\"><strong data-start=\"1418\" data-end=\"1438\">Integrerad LUFS:<\/strong> ~12<\/li>\n<li data-section-id=\"1xy6v74\" data-start=\"1445\" data-end=\"1473\"><strong data-start=\"1447\" data-end=\"1467\">Korttids-LUFS:<\/strong> ~10<\/li>\n<\/ul>\n<p data-start=\"1475\" data-end=\"1531\">Optimerat f\u00f6r streamingplattformar, annonser och digital anv\u00e4ndning.<\/p>\n<h3 data-section-id=\"o1tr05\" data-start=\"1538\" data-end=\"1550\">Arbetsfl\u00f6de<\/h3>\n<ol data-start=\"1552\" data-end=\"1750\">\n<li data-section-id=\"46qe72\" data-start=\"1552\" data-end=\"1573\">L\u00e4gg er best\u00e4llning<\/li>\n<li data-section-id=\"4dsk2w\" data-start=\"1574\" data-end=\"1617\">Dela er id\u00e9, stil och referenser<\/li>\n<li data-section-id=\"gwf447\" data-start=\"1618\" data-end=\"1653\">Bekr\u00e4fta text (om till\u00e4mpligt)<\/li>\n<li data-section-id=\"1i86ysv\" data-start=\"1654\" data-end=\"1676\">Produktionen startar<\/li>\n<li data-section-id=\"1na1y2n\" data-start=\"1677\" data-end=\"1697\">Ta emot f\u00f6rhandslyssning<\/li>\n<li data-section-id=\"sgvehz\" data-start=\"1698\" data-end=\"1730\">Beg\u00e4r revideringar (upp till 4)<\/li>\n<li data-section-id=\"1j7cqp8\" data-start=\"1731\" data-end=\"1750\">Slutleverans<\/li>\n<\/ol>\n<h3 data-section-id=\"1xnjjts\" data-start=\"1757\" data-end=\"1783\">Varf\u00f6r v\u00e4lja Don Fidelis och Audiowo.com<\/h3>\n<ul data-start=\"1785\" data-end=\"1942\">\n<li data-section-id=\"14y3yxp\" data-start=\"1785\" data-end=\"1815\">Erfaren ghost producer i 20 \u00e5r<\/li>\n<li data-section-id=\"1wa8isb\" data-start=\"1816\" data-end=\"1863\">Arbetar med <strong data-start=\"1829\" data-end=\"1861\">AI-f\u00f6rst\u00e4rkta produktionsverktyg<\/strong><\/li>\n<li data-section-id=\"167q9o4\" data-start=\"1864\" data-end=\"1905\">Snabb leverans med h\u00f6g konsekvens<\/li>\n<li data-section-id=\"a59152\" data-start=\"1906\" data-end=\"1942\">Flexibel inom alla musikstilar<\/li>\n<\/ul>\n<h3 data-section-id=\"1x5ej4z\" data-start=\"1949\" data-end=\"1968\">Viktiga noteringar<\/h3>\n<ul data-start=\"1970\" data-end=\"2116\">\n<li data-section-id=\"sd09u1\" data-start=\"1970\" data-end=\"2009\">Leveranstiden beror p\u00e5 komplexitet<\/li>\n<li data-section-id=\"vs6f81\" data-start=\"2010\" data-end=\"2060\">Tydliga instruktioner = b\u00e4ttre och snabbare resultat<\/li>\n<li data-section-id=\"1b3kjq6\" data-start=\"2061\" data-end=\"2116\">Extra revideringar kan vara tillg\u00e4ngliga mot en extra kostnad<\/li>\n<\/ul>\n","protected":false},"excerpt":{"rendered":"<h3 data-section-id=\"77bgn1\" data-start=\"439\" data-end=\"492\">Skr\u00e4ddarsytt musiksp\u00e5r \u2013 helt anpassat efter era behov<\/h3>\n<p data-start=\"494\" data-end=\"694\">Best\u00e4ll ett <strong data-start=\"502\" data-end=\"548\">professionellt producerat skr\u00e4ddarsytt musiksp\u00e5r<\/strong> till ett fast pris p\u00e5 <strong data-start=\"570\" data-end=\"578\">300&nbsp;\u20ac<\/strong>. Skapat av ghost producern <strong data-start=\"606\" data-end=\"621\">Don Fidelis<\/strong> byggs varje sp\u00e5r fr\u00e5n grunden utifr\u00e5n era id\u00e9er, m\u00e5l och er stil. <\/p>\n<p data-start=\"696\" data-end=\"709\">Passar f\u00f6r:<\/p>\n<ul data-start=\"710\" data-end=\"830\">\n<li data-section-id=\"pauozy\" data-start=\"710\" data-end=\"733\">Artister och s\u00e5ngare<\/li>\n<li data-section-id=\"1avaya0\" data-start=\"734\" data-end=\"761\">F\u00f6retag och varum\u00e4rkesbyggande<\/li>\n<li data-section-id=\"w7ijlb\" data-start=\"762\" data-end=\"796\">YouTube, annonser och sociala medier<\/li>\n<li data-section-id=\"1xa11m8\" data-start=\"797\" data-end=\"830\">Personliga eller kreativa projekt<\/li>\n<\/ul>\n","protected":false},"featured_media":5292,"comment_status":"closed","ping_status":"closed","template":"","meta":{"_acf_changed":false},"product_brand":[],"product_cat":[220],"product_tag":[],"class_list":{"0":"post-8202","1":"product","2":"type-product","3":"status-publish","4":"has-post-thumbnail","6":"product_cat-okategoriserad-2","8":"first","9":"instock","10":"taxable","11":"shipping-taxable","12":"purchasable","13":"product-type-simple"},"acf":[],"_links":{"self":[{"href":"https:\/\/audiowo.com\/sv\/wp-json\/wp\/v2\/product\/8202","targetHints":{"allow":["GET"]}}],"collection":[{"href":"https:\/\/audiowo.com\/sv\/wp-json\/wp\/v2\/product"}],"about":[{"href":"https:\/\/audiowo.com\/sv\/wp-json\/wp\/v2\/types\/product"}],"replies":[{"embeddable":true,"href":"https:\/\/audiowo.com\/sv\/wp-json\/wp\/v2\/comments?post=8202"}],"version-history":[{"count":0,"href":"https:\/\/audiowo.com\/sv\/wp-json\/wp\/v2\/product\/8202\/revisions"}],"wp:featuredmedia":[{"embeddable":true,"href":"https:\/\/audiowo.com\/sv\/wp-json\/wp\/v2\/media\/5292"}],"wp:attachment":[{"href":"https:\/\/audiowo.com\/sv\/wp-json\/wp\/v2\/media?parent=8202"}],"wp:term":[{"taxonomy":"product_brand","embeddable":true,"href":"https:\/\/audiowo.com\/sv\/wp-json\/wp\/v2\/product_brand?post=8202"},{"taxonomy":"product_cat","embeddable":true,"href":"https:\/\/audiowo.com\/sv\/wp-json\/wp\/v2\/product_cat?post=8202"},{"taxonomy":"product_tag","embeddable":true,"href":"https:\/\/audiowo.com\/sv\/wp-json\/wp\/v2\/product_tag?post=8202"}],"curies":[{"name":"wp","href":"https:\/\/api.w.org\/{rel}","templated":true}]}}