{"id":8220,"date":"2026-03-24T16:24:49","date_gmt":"2026-03-24T15:24:49","guid":{"rendered":"https:\/\/audiowo.com\/product\/sandningslicens-obegransad-musik\/"},"modified":"2026-03-24T16:24:49","modified_gmt":"2026-03-24T15:24:49","slug":"sandningslicens-obegransad-musik","status":"publish","type":"product","link":"https:\/\/audiowo.com\/sv\/produkt\/sandningslicens-obegransad-musik\/","title":{"rendered":"S\u00e4ndningslicens obegr\u00e4nsad musik"},"content":{"rendered":"<p>S\u00e4ndningslicensen \u00e4r utformad f\u00f6r professionella produktioner inklusive tv, film, radio och storskaliga medieprojekt.<\/p>\n<p>F\u00e5 tillg\u00e5ng till musik av premiumkvalitet l\u00e4mplig f\u00f6r filmiskt, s\u00e4ndnings- och kommersiellt bruk, med fullst\u00e4ndig tydlighet och flexibilitet i licensieringen.<\/p>\n<p>\u2714 Anv\u00e4ndning i tv-, film- och radioproduktioner<br \/>\n\u2714 Professionella sp\u00e5r av h\u00f6g kvalitet<br \/>\n\u2714 L\u00e4mplig f\u00f6r kommersiell distribution<br \/>\n\u2714 P\u00e5litlig och tydlig licensiering<\/p>\n<p>En komplett l\u00f6sning f\u00f6r producenter, byr\u00e5er och programf\u00f6retag.<\/p>\n","protected":false},"excerpt":{"rendered":"<p>Professionell musik f\u00f6r tv, film och radio. H\u00f6gkvalitativa sp\u00e5r med tydlig licensiering f\u00f6r s\u00e4ndningsbruk. <\/p>\n","protected":false},"featured_media":364,"comment_status":"closed","ping_status":"closed","template":"","meta":{"_acf_changed":false},"product_brand":[],"product_cat":[111],"product_tag":[],"class_list":{"0":"post-8220","1":"product","2":"type-product","3":"status-publish","4":"has-post-thumbnail","6":"product_cat-okategoriserad","8":"first","9":"instock","10":"taxable","11":"shipping-taxable","12":"purchasable","13":"product-type-subscription"},"acf":[],"_links":{"self":[{"href":"https:\/\/audiowo.com\/sv\/wp-json\/wp\/v2\/product\/8220","targetHints":{"allow":["GET"]}}],"collection":[{"href":"https:\/\/audiowo.com\/sv\/wp-json\/wp\/v2\/product"}],"about":[{"href":"https:\/\/audiowo.com\/sv\/wp-json\/wp\/v2\/types\/product"}],"replies":[{"embeddable":true,"href":"https:\/\/audiowo.com\/sv\/wp-json\/wp\/v2\/comments?post=8220"}],"version-history":[{"count":0,"href":"https:\/\/audiowo.com\/sv\/wp-json\/wp\/v2\/product\/8220\/revisions"}],"wp:featuredmedia":[{"embeddable":true,"href":"https:\/\/audiowo.com\/sv\/wp-json\/wp\/v2\/media\/364"}],"wp:attachment":[{"href":"https:\/\/audiowo.com\/sv\/wp-json\/wp\/v2\/media?parent=8220"}],"wp:term":[{"taxonomy":"product_brand","embeddable":true,"href":"https:\/\/audiowo.com\/sv\/wp-json\/wp\/v2\/product_brand?post=8220"},{"taxonomy":"product_cat","embeddable":true,"href":"https:\/\/audiowo.com\/sv\/wp-json\/wp\/v2\/product_cat?post=8220"},{"taxonomy":"product_tag","embeddable":true,"href":"https:\/\/audiowo.com\/sv\/wp-json\/wp\/v2\/product_tag?post=8220"}],"curies":[{"name":"wp","href":"https:\/\/api.w.org\/{rel}","templated":true}]}}