{"id":8248,"date":"2026-03-24T16:23:54","date_gmt":"2026-03-24T15:23:54","guid":{"rendered":"https:\/\/audiowo.com\/product\/creator-licens-obegransad-musik\/"},"modified":"2026-03-24T16:23:54","modified_gmt":"2026-03-24T15:23:54","slug":"creator-licens-obegransad-musik","status":"publish","type":"product","link":"https:\/\/audiowo.com\/sv\/produkt\/creator-licens-obegransad-musik\/","title":{"rendered":"Creator-licens Obegr\u00e4nsad musik"},"content":{"rendered":"<p>Creator-licensen \u00e4r utformad f\u00f6r inneh\u00e5llsskapare som beh\u00f6ver h\u00f6gkvalitativ, upphovsr\u00e4ttss\u00e4ker musik f\u00f6r videor och onlineplattformar.<\/p>\n<p>Perfekt f\u00f6r YouTube, sociala medier, poddar och kommersiellt videoinneh\u00e5ll \u2013 denna licens s\u00e4kerst\u00e4ller att era projekt f\u00f6rblir skyddade samtidigt som de l\u00e5ter professionella.<\/p>\n<p>\u2714 Anv\u00e4nd i YouTube- och sociala medier-videor<br \/>\n\u2714 Int\u00e4ktsv\u00e4nlig musik<br \/>\n\u2714 Inga upphovsr\u00e4ttsanspr\u00e5k<br \/>\n\u2714 Ladda ner och integrera direkt<\/p>\n<p>Fokusera p\u00e5 att skapa \u2013 vi tar hand om musiklicentieringen.<\/p>\n","protected":false},"excerpt":{"rendered":"<p>Upphovsr\u00e4ttss\u00e4ker musik f\u00f6r YouTube, sociala medier och videoskapare. Int\u00e4ktsanpassa utan bekymmer. <\/p>\n","protected":false},"featured_media":354,"comment_status":"closed","ping_status":"closed","template":"","meta":{"_acf_changed":false},"product_brand":[],"product_cat":[111],"product_tag":[],"class_list":{"0":"post-8248","1":"product","2":"type-product","3":"status-publish","4":"has-post-thumbnail","6":"product_cat-okategoriserad","8":"first","9":"instock","10":"taxable","11":"shipping-taxable","12":"purchasable","13":"product-type-subscription"},"acf":[],"_links":{"self":[{"href":"https:\/\/audiowo.com\/sv\/wp-json\/wp\/v2\/product\/8248","targetHints":{"allow":["GET"]}}],"collection":[{"href":"https:\/\/audiowo.com\/sv\/wp-json\/wp\/v2\/product"}],"about":[{"href":"https:\/\/audiowo.com\/sv\/wp-json\/wp\/v2\/types\/product"}],"replies":[{"embeddable":true,"href":"https:\/\/audiowo.com\/sv\/wp-json\/wp\/v2\/comments?post=8248"}],"version-history":[{"count":0,"href":"https:\/\/audiowo.com\/sv\/wp-json\/wp\/v2\/product\/8248\/revisions"}],"wp:featuredmedia":[{"embeddable":true,"href":"https:\/\/audiowo.com\/sv\/wp-json\/wp\/v2\/media\/354"}],"wp:attachment":[{"href":"https:\/\/audiowo.com\/sv\/wp-json\/wp\/v2\/media?parent=8248"}],"wp:term":[{"taxonomy":"product_brand","embeddable":true,"href":"https:\/\/audiowo.com\/sv\/wp-json\/wp\/v2\/product_brand?post=8248"},{"taxonomy":"product_cat","embeddable":true,"href":"https:\/\/audiowo.com\/sv\/wp-json\/wp\/v2\/product_cat?post=8248"},{"taxonomy":"product_tag","embeddable":true,"href":"https:\/\/audiowo.com\/sv\/wp-json\/wp\/v2\/product_tag?post=8248"}],"curies":[{"name":"wp","href":"https:\/\/api.w.org\/{rel}","templated":true}]}}